{"id":14352,"date":"2019-04-16T15:00:21","date_gmt":"2019-04-16T12:00:21","guid":{"rendered":"https:\/\/www.elektradata.com\/?post_type=product&#038;p=14352"},"modified":"2019-04-16T15:19:08","modified_gmt":"2019-04-16T12:19:08","slug":"cisco-catalyst-ws-c3850-48xs-f-s-48-sfp-4-qsfp-port-switch","status":"publish","type":"product","link":"https:\/\/www.elektradata.com\/en\/urun\/cisco-catalyst-ws-c3850-48xs-f-s-48-sfp-4-qsfp-port-switch\/","title":{"rendered":"Cisco Catalyst WS-C3850-48XS-F-S 48 SFP+ 4 QSFP+ Port Switch"},"content":{"rendered":"<p><\/p>\n<ul>\n<li><b>\u00dcr\u00fcn A\u00e7\u0131klamas\u0131<\/b>: Cisco 3850-48XS-F-S Catalyst 3850 Serisi Switch<\/li>\n<li><strong>\u00dcr\u00fcn Kodu<\/strong>: WS-C3850-48XS-F-S<\/li>\n<li><b>Cihaz Tipi<\/b>: Cisco Catalyst 3850 Serisi\u00a048-Port\u00a0 SFP+ ve\u00a04 port QSFP+,\u00a0750WAC arkadan \u00f6ne do\u011fru hava ak\u0131\u015fl\u0131 power supply,\u00a0IP Base \u00f6zellikleri<\/li>\n<li><strong>Muhafaza Bi\u00e7imi<\/strong>: Rafa monte 1U, Desktop<\/li>\n<li><strong>Performans Kapasitesi<\/strong>: 909 Gbps switching kapasitesi<\/li>\n<li><b>\u00d6zellikler:<\/b> 48 adet1\/10G SFP+ ve\u00a04 adet\u00a0QSFP+ port, 750WAC power supply (arkadan \u00f6ne do\u011fru so\u011futmal\u0131), USB 2.0 ve USB 3.0 port, 32000 MAC adres kapasitesi, 4000 VLAN kapasitesi, 1000 SVI kapasitesi, RIP-1, RIP-2, EIGRP, RIPng, SNMP 1, RMON 1, RMON 2, Telnet, SNMP 3, SNMP 2c, SSH, CLI, ACL, LACP, MLD snooping, MSTP, PAgP, QoS, RADIUS deste\u011fi, PVRST+, RSTP deste\u011fi, RSPAN, TFTP, UDLD, VRF-Lite, auto-negotiation, auto-uplink, Dynamic ARP Inspection (DAI), IPv6, Dynamic Trunking Protocol (DTP) deste\u011fi, DHCP Snooping, Flexible NetFlow (FNF), IGMP snooping, Energy Efficient Ethernet<\/li>\n<\/ul>\n<p><\/p>","protected":false},"excerpt":{"rendered":"<p>\u00dcr\u00fcn A\u00e7\u0131klamas\u0131: Cisco 3850-48XS-F-S Catalyst 3850 Serisi Switch \u00dcr\u00fcn Kodu: WS-C3850-48XS-F-S Cihaz Tipi: [&hellip;]<\/p>\n","protected":false},"featured_media":14353,"comment_status":"open","ping_status":"closed","template":"","meta":{"_monsterinsights_skip_tracking":false,"_monsterinsights_sitenote_active":false,"_monsterinsights_sitenote_note":"","_monsterinsights_sitenote_category":0},"aioseo_notices":[],"_links":{"self":[{"href":"https:\/\/www.elektradata.com\/en\/wp-json\/wp\/v2\/product\/14352"}],"collection":[{"href":"https:\/\/www.elektradata.com\/en\/wp-json\/wp\/v2\/product"}],"about":[{"href":"https:\/\/www.elektradata.com\/en\/wp-json\/wp\/v2\/types\/product"}],"replies":[{"embeddable":true,"href":"https:\/\/www.elektradata.com\/en\/wp-json\/wp\/v2\/comments?post=14352"}],"wp:featuredmedia":[{"embeddable":true,"href":"https:\/\/www.elektradata.com\/en\/wp-json\/wp\/v2\/media\/14353"}],"wp:attachment":[{"href":"https:\/\/www.elektradata.com\/en\/wp-json\/wp\/v2\/media?parent=14352"}],"curies":[{"name":"wp","href":"https:\/\/api.w.org\/{rel}","templated":true}]}}