{"id":14348,"date":"2019-04-16T11:53:30","date_gmt":"2019-04-16T08:53:30","guid":{"rendered":"https:\/\/www.elektradata.com\/?post_type=product&#038;p=14348"},"modified":"2019-04-16T12:03:19","modified_gmt":"2019-04-16T09:03:19","slug":"cisco-catalyst-ws-c3850-24s-e-24-port-sfp-switch","status":"publish","type":"product","link":"https:\/\/www.elektradata.com\/en\/urun\/cisco-catalyst-ws-c3850-24s-e-24-port-sfp-switch\/","title":{"rendered":"Cisco Catalyst WS-C3850-24S-E 24-port SFP Switch"},"content":{"rendered":"<ul>\n<li><b>\u00dcr\u00fcn A\u00e7\u0131klamas\u0131<\/b>: Cisco 3850-24S-E 24-port SFP Ethernet 3850 Serisi Switch \u2013 IP Services \u00f6zellik seti<\/li>\n<li><strong>\u00dcr\u00fcn Kodu<\/strong>: WS-C3850-24S-E, PWR-C1-350WAC= (power supply)<\/li>\n<li><b>Cihaz Tipi<\/b>: Switch \u2013 24 port \u2013 L3 \u2013 managed\/y\u00f6netilebilir \u2013 istiflenebilir\/stackable \u2013 hot swap mod\u00fcl deste\u011fi \u2013 mod\u00fcler fan ve g\u00fc\u00e7 kayna\u011f\u0131<\/li>\n<li><strong>Muhafaza Bi\u00e7imi<\/strong>: Rafa monte 1U, Desktop<\/li>\n<li><b>Ba\u011flant\u0131 Noktalar\u0131<\/b>: 24 x 1-Gigabit Ethernet SFP<\/li>\n<li><strong>Performans Kapasitesi<\/strong>: 92 Gbps Switching Kapasitesi, 68.4\u00a0Mbps Forwarding kapasitesi, 480 Gbps istifleme kapasitesi, 32K MAC adres tablosu<\/li>\n<li><b>\u00d6zellikler:<\/b>\u00a0350 WAC g\u00fc\u00e7 kayna\u011f\u0131, yedekli g\u00fc\u00e7 kayna\u011f\u0131 deste\u011fi (opsiyonel), SFP uplink mod\u00fcler a\u011f kart\u0131 deste\u011fi, Access Control List (ACL) deste\u011fi, ARP deste\u011fi, Cisco StackPower teknolojisi, Cisco StackWise-480 teknolojisi, DHCP snooping, Dynamic ARP Inspection (DAI), Jumbo Frames deste\u011fi, \u00a0IPv4 deste\u011fi, IPv6 deste\u011fi, Dynamic Trunking Protocol (DTP) deste\u011fi, Energy Efficient Ethernet, Flexible NetFlow (FNF), IGMP snooping, Layer 3 y\u00fck dengeleme, Link Aggregation Control Protocol (LACP), MLD snooping , Multiple Spanning Tree Protocol (MSTP) deste\u011fi, Port Aggregation Protocol (PAgP) deste\u011fi, Quality of Service (QoS) , RADIUS deste\u011fi, Rapid Per-VLAN Spanning Tree Plus (PVRST+), Rapid Spanning Tree Protocol (RSTP) deste\u011fi, Remote Switch Port Analyzer (RSPAN), Shaped Round Robin (SRR), STP Root Guard, Syslog deste\u011fi, Trivial File Transfer Protocol (TFTP) deste\u011fi, , Uni-Directional Link Detection (UDLD), VLAN deste\u011fi, Trunking, layer 2 switching, layer 3 switching,\u00a0Embedded Event Manager (EEM),\u00a0Port security, RPS support, VTPv2, CDPv2,\u00a0 VRF-Lite<\/li>\n<\/ul>\n","protected":false},"excerpt":{"rendered":"<p>\u00dcr\u00fcn A\u00e7\u0131klamas\u0131: Cisco 3850-24S-E 24-port SFP Ethernet 3850 Serisi Switch \u2013 IP Services [&hellip;]<\/p>\n","protected":false},"featured_media":14349,"comment_status":"open","ping_status":"closed","template":"","meta":{"_monsterinsights_skip_tracking":false,"_monsterinsights_sitenote_active":false,"_monsterinsights_sitenote_note":"","_monsterinsights_sitenote_category":0},"aioseo_notices":[],"_links":{"self":[{"href":"https:\/\/www.elektradata.com\/en\/wp-json\/wp\/v2\/product\/14348"}],"collection":[{"href":"https:\/\/www.elektradata.com\/en\/wp-json\/wp\/v2\/product"}],"about":[{"href":"https:\/\/www.elektradata.com\/en\/wp-json\/wp\/v2\/types\/product"}],"replies":[{"embeddable":true,"href":"https:\/\/www.elektradata.com\/en\/wp-json\/wp\/v2\/comments?post=14348"}],"wp:featuredmedia":[{"embeddable":true,"href":"https:\/\/www.elektradata.com\/en\/wp-json\/wp\/v2\/media\/14349"}],"wp:attachment":[{"href":"https:\/\/www.elektradata.com\/en\/wp-json\/wp\/v2\/media?parent=14348"}],"curies":[{"name":"wp","href":"https:\/\/api.w.org\/{rel}","templated":true}]}}