{"id":14315,"date":"2018-04-30T15:50:48","date_gmt":"2018-04-30T12:50:48","guid":{"rendered":"https:\/\/www.elektradata.com\/?post_type=product&#038;p=14315"},"modified":"2018-04-30T16:09:34","modified_gmt":"2018-04-30T13:09:34","slug":"cisco-sfp-10g-lr-10gbase-lr-sfp-transceiver","status":"publish","type":"product","link":"https:\/\/www.elektradata.com\/en\/urun\/cisco-sfp-10g-lr-10gbase-lr-sfp-transceiver\/","title":{"rendered":"Cisco SFP-10G-LR 10GBase-LR SFP+ Transceiver"},"content":{"rendered":"<p><\/p>\n<ul>\n<li><b>Item Description<\/b>: Cisco 10GBase-LR SFP+ Transceiver<\/li>\n<li><b>Part Number<\/b>:\u00a0SFP-10G-LR<\/li>\n<li><b>Type<\/b>: SFP+ Transceiver<\/li>\n<li><b>Technical Specifications<\/b>:\n<ul>\n<li>Cisco 10GBASE-LR Ethernet SFP+<\/li>\n<li>10Gbps ile 10 km&#8217;ye kadar iletim<\/li>\n<li>1310nm wavelength<\/li>\n<li>0\u00b0 &#8211; 70\u00b0C aras\u0131 \u00e7al\u0131\u015fma s\u0131cakl\u0131\u011f\u0131<\/li>\n<li>SFF-8724 Digital optical monitoring<\/li>\n<li>SFP+ LC portlar\u0131 i\u00e7in Hot-swappable \u00f6zelli\u011fi<\/li>\n<li>SFP MSA &amp; IEEE 802.3ae<\/li>\n<\/ul>\n<\/li>\n<\/ul>\n<p><\/p>","protected":false},"excerpt":{"rendered":"<p>Item Description: Cisco 10GBase-LR SFP+ Transceiver Part Number:\u00a0SFP-10G-LR Type: SFP+ Transceiver Technical Specifications: [&hellip;]<\/p>\n","protected":false},"featured_media":14316,"comment_status":"open","ping_status":"closed","template":"","meta":{"_monsterinsights_skip_tracking":false,"_monsterinsights_sitenote_active":false,"_monsterinsights_sitenote_note":"","_monsterinsights_sitenote_category":0},"aioseo_notices":[],"_links":{"self":[{"href":"https:\/\/www.elektradata.com\/en\/wp-json\/wp\/v2\/product\/14315"}],"collection":[{"href":"https:\/\/www.elektradata.com\/en\/wp-json\/wp\/v2\/product"}],"about":[{"href":"https:\/\/www.elektradata.com\/en\/wp-json\/wp\/v2\/types\/product"}],"replies":[{"embeddable":true,"href":"https:\/\/www.elektradata.com\/en\/wp-json\/wp\/v2\/comments?post=14315"}],"wp:featuredmedia":[{"embeddable":true,"href":"https:\/\/www.elektradata.com\/en\/wp-json\/wp\/v2\/media\/14316"}],"wp:attachment":[{"href":"https:\/\/www.elektradata.com\/en\/wp-json\/wp\/v2\/media?parent=14315"}],"curies":[{"name":"wp","href":"https:\/\/api.w.org\/{rel}","templated":true}]}}