{"id":14267,"date":"2018-04-05T15:57:20","date_gmt":"2018-04-05T12:57:20","guid":{"rendered":"https:\/\/www.elektradata.com\/?post_type=product&#038;p=14267"},"modified":"2018-04-05T16:19:17","modified_gmt":"2018-04-05T13:19:17","slug":"cisco-c3kx-nm-10g-catalyst-ag-modulu","status":"publish","type":"product","link":"https:\/\/www.elektradata.com\/en\/urun\/cisco-c3kx-nm-10g-catalyst-ag-modulu\/","title":{"rendered":"Cisco C3KX-NM-10G Catalyst A\u011f Mod\u00fcl\u00fc"},"content":{"rendered":"<p><\/p>\n<ul>\n<li><b>Item Description<\/b>: Cisco C3KX-NM-10G 3560x ve 3750x Series Switchler i\u00e7in 10Gb\/s Network Interface Module<\/li>\n<li><strong>Part Number<\/strong>: C3KX-NM-10G<\/li>\n<li><b>Type<\/b>: Network Interface Module<\/li>\n<li><b>Specifications:<\/b> 2 adet 10-Gigabit Ethernet SFP, 2 adet 1\/10-Gigabit Ethernet SFP\/SFP+ ba\u011flant\u0131s\u0131<\/li>\n<li><strong>Compatibility<\/strong>: Cisco 3560x\u00a0ve Cisco 3750x Catalyst Series Switchler<\/li>\n<\/ul>\n<p><\/p>","protected":false},"excerpt":{"rendered":"<p>Item Description: Cisco C3KX-NM-10G 3560x ve 3750x Series Switchler i\u00e7in 10Gb\/s Network Interface [&hellip;]<\/p>\n","protected":false},"featured_media":14268,"comment_status":"open","ping_status":"closed","template":"","meta":{"_monsterinsights_skip_tracking":false,"_monsterinsights_sitenote_active":false,"_monsterinsights_sitenote_note":"","_monsterinsights_sitenote_category":0},"aioseo_notices":[],"_links":{"self":[{"href":"https:\/\/www.elektradata.com\/en\/wp-json\/wp\/v2\/product\/14267"}],"collection":[{"href":"https:\/\/www.elektradata.com\/en\/wp-json\/wp\/v2\/product"}],"about":[{"href":"https:\/\/www.elektradata.com\/en\/wp-json\/wp\/v2\/types\/product"}],"replies":[{"embeddable":true,"href":"https:\/\/www.elektradata.com\/en\/wp-json\/wp\/v2\/comments?post=14267"}],"wp:featuredmedia":[{"embeddable":true,"href":"https:\/\/www.elektradata.com\/en\/wp-json\/wp\/v2\/media\/14268"}],"wp:attachment":[{"href":"https:\/\/www.elektradata.com\/en\/wp-json\/wp\/v2\/media?parent=14267"}],"curies":[{"name":"wp","href":"https:\/\/api.w.org\/{rel}","templated":true}]}}