{"id":14258,"date":"2018-04-04T12:13:53","date_gmt":"2018-04-04T09:13:53","guid":{"rendered":"https:\/\/www.elektradata.com\/?post_type=product&#038;p=14258"},"modified":"2018-04-04T12:49:04","modified_gmt":"2018-04-04T09:49:04","slug":"cisco-catalyst-ws-c3750v2-24ps-e-24x-10-100-mbps-poe-2x-gigabit-sfp-3750v2-switch","status":"publish","type":"product","link":"https:\/\/www.elektradata.com\/en\/urun\/cisco-catalyst-ws-c3750v2-24ps-e-24x-10-100-mbps-poe-2x-gigabit-sfp-3750v2-switch\/","title":{"rendered":"Cisco Catalyst WS-C3750V2-24PS-E 24x 10\/100Mbps PoE 2x Gigabit SFP 3750v2 Switch"},"content":{"rendered":"<ul>\n<li><b>\u00dcr\u00fcn A\u00e7\u0131klamas\u0131<\/b>: Cisco Catalyst 3750V2-24PS 24-port Gigabit Ethernet PoE+\u00a03750X Serisi Switch \u2013 IP\u00a0Services yaz\u0131l\u0131m\u0131<\/li>\n<li><strong>\u00dcr\u00fcn Kodu<\/strong>: WS-C3750V2-24PS-E, C3K-PWR-750WAC=,\u00a0C3K-PWR-1150WAC= (power supply)<\/li>\n<li><b>Cihaz Tipi<\/b>: Switch \u2013 24 port \u2013 L3 \u2013 managed\/y\u00f6netilebilir \u2013 istiflenebilir\/stackable \u2013\u00a0 mod\u00fcler fan ve g\u00fc\u00e7 kayna\u011f\u0131<\/li>\n<li><strong>Muhafaza Bi\u00e7imi<\/strong>: Rafa monte 1U, Desktop<\/li>\n<li><b>Ba\u011flant\u0131 Noktalar\u0131<\/b>: 24\u00a0x 10\/100 Fast Ethernet\u00a0PoE<\/li>\n<li><b>Ethernet \u00dczerinden G\u00fc\u00e7 (PoE)<\/b>: PoE (370W kapasite)<\/li>\n<li><strong>Performans Kapasitesi<\/strong>: 32 Gbps Switching Kapasitesi<\/li>\n<li><b>Teknik \u00d6zellikler<\/b>: 750-1150 WAC g\u00fc\u00e7 kayna\u011f\u0131, 2x Gigabit SFP uplink, Ethernet \u00fczerinden g\u00fc\u00e7 (PoE), Layer 3 switching, Layer 2 switching, DHCP deste\u011fi, auto-negotiation, ARP deste\u011fi, trunking, VLAN deste\u011fi, auto-uplink (auto MDI\/MDI-X), IGMPv3 snooping, Syslog deste\u011fi, traffic shaping, Broadcast Storm Control, High Availability, Multicast Storm Control, Unicast Storm Control, Rapid Spanning Tree Protocol (RSTP) deste\u011fi, DHCP snooping, Dynamic Trunking Protocol (DTP) deste\u011fi, Port Aggregation Protocol (PAgP) deste\u011fi, Eri\u015fim Kontrol Listesi (ACL) deste\u011fi, Quality of Service (QoS), Jumbo Frames deste\u011fi, MLD snooping, Dynamic ARP Inspection (DAI), Per-VLAN Spanning Tree Plus (PVST+), EIGRP Stub Routing<\/li>\n<\/ul>\n","protected":false},"excerpt":{"rendered":"<p>\u00dcr\u00fcn A\u00e7\u0131klamas\u0131: Cisco Catalyst 3750V2-24PS 24-port Gigabit Ethernet PoE+\u00a03750X Serisi Switch \u2013 IP\u00a0Services [&hellip;]<\/p>\n","protected":false},"featured_media":14262,"comment_status":"open","ping_status":"closed","template":"","meta":{"_monsterinsights_skip_tracking":false,"_monsterinsights_sitenote_active":false,"_monsterinsights_sitenote_note":"","_monsterinsights_sitenote_category":0},"aioseo_notices":[],"_links":{"self":[{"href":"https:\/\/www.elektradata.com\/en\/wp-json\/wp\/v2\/product\/14258"}],"collection":[{"href":"https:\/\/www.elektradata.com\/en\/wp-json\/wp\/v2\/product"}],"about":[{"href":"https:\/\/www.elektradata.com\/en\/wp-json\/wp\/v2\/types\/product"}],"replies":[{"embeddable":true,"href":"https:\/\/www.elektradata.com\/en\/wp-json\/wp\/v2\/comments?post=14258"}],"wp:featuredmedia":[{"embeddable":true,"href":"https:\/\/www.elektradata.com\/en\/wp-json\/wp\/v2\/media\/14262"}],"wp:attachment":[{"href":"https:\/\/www.elektradata.com\/en\/wp-json\/wp\/v2\/media?parent=14258"}],"curies":[{"name":"wp","href":"https:\/\/api.w.org\/{rel}","templated":true}]}}