{"id":14098,"date":"2017-06-22T11:19:49","date_gmt":"2017-06-22T11:19:49","guid":{"rendered":"https:\/\/www.elektradata.com\/?post_type=product&#038;p=14098"},"modified":"2017-08-05T20:10:27","modified_gmt":"2017-08-05T20:10:27","slug":"cisco-sg200-26-26-poert-gigabit-samll-business-switch","status":"publish","type":"product","link":"https:\/\/www.elektradata.com\/en\/urun\/cisco-sg200-26-26-poert-gigabit-samll-business-switch\/","title":{"rendered":"Cisco SG200-26 26-port Gigabit Small Business Switch"},"content":{"rendered":"<ul>\n<li><b>\u00dcr\u00fcn A\u00e7\u0131klamas\u0131<\/b>: Cisco Small Business SG200-26P Managed\/Y\u00f6netilebilir Ak\u0131ll\u0131 Switch<\/li>\n<li><b>\u00dcr\u00fcn Kodu<\/b>: SG200-50FP<\/li>\n<li><strong>Sipari\u015f Kodu<\/strong>: SLM2024T-NA<\/li>\n<li><b>Muhafaza Tipi<\/b>:\u00a0Rafa monte \u2013 1U, Desktop<\/li>\n<li><b>Ba\u011flant\u0131 Noktalar\u0131<\/b>: 24\u00a0x 10\/100\/1000 + 2\u00a0x combo mini-GBIC<\/li>\n<li><b>Performans<\/b>: Y\u00f6nlendirme performans\u0131 (64 byte paket boyutu) : 38.69 Mpps, Anahtarlama kapasitesi : 52 Gbps,<\/li>\n<li><b>MAC Adresi Tablo Boyutu<\/b>: 8K entries<\/li>\n<li><b>Jumbo Paket Deste\u011fi<\/b>: 10K<\/li>\n<li><b>Y\u00f6netim Protokol\u00fc<\/b>: SNMP 1, RMON 1, RMON 2, RMON 3, RMON 9, SNMP 3, SNMP 2c, HTTP, HTTPS, SSH, SSH-2, CLI<\/li>\n<li><b>\u00d6zellikler<\/b>: Flow denetimi, Layer 2 anahtarlama, VLAN deste\u011fi, IGMP trafik g\u00f6zetleme, DoS sald\u0131r\u0131s\u0131 \u00f6nleme, ba\u011flant\u0131 noktas\u0131 yans\u0131tma, A\u011f\u0131rl\u0131kl\u0131 \u00c7evrimsel (WRR) kuyruk, Broadcast Storm Control, IPv6 deste\u011fi, Multicast Storm Control, Unicast Storm Control, \u00a0STP, RSTP, MSTP, DHCP g\u00f6zetleme, ACL , Quality of Service (QoS), RADIUS deste\u011fi, DHCP sunucusu, MLD trafik g\u00f6zetleme, Dynamic ARP Inspection (DAI), PoE+, s\u0131f\u0131rlama d\u00fc\u011fmesi, STP Root Guard, LACP deste\u011fi, LLDP deste\u011fi, Energy Efficient Ethernet, Dynamic VLAN ,(GVRP), Class of Service (CoS), Strict Priority (SP), Generic Attribute Registration Protocol (GARP), 16MB packet buffer<\/li>\n<li><b>Uyumlu Standartlar<\/b>: IEEE 802.3 10BASE-T Ethernet, IEEE 802.3u 100BASE-TX Fast Ethernet, IEEE 802.3ab 1000BASE-T Gigabit Ethernet, IEEE 802.3ad LACP, IEEE 802.3z Gigabit Ethernet, IEEE 802.3x Flow Control, IEEE 802.1D (STP), IEEE 802.1Q\/p VLAN, IEEE 802.1w RSTP, IEEE 802.1X Port Access Authentication, IEEE 802.3af<\/li>\n<\/ul>\n","protected":false},"excerpt":{"rendered":"<p>\u00dcr\u00fcn A\u00e7\u0131klamas\u0131: Cisco Small Business SG200-26P Managed\/Y\u00f6netilebilir Ak\u0131ll\u0131 Switch \u00dcr\u00fcn Kodu: SG200-50FP Sipari\u015f [&hellip;]<\/p>\n","protected":false},"featured_media":14100,"comment_status":"closed","ping_status":"closed","template":"","meta":{"_monsterinsights_skip_tracking":false,"_monsterinsights_sitenote_active":false,"_monsterinsights_sitenote_note":"","_monsterinsights_sitenote_category":0},"aioseo_notices":[],"_links":{"self":[{"href":"https:\/\/www.elektradata.com\/en\/wp-json\/wp\/v2\/product\/14098"}],"collection":[{"href":"https:\/\/www.elektradata.com\/en\/wp-json\/wp\/v2\/product"}],"about":[{"href":"https:\/\/www.elektradata.com\/en\/wp-json\/wp\/v2\/types\/product"}],"replies":[{"embeddable":true,"href":"https:\/\/www.elektradata.com\/en\/wp-json\/wp\/v2\/comments?post=14098"}],"wp:featuredmedia":[{"embeddable":true,"href":"https:\/\/www.elektradata.com\/en\/wp-json\/wp\/v2\/media\/14100"}],"wp:attachment":[{"href":"https:\/\/www.elektradata.com\/en\/wp-json\/wp\/v2\/media?parent=14098"}],"curies":[{"name":"wp","href":"https:\/\/api.w.org\/{rel}","templated":true}]}}