{"id":14091,"date":"2017-06-08T07:07:38","date_gmt":"2017-06-08T07:07:38","guid":{"rendered":"http:\/\/www.elektradata.com\/?post_type=product&#038;p=14091"},"modified":"2017-06-08T07:07:38","modified_gmt":"2017-06-08T07:07:38","slug":"cisco-sg300-52p-k9-50-port-ge-2-port-combo-ge-sfp-poe-switch","status":"publish","type":"product","link":"https:\/\/www.elektradata.com\/en\/urun\/cisco-sg300-52p-k9-50-port-ge-2-port-combo-ge-sfp-poe-switch\/","title":{"rendered":"Cisco SG300-52P-K9 50-port GE 2-port combo GE SFP PoE+ Switch"},"content":{"rendered":"<ul>\n<li><b>\u00dcr\u00fcn A\u00e7\u0131klamas\u0131<\/b>: Cisco Small Business SG300 52-port PoE+ Managed\/Y\u00f6netilebilir Switch<\/li>\n<li><strong>\u00dcr\u00fcn Kodu<\/strong>: SG300-52P-K9<\/li>\n<li><b>Muhafaza Tipi<\/b>:\u00a0Rafa monte &#8211; 1U, Desktop<\/li>\n<li><b>Ba\u011flant\u0131 Noktalar\u0131<\/b>: 50 x 10\/100\/1000 (48 port PoE+) + 2 x birle\u015fik Gigabit SFP<\/li>\n<li><b>Ethernet \u00dczerinden G\u00fc\u00e7 (PoE)<\/b>: PoE+ (375W kapasite)<\/li>\n<li><b>Performans<\/b>: Y\u00f6nlendirme performans\u0131 (64 byte paket boyutu) : 77,38 Mpps, Anahtarlama kapasitesi : 104 Gbps<\/li>\n<li><b>Kapasite<\/b>: Statik routes: 512, IP \u0130nterfaces: 128 IPv6 routes : 2048, ACL :\u00a0512 rule<\/li>\n<li><b>MAC Adresi Tablo Boyutu<\/b>: 16K entries<\/li>\n<li><b>Jumbo Paket Deste\u011fi<\/b>: 9216 byte<\/li>\n<li><b>Y\u00f6netim Protokol\u00fc<\/b>: SNMP 1, RMON 1, RMON 2, RMON 3, RMON 9, SNMP 3, SNMP 2c, HTTP, HTTPS, SSH, SSH-2, CLI<\/li>\n<li><b>\u00d6zellikler<\/b>: Flow denetimi, Layer 2 anahtarlama, Ethernet \u00fczerinden g\u00fc\u00e7 (PoE), VLAN deste\u011fi, IGMP trafik g\u00f6zetleme, DoS sald\u0131r\u0131s\u0131 \u00f6nleme, ba\u011flant\u0131 noktas\u0131 yans\u0131tma, A\u011f\u0131rl\u0131kl\u0131 \u00c7evrimsel (WRR) kuyruk, Broadcast Storm Control, IPv6 deste\u011fi, Multicast Storm Control, Unicast Storm Control, \u00a0STP, RSTP, MSTP, DHCP g\u00f6zetleme, ACL , Quality of Service (QoS), RADIUS deste\u011fi, DHCP sunucusu, MLD trafik g\u00f6zetleme, Dynamic ARP Inspection (DAI), PoE+, s\u0131f\u0131rlama d\u00fc\u011fmesi, STP Root Guard, Uni-Directional Link Detection (UDLD), LACP deste\u011fi, LLDP deste\u011fi, Energy Efficient Ethernet, Dynamic VLAN ,(GVRP), Class of Service (CoS), Strict Priority (SP), Generic Attribute Registration Protocol (GARP), 8 Mb* 2 packet buffer<\/li>\n<li><b>Uyumlu Standartlar<\/b>: IEEE 802.3, IEEE 802.3u, IEEE 802.3z, IEEE 802.1D, IEEE 802.1Q, IEEE 802.3ab, IEEE 802.1p, IEEE 802.3af, IEEE 802.3x, IEEE 802.3ad (LACP), IEEE 802.1w, IEEE 802.1x, IEEE 802.1s, IEEE 802.1ab (LLDP), IEEE 802.3at, IEEE 802.3az<\/li>\n<\/ul>\n","protected":false},"excerpt":{"rendered":"<p>\u00dcr\u00fcn A\u00e7\u0131klamas\u0131: Cisco Small Business SG300 52-port PoE+ Managed\/Y\u00f6netilebilir Switch \u00dcr\u00fcn Kodu: SG300-52P-K9 [&hellip;]<\/p>\n","protected":false},"featured_media":14093,"comment_status":"open","ping_status":"closed","template":"","meta":{"_monsterinsights_skip_tracking":false,"_monsterinsights_sitenote_active":false,"_monsterinsights_sitenote_note":"","_monsterinsights_sitenote_category":0},"aioseo_notices":[],"_links":{"self":[{"href":"https:\/\/www.elektradata.com\/en\/wp-json\/wp\/v2\/product\/14091"}],"collection":[{"href":"https:\/\/www.elektradata.com\/en\/wp-json\/wp\/v2\/product"}],"about":[{"href":"https:\/\/www.elektradata.com\/en\/wp-json\/wp\/v2\/types\/product"}],"replies":[{"embeddable":true,"href":"https:\/\/www.elektradata.com\/en\/wp-json\/wp\/v2\/comments?post=14091"}],"wp:featuredmedia":[{"embeddable":true,"href":"https:\/\/www.elektradata.com\/en\/wp-json\/wp\/v2\/media\/14093"}],"wp:attachment":[{"href":"https:\/\/www.elektradata.com\/en\/wp-json\/wp\/v2\/media?parent=14091"}],"curies":[{"name":"wp","href":"https:\/\/api.w.org\/{rel}","templated":true}]}}