{"id":14080,"date":"2017-06-07T07:05:44","date_gmt":"2017-06-07T07:05:44","guid":{"rendered":"http:\/\/www.elektradata.com\/?post_type=product&#038;p=14080"},"modified":"2017-08-05T23:08:50","modified_gmt":"2017-08-05T23:08:50","slug":"cisco-small-business-rv042g-k9-na-dual-gigabit-wan-firewall-vpn-router","status":"publish","type":"product","link":"https:\/\/www.elektradata.com\/en\/urun\/cisco-small-business-rv042g-k9-na-dual-gigabit-wan-firewall-vpn-router\/","title":{"rendered":"Cisco Small Business RV042G-K9-NA Dual Gigabit WAN Firewall VPN Router"},"content":{"rendered":"<ul>\n<li><b>\u00dcr\u00fcn A\u00e7\u0131klamas\u0131<\/b>: Cisco RV042G Dual Gigabit WAN Firewall VPN Router<\/li>\n<li><strong>\u00dcr\u00fcn Kodu<\/strong>: RV042G-K9-NA<\/li>\n<li><b>Cihaz Tipi<\/b>: Cisco RV042G Serisi Dual Gigabit WAN Firewall VPN Router<\/li>\n<li><strong>Muhafaza Bi\u00e7imi<\/strong>: Desktop<\/li>\n<li style=\"font-weight: 400;\"><b>Teknik \u00d6zellikler<\/b><span style=\"font-weight: 400;\">: <\/span>\n<ul>\n<li style=\"font-weight: 400;\"><span style=\"font-weight: 400;\">Dual WAN: Smartlink yedekleme veya\u00a0load balancing icin\u00a0konfigure edilebilir<\/span><\/li>\n<li style=\"font-weight: 400;\">Standards:\u00a0\u2022 802.3, 802.3u\u00a0\u2022 IPv4 (RFC 791)\u00a0\u2022 IPv6 (RFC 2460)<\/li>\n<li style=\"font-weight: 400;\">Network\u00a0protokolleri: DHCP server\/client\/relay-agent, PPPoE, PPPTP,\u00a0Transparent bridge, DNS Relay\/Dynamic DNS (DynDNS, 3322), IPv6<\/li>\n<li style=\"font-weight: 400;\">Y\u00f6nendirme protokolleri: Static, R\u0130P v1\/v2, R\u0130Png<\/li>\n<li style=\"font-weight: 400;\">Network Address Translation (NAT): PAT, NAPT, NAT traversal, one-to-one NAT<\/li>\n<li style=\"font-weight: 400;\">Protocol atama: Protokoller load balancing i\u00e7in WAN portlar\u0131na atanabilir<\/li>\n<li style=\"font-weight: 400;\">Network edge (DMZ):\u00a0DMZ port, DMZ host<\/li>\n<li style=\"font-weight: 400;\">QoS<\/li>\n<li style=\"font-weight: 400;\">Konfig\u00fcrasyon:\u00a0Simple browser-based device manager (HTTP\/HTTPS)<\/li>\n<li style=\"font-weight: 400;\">Management:\u00a0Web browser, Simple Network Management Protocol (SNMP) v1 and v2c, Bonjour<\/li>\n<\/ul>\n<\/li>\n<li style=\"font-weight: 400;\"><b>Performans<\/b><span style=\"font-weight: 400;\">: 800 Mbps\u00a0NAT kapasitesi,\u00a075 Mbps\u00a0IPsec VPN kapasitesi,\u00a0<\/span><\/li>\n<li style=\"font-weight: 400;\"><b>VPN<\/b><span style=\"font-weight: 400;\">: <\/span>\n<ul>\n<li style=\"font-weight: 400;\"><span style=\"font-weight: 400;\">VPN: 50 IPsec site-to-site t\u00fcnel<\/span><\/li>\n<li style=\"font-weight: 400;\">QuickVPN: Client access i\u00e7in\u00a050 QuickVPN<\/li>\n<li style=\"font-weight: 400;\">PPTP: Uzaktan eri\u015fim i\u00e7in\u00a05 PPTP<\/li>\n<li style=\"font-weight: 400;\">\u015eifreleme: DES, 3DES, AES (AES-128, AES-192, AES-256)<\/li>\n<li style=\"font-weight: 400;\">Kimlik Do\u011frulama:\u00a0MD5\/SHA1<\/li>\n<li style=\"font-weight: 400;\">IPsec NAT traversal:\u00a0gateway-to-gateway ve client-to-gateway t\u00fcneller desteklenmektedir<\/li>\n<li style=\"font-weight: 400;\">VPN pass-through:\u00a0PPTP, Layer 2 Tunneling Protocol (L2TP), IPsec<\/li>\n<li style=\"font-weight: 400;\">Geli\u015fmi\u015f VPN:\u00a0Dead peer detection (DPD), Internet Key Exchange (IKE), split DNS, VPN backup<\/li>\n<\/ul>\n<\/li>\n<li style=\"font-weight: 400;\"><b>Sistem bilgisi:<\/b>\n<ul>\n<li style=\"font-weight: 400;\">Boyutlar (G x Y x D):\u00a0130 mm x 38.5 mm x 200 mm<\/li>\n<li style=\"font-weight: 400;\"><span style=\"font-weight: 400;\">Portlar: 4x\u00a010\/100\/1000 RJ-45, 1x\u00a010\/100\/1000 RJ-45 Internet, 1x 10\/100\/1000 RJ-45 DMZ\/Internet<\/span><\/li>\n<li style=\"font-weight: 400;\">\u00a0Power supply:\u00a012V 1A<\/li>\n<li style=\"font-weight: 400;\">Sertifikalar: \u00a0FCC Class B, CE Class B, UL, cUL, CB<\/li>\n<li style=\"font-weight: 400;\">\u00c7al\u0131\u015fma s\u0131cakl\u0131\u011f\u0131: 0\u00b0 to 40\u00b0C (32\u00b0 to 104\u00b0F)<\/li>\n<li style=\"font-weight: 400;\">\u00c7al\u0131\u015fma nemi: \u00a010% to 85% yo\u011funla\u015fmayan<\/li>\n<\/ul>\n<\/li>\n<\/ul>\n","protected":false},"excerpt":{"rendered":"<p>\u00dcr\u00fcn A\u00e7\u0131klamas\u0131: Cisco RV042G Dual Gigabit WAN Firewall VPN Router \u00dcr\u00fcn Kodu: RV042G-K9-NA [&hellip;]<\/p>\n","protected":false},"featured_media":14081,"comment_status":"open","ping_status":"closed","template":"","meta":{"_monsterinsights_skip_tracking":false,"_monsterinsights_sitenote_active":false,"_monsterinsights_sitenote_note":"","_monsterinsights_sitenote_category":0},"aioseo_notices":[],"_links":{"self":[{"href":"https:\/\/www.elektradata.com\/en\/wp-json\/wp\/v2\/product\/14080"}],"collection":[{"href":"https:\/\/www.elektradata.com\/en\/wp-json\/wp\/v2\/product"}],"about":[{"href":"https:\/\/www.elektradata.com\/en\/wp-json\/wp\/v2\/types\/product"}],"replies":[{"embeddable":true,"href":"https:\/\/www.elektradata.com\/en\/wp-json\/wp\/v2\/comments?post=14080"}],"wp:featuredmedia":[{"embeddable":true,"href":"https:\/\/www.elektradata.com\/en\/wp-json\/wp\/v2\/media\/14081"}],"wp:attachment":[{"href":"https:\/\/www.elektradata.com\/en\/wp-json\/wp\/v2\/media?parent=14080"}],"curies":[{"name":"wp","href":"https:\/\/api.w.org\/{rel}","templated":true}]}}