{"id":14078,"date":"2017-06-06T13:23:42","date_gmt":"2017-06-06T13:23:42","guid":{"rendered":"http:\/\/www.elektradata.com\/?post_type=product&#038;p=14078"},"modified":"2017-06-06T13:23:42","modified_gmt":"2017-06-06T13:23:42","slug":"cisco-power-supply-ws-cac-3000w-ac-cisco-6500-serisi","status":"publish","type":"product","link":"https:\/\/www.elektradata.com\/en\/urun\/cisco-power-supply-ws-cac-3000w-ac-cisco-6500-serisi\/","title":{"rendered":"Cisco Power Supply WS-CAC-3000W AC Cisco 6500 Serisi"},"content":{"rendered":"<ul>\n<li><b>\u00dcr\u00fcn A\u00e7\u0131klamas\u0131<\/b>: Cisco WS-CAC-3000W DC G\u00fc\u00e7 \u00dcnitesi<\/li>\n<li><strong>Kullan\u0131m Alan\u0131:\u00a0<\/strong>6500\u00a0serileri<\/li>\n<li><strong>Uyumlu oldugu\u00a0\u015fasiler:<\/strong>\n<ul>\n<li>Catalyst 6506<br \/>\nCatalyst 6506-E<br \/>\nCatalyst 6509<br \/>\nCatalyst 6509-E<br \/>\nCatalyst 6509-NEB<br \/>\nCatalyst 6509-NEB-A<br \/>\nCatalyst 6509-V-E<br \/>\nCatalyst 6513<br \/>\nCatalyst 6513-E<\/li>\n<\/ul>\n<\/li>\n<\/ul>\n","protected":false},"excerpt":{"rendered":"<p>\u00dcr\u00fcn A\u00e7\u0131klamas\u0131: Cisco WS-CAC-3000W DC G\u00fc\u00e7 \u00dcnitesi Kullan\u0131m Alan\u0131:\u00a06500\u00a0serileri Uyumlu oldugu\u00a0\u015fasiler: Catalyst 6506 [&hellip;]<\/p>\n","protected":false},"featured_media":14079,"comment_status":"open","ping_status":"closed","template":"","meta":{"_monsterinsights_skip_tracking":false,"_monsterinsights_sitenote_active":false,"_monsterinsights_sitenote_note":"","_monsterinsights_sitenote_category":0},"aioseo_notices":[],"_links":{"self":[{"href":"https:\/\/www.elektradata.com\/en\/wp-json\/wp\/v2\/product\/14078"}],"collection":[{"href":"https:\/\/www.elektradata.com\/en\/wp-json\/wp\/v2\/product"}],"about":[{"href":"https:\/\/www.elektradata.com\/en\/wp-json\/wp\/v2\/types\/product"}],"replies":[{"embeddable":true,"href":"https:\/\/www.elektradata.com\/en\/wp-json\/wp\/v2\/comments?post=14078"}],"wp:featuredmedia":[{"embeddable":true,"href":"https:\/\/www.elektradata.com\/en\/wp-json\/wp\/v2\/media\/14079"}],"wp:attachment":[{"href":"https:\/\/www.elektradata.com\/en\/wp-json\/wp\/v2\/media?parent=14078"}],"curies":[{"name":"wp","href":"https:\/\/api.w.org\/{rel}","templated":true}]}}