{"id":14074,"date":"2017-04-26T11:49:27","date_gmt":"2017-04-26T11:49:27","guid":{"rendered":"http:\/\/www.elektradata.com\/?post_type=product&#038;p=14074"},"modified":"2017-04-26T11:49:27","modified_gmt":"2017-04-26T11:49:27","slug":"cisco-ws-x4908-10ge-catalyst-4900m-serisi-switch-icin-8-port-10g-genisletme-modulu","status":"publish","type":"product","link":"https:\/\/www.elektradata.com\/en\/urun\/cisco-ws-x4908-10ge-catalyst-4900m-serisi-switch-icin-8-port-10g-genisletme-modulu\/","title":{"rendered":"Cisco WS-X4908-10GE Catalyst 4900M Serisi Switch \u0130\u00e7in 8-port 10G Geni\u015fletme Mod\u00fcl\u00fc"},"content":{"rendered":"<ul>\n<li><b>\u00dcr\u00fcn A\u00e7\u0131klamas\u0131<\/b>: Cisco 4908-10GE\u00a04900M Catalyst Switch Serisi i\u00e7in 8x 10-GE\u00a0A\u011f Geni\u015fletme Mod\u00fcl\u00fc<\/li>\n<li><strong>\u00dcr\u00fcn Kodu<\/strong>: WS-X4908-10GE<\/li>\n<li><b>Cihaz Tipi<\/b>: A\u011f Aray\u00fcz Mod\u00fcl\u00fc (Half Card)<\/li>\n<li><b>Ba\u011flant\u0131 Noktalar\u0131:<\/b>\u00a0x2 Transceivers, SFP+ Transceivers (Cisco OneX d\u00f6n\u00fc\u015ft\u00fcr\u00fcc\u00fc ile), SFP Transceivers (Cisco TwinGig d\u00f6n\u00fc\u015ft\u00fcr\u00fcc\u00fc ile)<\/li>\n<li><strong>\u00d6zellikler:<\/strong>\u00a08-port\u00a010 Gigabit Ethernet (x2)\u00a0veya 16-port 1 Gigabit Ethernet<\/li>\n<li><strong>Uyumluluk<\/strong>: Cisco\u00a04900M Catalyst Switch Serisi<\/li>\n<\/ul>\n","protected":false},"excerpt":{"rendered":"<p>\u00dcr\u00fcn A\u00e7\u0131klamas\u0131: Cisco 4908-10GE\u00a04900M Catalyst Switch Serisi i\u00e7in 8x 10-GE\u00a0A\u011f Geni\u015fletme Mod\u00fcl\u00fc \u00dcr\u00fcn [&hellip;]<\/p>\n","protected":false},"featured_media":14075,"comment_status":"open","ping_status":"closed","template":"","meta":{"_monsterinsights_skip_tracking":false,"_monsterinsights_sitenote_active":false,"_monsterinsights_sitenote_note":"","_monsterinsights_sitenote_category":0},"aioseo_notices":[],"_links":{"self":[{"href":"https:\/\/www.elektradata.com\/en\/wp-json\/wp\/v2\/product\/14074"}],"collection":[{"href":"https:\/\/www.elektradata.com\/en\/wp-json\/wp\/v2\/product"}],"about":[{"href":"https:\/\/www.elektradata.com\/en\/wp-json\/wp\/v2\/types\/product"}],"replies":[{"embeddable":true,"href":"https:\/\/www.elektradata.com\/en\/wp-json\/wp\/v2\/comments?post=14074"}],"wp:featuredmedia":[{"embeddable":true,"href":"https:\/\/www.elektradata.com\/en\/wp-json\/wp\/v2\/media\/14075"}],"wp:attachment":[{"href":"https:\/\/www.elektradata.com\/en\/wp-json\/wp\/v2\/media?parent=14074"}],"curies":[{"name":"wp","href":"https:\/\/api.w.org\/{rel}","templated":true}]}}