{"id":14064,"date":"2017-04-25T12:58:26","date_gmt":"2017-04-25T12:58:26","guid":{"rendered":"http:\/\/www.elektradata.com\/?post_type=product&#038;p=14064"},"modified":"2017-04-25T13:24:29","modified_gmt":"2017-04-25T13:24:29","slug":"cisco-ws-c4948-10ge-catalyst-4948-10ge-48-port-switch","status":"publish","type":"product","link":"https:\/\/www.elektradata.com\/en\/urun\/cisco-ws-c4948-10ge-catalyst-4948-10ge-48-port-switch\/","title":{"rendered":"Cisco WS-C4948-10GE Catalyst 4948-10GE 48-Port Switch"},"content":{"rendered":"<ul>\n<li><b>\u00dcr\u00fcn A\u00e7\u0131klamas\u0131<\/b>: Cisco 4948-10GE 48-port 1-Gigabit + 2x 10-GE uplink 4900 Serisi Catalyst Switch &#8211; opsiyonel yaz\u0131l\u0131m imaj\u0131<\/li>\n<li><b>\u00dcr\u00fcn Kodu<\/b>: WS-C4948-10GE<\/li>\n<li><b>Cihaz Tipi<\/b>: Switch &#8211; 48 port &#8211; L3 &#8211; managed\/y\u00f6netilebilir &#8211; hot swap g\u00fc\u00e7 kayna\u011f\u0131 &#8211; opsiyonel yaz\u0131l\u0131m imaj\u0131 &#8211; opsiyonel g\u00fc\u00e7 kayna\u011f\u0131<\/li>\n<li><b>Muhafaza Bi\u00e7imi<\/b>: Rafa monte 1U, Desktop<\/li>\n<li><b>Ba\u011flant\u0131 Noktalar\u0131<\/b>: 48\u00a0x 10\/100\/1000 Mbps + 2 x 10-Gigabit Ethernet\u00a0(x2) Uplink<\/li>\n<li><b>Performans Kapasitesi<\/b>: 136 Gbps Switching Kapasitesi, 102 Mpps Forwarding kapasitesi, 55K MAC adres tablosu<\/li>\n<li><b>\u00d6zellikler:<\/b>\u00a01+1 Yedekli g\u00fc\u00e7 kayna\u011f\u0131 deste\u011fi (opsiyonel), opsiyonel yaz\u0131l\u0131m imaj\u0131, opsiyonel g\u00fc\u00e7 kayna\u011f\u0131, Layer 2 switching, \u00a0Access Control List (ACL) deste\u011fi, ARP deste\u011fi, SNMPv3 deste\u011fi, Quality of Service (QoS), Dynamic Trunking Protocol (DTP), VLAN Trunking Protocol (VTP) ve VTP alanlar\u0131, PVST ve PVST+, Port Aggregation Protocol (PAgP), Link Aggregation Control Protocol (LACP), Unidirectional link detection (UDLD),\u00a0private VLANs (PVLANs), t\u00fcm portlarda Jumbo frames deste\u011fi, Cisco IOS Embedded Event Manager (EEM), DHCP deste\u011fi, AUTO-NEGOTIATION, BOOTP deste\u011fi, Cisco Fast EtherChannel, VLAN deste\u011fi, Cisco Gigabit EtherChannel, IGMP SNOOPING, MAC Adress filtreleme<\/li>\n<\/ul>\n","protected":false},"excerpt":{"rendered":"<p>\u00dcr\u00fcn A\u00e7\u0131klamas\u0131: Cisco 4948-10GE 48-port 1-Gigabit + 2x 10-GE uplink 4900 Serisi Catalyst [&hellip;]<\/p>\n","protected":false},"featured_media":14065,"comment_status":"open","ping_status":"closed","template":"","meta":{"_monsterinsights_skip_tracking":false,"_monsterinsights_sitenote_active":false,"_monsterinsights_sitenote_note":"","_monsterinsights_sitenote_category":0},"aioseo_notices":[],"_links":{"self":[{"href":"https:\/\/www.elektradata.com\/en\/wp-json\/wp\/v2\/product\/14064"}],"collection":[{"href":"https:\/\/www.elektradata.com\/en\/wp-json\/wp\/v2\/product"}],"about":[{"href":"https:\/\/www.elektradata.com\/en\/wp-json\/wp\/v2\/types\/product"}],"replies":[{"embeddable":true,"href":"https:\/\/www.elektradata.com\/en\/wp-json\/wp\/v2\/comments?post=14064"}],"wp:featuredmedia":[{"embeddable":true,"href":"https:\/\/www.elektradata.com\/en\/wp-json\/wp\/v2\/media\/14065"}],"wp:attachment":[{"href":"https:\/\/www.elektradata.com\/en\/wp-json\/wp\/v2\/media?parent=14064"}],"curies":[{"name":"wp","href":"https:\/\/api.w.org\/{rel}","templated":true}]}}