{"id":14054,"date":"2017-04-20T11:52:06","date_gmt":"2017-04-20T11:52:06","guid":{"rendered":"http:\/\/www.elektradata.com\/?post_type=product&#038;p=14054"},"modified":"2017-04-20T12:12:59","modified_gmt":"2017-04-20T12:12:59","slug":"cisco-catalyst-ws-c4500x-16sfp-10g-16-port-2x-guc-kaynagi-switch","status":"publish","type":"product","link":"https:\/\/www.elektradata.com\/en\/urun\/cisco-catalyst-ws-c4500x-16sfp-10g-16-port-2x-guc-kaynagi-switch\/","title":{"rendered":"Cisco Catalyst WS-C4500X-16SFP+ 10G 16-port 2x-G\u00fc\u00e7 Kayna\u011f\u0131 Switch"},"content":{"rendered":"<ul>\n<li><b>\u00dcr\u00fcn A\u00e7\u0131klamas\u0131<\/b>: Cisco Catalyst 4500X-16SFP+ 4500-X serisi\u00a0IP Base, \u00f6nden arkaya so\u011futmal\u0131 aggregation switch, 2 adet 750 WAC yedekli g\u00fc\u00e7 kayna\u011f\u0131<\/li>\n<li><strong>\u00dcr\u00fcn Kodu<\/strong>: WS-C4500X-16SFP+,\u00a0C4KX-PWR-750AC-R(power supply)<\/li>\n<li><b>Cihaz Tipi<\/b>: 4500X mod\u00fcler 16-Port SFP+\/SFP Switch<\/li>\n<li><b>Muhafaza Tipi<\/b><span style=\"font-weight: 400;\">: Rafa monte 1U, Desktop<\/span><\/li>\n<li><b>Teknik \u00d6zellikler<\/b>: Layer 2 anahtarlama, VLAN deste\u011fi, Access Control List (ACL) deste\u011fi, Quality of Service (QoS), \u00f6nden arkaya (front-to-back) hava sirk\u00fclasyonu, yedekli hot swappable fan.\u00a0IEEE 802.3, IEEE 802.1D, IEEE 802.1Q, IEEE 802.1p, IEEE 802.3ad (LACP), IEEE 802.1w, IEEE 802.1x, IEEE 802.3ae, IEEE 802.1s deste\u011fi<\/li>\n<li><b>Kapasite\/performans<\/b>:\n<ul>\n<li>Toplam kapasite\/Throughput: 800 Gbps<\/li>\n<li>IPv4 routing: 250 Mpps<\/li>\n<li>IPv6 routing: 125 Mpps<\/li>\n<li>IPv4 forwarding table entries: 64000<\/li>\n<li>IPv6 forwarding table entries: 32000<\/li>\n<li>NetFlow entries: 128000<\/li>\n<li>Virtual interfaces (VLANs): 4094<\/li>\n<li>IGMP groups: 32000<\/li>\n<li>Multicast entries (IPv4): 24000<\/li>\n<li>Multicast entries (IPv6): 12000<\/li>\n<li>ARP entries: 47000<\/li>\n<li>Spanning Tree Protocol instances: 10000<\/li>\n<li>QoS hardware queues: 64<\/li>\n<li>QoS hardware entries: 128000<\/li>\n<li>ACL entries: 131072<\/li>\n<\/ul>\n<\/li>\n<\/ul>\n","protected":false},"excerpt":{"rendered":"<p>\u00dcr\u00fcn A\u00e7\u0131klamas\u0131: Cisco Catalyst 4500X-16SFP+ 4500-X serisi\u00a0IP Base, \u00f6nden arkaya so\u011futmal\u0131 aggregation switch, [&hellip;]<\/p>\n","protected":false},"featured_media":14055,"comment_status":"open","ping_status":"closed","template":"","meta":{"_monsterinsights_skip_tracking":false,"_monsterinsights_sitenote_active":false,"_monsterinsights_sitenote_note":"","_monsterinsights_sitenote_category":0},"aioseo_notices":[],"_links":{"self":[{"href":"https:\/\/www.elektradata.com\/en\/wp-json\/wp\/v2\/product\/14054"}],"collection":[{"href":"https:\/\/www.elektradata.com\/en\/wp-json\/wp\/v2\/product"}],"about":[{"href":"https:\/\/www.elektradata.com\/en\/wp-json\/wp\/v2\/types\/product"}],"replies":[{"embeddable":true,"href":"https:\/\/www.elektradata.com\/en\/wp-json\/wp\/v2\/comments?post=14054"}],"wp:featuredmedia":[{"embeddable":true,"href":"https:\/\/www.elektradata.com\/en\/wp-json\/wp\/v2\/media\/14055"}],"wp:attachment":[{"href":"https:\/\/www.elektradata.com\/en\/wp-json\/wp\/v2\/media?parent=14054"}],"curies":[{"name":"wp","href":"https:\/\/api.w.org\/{rel}","templated":true}]}}