{"id":14017,"date":"2017-04-18T11:17:10","date_gmt":"2017-04-18T11:17:10","guid":{"rendered":"http:\/\/www.elektradata.com\/?post_type=product&#038;p=14017"},"modified":"2017-04-18T11:19:13","modified_gmt":"2017-04-18T11:19:13","slug":"cisco-catalyst-ws-c3850-48t-l-48-port-gigabit-ethernet-switch","status":"publish","type":"product","link":"https:\/\/www.elektradata.com\/en\/urun\/cisco-catalyst-ws-c3850-48t-l-48-port-gigabit-ethernet-switch\/","title":{"rendered":"Cisco Catalyst WS-C3850-48T-L 48-port Gigabit Ethernet Switch"},"content":{"rendered":"<ul>\n<li><b>\u00dcr\u00fcn A\u00e7\u0131klamas\u0131<\/b>: Cisco 3850-48T-L 48-port Gigabit Ethernet 3850 Serisi Switch \u2013 LAN Base\u00a0\u00f6zellik seti<\/li>\n<li><b>\u00dcr\u00fcn Kodu<\/b>: WS-C3850-48T-L, PWR-C1-350WAC= (power supply)<\/li>\n<li><b>Cihaz Tipi<\/b>: Switch \u2013 48\u00a0port \u2013 L3 \u2013 managed\/y\u00f6netilebilir \u2013 istiflenebilir\/stackable \u2013 hot swap mod\u00fcl deste\u011fi \u2013 mod\u00fcler fan ve g\u00fc\u00e7 kayna\u011f\u0131<\/li>\n<li><b>Muhafaza Bi\u00e7imi<\/b>: Rafa monte 1U, Desktop<\/li>\n<li><b>Ba\u011flant\u0131 Noktalar\u0131<\/b>: 48\u00a0x 10\/100\/1000 Gigabit Ethernet<\/li>\n<li><b>Performans Kapasitesi<\/b>: 176\u00a0Gbps Switching Kapasitesi, 130.95\u00a0Mpps Forwarding kapasitesi (80B paket), 480 Gbps istifleme kapasitesi, 32K MAC adres tablosu<\/li>\n<li><b>\u00d6zellikler:<\/b>\u00a0350 WAC g\u00fc\u00e7 kayna\u011f\u0131, yedekli g\u00fc\u00e7 kayna\u011f\u0131 deste\u011fi (opsiyonel), SFP uplink mod\u00fcler a\u011f kart\u0131 deste\u011fi, Access Control List (ACL) deste\u011fi, ARP deste\u011fi, Cisco StackPower teknolojisi, Cisco StackWise-480 teknolojisi, DHCP snooping, Dynamic ARP Inspection (DAI), Jumbo Frames deste\u011fi, \u00a0IPv4 deste\u011fi, IPv6 deste\u011fi, Dynamic Trunking Protocol (DTP) deste\u011fi, Energy Efficient Ethernet, Flexible NetFlow (FNF), IGMP snooping, Layer 3 y\u00fck dengeleme, Link Aggregation Control Protocol (LACP), MLD snooping , Multiple Spanning Tree Protocol (MSTP) deste\u011fi, Port Aggregation Protocol (PAgP) deste\u011fi, Quality of Service (QoS) , RADIUS deste\u011fi, Rapid Per-VLAN Spanning Tree Plus (PVRST+), Rapid Spanning Tree Protocol (RSTP) deste\u011fi, Remote Switch Port Analyzer (RSPAN), Shaped Round Robin (SRR), STP Root Guard, Syslog deste\u011fi, Trivial File Transfer Protocol (TFTP) deste\u011fi, , Uni-Directional Link Detection (UDLD), VLAN deste\u011fi, Trunking, layer 2 switching<\/li>\n<\/ul>\n","protected":false},"excerpt":{"rendered":"<p>\u00dcr\u00fcn A\u00e7\u0131klamas\u0131: Cisco 3850-48T-L 48-port Gigabit Ethernet 3850 Serisi Switch \u2013 LAN Base\u00a0\u00f6zellik [&hellip;]<\/p>\n","protected":false},"featured_media":14018,"comment_status":"open","ping_status":"closed","template":"","meta":{"_monsterinsights_skip_tracking":false,"_monsterinsights_sitenote_active":false,"_monsterinsights_sitenote_note":"","_monsterinsights_sitenote_category":0},"aioseo_notices":[],"_links":{"self":[{"href":"https:\/\/www.elektradata.com\/en\/wp-json\/wp\/v2\/product\/14017"}],"collection":[{"href":"https:\/\/www.elektradata.com\/en\/wp-json\/wp\/v2\/product"}],"about":[{"href":"https:\/\/www.elektradata.com\/en\/wp-json\/wp\/v2\/types\/product"}],"replies":[{"embeddable":true,"href":"https:\/\/www.elektradata.com\/en\/wp-json\/wp\/v2\/comments?post=14017"}],"wp:featuredmedia":[{"embeddable":true,"href":"https:\/\/www.elektradata.com\/en\/wp-json\/wp\/v2\/media\/14018"}],"wp:attachment":[{"href":"https:\/\/www.elektradata.com\/en\/wp-json\/wp\/v2\/media?parent=14017"}],"curies":[{"name":"wp","href":"https:\/\/api.w.org\/{rel}","templated":true}]}}