{"id":13964,"date":"2017-04-17T12:42:46","date_gmt":"2017-04-17T12:42:46","guid":{"rendered":"http:\/\/www.elektradata.com\/?post_type=product&#038;p=13964"},"modified":"2017-04-21T11:41:32","modified_gmt":"2017-04-21T11:41:32","slug":"cisco-catalyst-ws-c3560cx-12pc-s-12-port-poe-ge-switch","status":"publish","type":"product","link":"https:\/\/www.elektradata.com\/en\/urun\/cisco-catalyst-ws-c3560cx-12pc-s-12-port-poe-ge-switch\/","title":{"rendered":"Cisco Catalyst WS-C3560CX-12PC-S 12 port PoE+ GE Switch"},"content":{"rendered":"<ul>\n<li><b>\u00dcr\u00fcn A\u00e7\u0131klamas\u0131<\/b>: Cisco Catalyst 3560CX-12PC-S 3560-CX Serisi,\u00a0Layer 3 Switch, IP Base\u00a0\u00f6zellik seti<\/li>\n<li><strong>\u00dcr\u00fcn Kodu<\/strong>: WS-C3560CX-12PC-S<\/li>\n<li><b>Cihaz Tipi<\/b>: Switch \u2013 12 GE port \u2013 L3 \u2013 managed\/y\u00f6netilebilir<\/li>\n<li><b>Muhafaza Bi\u00e7imi<\/b>: Rafa monte, Duvara monte\u00a01U, Desktop<\/li>\n<li><b>Ba\u011flant\u0131 Noktalar\u0131<\/b>: \u00a012 x 10\/100\/1000(UPOE\/PoE+) + 2 x 1G SFP ve 2 x 1G bak\u0131r,<\/li>\n<li><b>Y\u00f6nlendirme Protokol\u00fc<\/b>: OSPF, RIP-1, RIP-2, OSPFv2<\/li>\n<li><b>Performans<\/b>: Y\u00f6nlendirme performans\u0131 (64 byte paket boyutu) : 4,2 Mpps \u2013 Y\u00f6nlendirme performans\u0131 : 16 Gbps \u2013 512 MB RAM<\/li>\n<li><b>Ethernet \u00dczerinden G\u00fc\u00e7 (PoE)<\/b>: PoE+, 240W<\/li>\n<li><b>Uzaktan Y\u00f6netim Protokol\u00fc<\/b>: SNMP 1, SNMP 2, RMON 1, RMON 2, RMON 3, RMON 9, Telnet, SNMP 3, SNMP 2c, HTTP, CLI<\/li>\n<li><b>Teknik \u00d6zellikler<\/b>: DHCP deste\u011fi, otomatik al\u0131\u015fveri\u015f, BOOTP deste\u011fi, ARP deste\u011fi, VLAN deste\u011fi, otomatik \u00e7\u0131k\u0131\u015f hatt\u0131 (oto. MDI\/MDI-X), IGMP trafik g\u00f6zetleme, Sistem g\u00fcnl\u00fc\u011f\u00fc deste\u011fi, DiffServ deste\u011fi, Broadcast Storm Control, IPv6 deste\u011fi, Multicast Storm Control, Unicast Storm Control, Yay\u0131lan A\u011fa\u00e7 Protokol\u00fc (STP) deste\u011fi, DHCP g\u00f6zetleme, Dinamik Veri Aktarma Yolu Protokol\u00fc (DTP) deste\u011fi, Ba\u011flant\u0131 Noktas\u0131 Birle\u015ftirme (PAgP) deste\u011fi, Ge\u00e7ici Dosya Aktarma Protokol\u00fc (TFTP) deste\u011fi, Eri\u015fim Kontrol Listesi (ACL) deste\u011fi, Quality of Service (QoS), Dynamic ARP Inspection (DAI), PoE+, STP Root Guard, Uni-Directional Link Detection (UDLD), fans\u0131z, DHCP r\u00f6lesi, Ba\u011flant\u0131 Birle\u015ftirme Denetimi Protokol\u00fc (LACP), Remote Switch Port Analyzer (RSPAN)<\/li>\n<\/ul>\n","protected":false},"excerpt":{"rendered":"<p>\u00dcr\u00fcn A\u00e7\u0131klamas\u0131: Cisco Catalyst 3560CX-12PC-S 3560-CX Serisi,\u00a0Layer 3 Switch, IP Base\u00a0\u00f6zellik seti \u00dcr\u00fcn [&hellip;]<\/p>\n","protected":false},"featured_media":13965,"comment_status":"open","ping_status":"closed","template":"","meta":{"_monsterinsights_skip_tracking":false,"_monsterinsights_sitenote_active":false,"_monsterinsights_sitenote_note":"","_monsterinsights_sitenote_category":0},"aioseo_notices":[],"_links":{"self":[{"href":"https:\/\/www.elektradata.com\/en\/wp-json\/wp\/v2\/product\/13964"}],"collection":[{"href":"https:\/\/www.elektradata.com\/en\/wp-json\/wp\/v2\/product"}],"about":[{"href":"https:\/\/www.elektradata.com\/en\/wp-json\/wp\/v2\/types\/product"}],"replies":[{"embeddable":true,"href":"https:\/\/www.elektradata.com\/en\/wp-json\/wp\/v2\/comments?post=13964"}],"wp:featuredmedia":[{"embeddable":true,"href":"https:\/\/www.elektradata.com\/en\/wp-json\/wp\/v2\/media\/13965"}],"wp:attachment":[{"href":"https:\/\/www.elektradata.com\/en\/wp-json\/wp\/v2\/media?parent=13964"}],"curies":[{"name":"wp","href":"https:\/\/api.w.org\/{rel}","templated":true}]}}