{"id":13925,"date":"2017-04-17T10:37:34","date_gmt":"2017-04-17T10:37:34","guid":{"rendered":"http:\/\/www.elektradata.com\/?post_type=product&#038;p=13925"},"modified":"2017-06-07T07:12:00","modified_gmt":"2017-06-07T07:12:00","slug":"cisco-c3kx-pwr-715wac-catalyst-3k-x-3560-x-3750-x-power-supply","status":"publish","type":"product","link":"https:\/\/www.elektradata.com\/en\/urun\/cisco-c3kx-pwr-715wac-catalyst-3k-x-3560-x-3750-x-power-supply\/","title":{"rendered":"Cisco Power Supply C3KX-PWR-715WAC Catalyst 3K-X 3560-X 3750-X"},"content":{"rendered":"<ul>\n<li><b>\u00dcr\u00fcn A\u00e7\u0131klamas\u0131<\/b>: Cisco C3KX-PWR-715WAC G\u00fc\u00e7 \u00dcnitesi<\/li>\n<li><strong>Kullan\u0131m Alan\u0131:\u00a0<\/strong>3560-X 3750-X\u00a0serileri<\/li>\n<li><strong>De\u011ferler:<\/strong>\n<ul>\n<li>Input Voltage: 110 V AC\u00a0220 V AC<br \/>\nInput Voltage Range: 100 V AC to 240 V AC<br \/>\nMax. Output Power: 715 W<br \/>\nOutput Voltage: -56 V DC @ 12.8 A<br \/>\nInput Current: 10 A @110 V AC\/5 A @220 V AC<\/li>\n<\/ul>\n<\/li>\n<\/ul>\n","protected":false},"excerpt":{"rendered":"<p>\u00dcr\u00fcn A\u00e7\u0131klamas\u0131: Cisco C3KX-PWR-715WAC G\u00fc\u00e7 \u00dcnitesi Kullan\u0131m Alan\u0131:\u00a03560-X 3750-X\u00a0serileri De\u011ferler: Input Voltage: 110 [&hellip;]<\/p>\n","protected":false},"featured_media":13926,"comment_status":"open","ping_status":"closed","template":"","meta":{"_monsterinsights_skip_tracking":false,"_monsterinsights_sitenote_active":false,"_monsterinsights_sitenote_note":"","_monsterinsights_sitenote_category":0},"aioseo_notices":[],"_links":{"self":[{"href":"https:\/\/www.elektradata.com\/en\/wp-json\/wp\/v2\/product\/13925"}],"collection":[{"href":"https:\/\/www.elektradata.com\/en\/wp-json\/wp\/v2\/product"}],"about":[{"href":"https:\/\/www.elektradata.com\/en\/wp-json\/wp\/v2\/types\/product"}],"replies":[{"embeddable":true,"href":"https:\/\/www.elektradata.com\/en\/wp-json\/wp\/v2\/comments?post=13925"}],"wp:featuredmedia":[{"embeddable":true,"href":"https:\/\/www.elektradata.com\/en\/wp-json\/wp\/v2\/media\/13926"}],"wp:attachment":[{"href":"https:\/\/www.elektradata.com\/en\/wp-json\/wp\/v2\/media?parent=13925"}],"curies":[{"name":"wp","href":"https:\/\/api.w.org\/{rel}","templated":true}]}}