{"id":13921,"date":"2017-04-17T10:32:49","date_gmt":"2017-04-17T10:32:49","guid":{"rendered":"http:\/\/www.elektradata.com\/?post_type=product&#038;p=13921"},"modified":"2017-04-17T10:47:30","modified_gmt":"2017-04-17T10:47:30","slug":"cisco-c3kx-pwr-440wdc-catalyst-3k-x-3560-x-3750-x-power-supply","status":"publish","type":"product","link":"https:\/\/www.elektradata.com\/en\/urun\/cisco-c3kx-pwr-440wdc-catalyst-3k-x-3560-x-3750-x-power-supply\/","title":{"rendered":"Cisco Power Supply C3KX-PWR-440WDC Catalyst 3K-X 3560-X 3750-X"},"content":{"rendered":"<ul>\n<li><b>\u00dcr\u00fcn A\u00e7\u0131klamas\u0131<\/b>: Cisco C3KX-PWR-440WDC DC G\u00fc\u00e7 \u00dcnitesi<\/li>\n<li><strong>Kullan\u0131m Alan\u0131:\u00a0<\/strong>3560-X 3750-X\u00a0serileri<\/li>\n<li><strong>De\u011ferler:<\/strong>\n<ul>\n<li>Maximum output power C3KX-PWR-440WDC, PWR-C1-440WDC: 440 W<br \/>\nInput current C3KX-PWR-440WDC, PWR-C1-440WDC: 16 \u2013 8 A DC<br \/>\nInput voltage C3KX-PWR-440WDC, PWR-C1-440WDC: \u201336 to \u201372 VDC<br \/>\nOutput ratings C3KX-PWR-440WDC, PWR-C1-440WDC: \u201356 V@7.86 A<br \/>\nVoltage range domestic C3KX-PWR-440WDC, PWR-C1-440WDC: \u201336 VDC (minimum) \u201348 VDC (nominal), \u201372 VDC (maximum)<br \/>\nVoltage range international C3KX-PWR-440WDC, PWR-C1-440WDC: \u201336 VDC (minimum) \u201360 VDC (nominal), \u201372 VDC (maximum)<br \/>\nTotal input BTU1 1. C3KX-PWR-440WDC, PWR-C1-440WDC: 1841 Btus per hour, 540 W<br \/>\nTotal output BTU1 C3KX-PWR-440WDC, PWR-C1-440WDC: 1502 Btus per hour, 440 W<br \/>\nWire gauge for ground connection C3KX-PWR-440WDC, PWR-C1-440WDC: 12 AWG or 8 AWG<br \/>\nBranch circuit protection C3KX-PWR-440WDC, PWR-C1-440WDC: 20 A<\/li>\n<\/ul>\n<\/li>\n<\/ul>\n","protected":false},"excerpt":{"rendered":"<p>\u00dcr\u00fcn A\u00e7\u0131klamas\u0131: Cisco C3KX-PWR-440WDC DC G\u00fc\u00e7 \u00dcnitesi Kullan\u0131m Alan\u0131:\u00a03560-X 3750-X\u00a0serileri De\u011ferler: Maximum output [&hellip;]<\/p>\n","protected":false},"featured_media":13924,"comment_status":"open","ping_status":"closed","template":"","meta":{"_monsterinsights_skip_tracking":false,"_monsterinsights_sitenote_active":false,"_monsterinsights_sitenote_note":"","_monsterinsights_sitenote_category":0},"aioseo_notices":[],"_links":{"self":[{"href":"https:\/\/www.elektradata.com\/en\/wp-json\/wp\/v2\/product\/13921"}],"collection":[{"href":"https:\/\/www.elektradata.com\/en\/wp-json\/wp\/v2\/product"}],"about":[{"href":"https:\/\/www.elektradata.com\/en\/wp-json\/wp\/v2\/types\/product"}],"replies":[{"embeddable":true,"href":"https:\/\/www.elektradata.com\/en\/wp-json\/wp\/v2\/comments?post=13921"}],"wp:featuredmedia":[{"embeddable":true,"href":"https:\/\/www.elektradata.com\/en\/wp-json\/wp\/v2\/media\/13924"}],"wp:attachment":[{"href":"https:\/\/www.elektradata.com\/en\/wp-json\/wp\/v2\/media?parent=13921"}],"curies":[{"name":"wp","href":"https:\/\/api.w.org\/{rel}","templated":true}]}}