{"id":13898,"date":"2017-04-17T09:33:50","date_gmt":"2017-04-17T09:33:50","guid":{"rendered":"http:\/\/www.elektradata.com\/?post_type=product&#038;p=13898"},"modified":"2017-04-17T10:48:23","modified_gmt":"2017-04-17T10:48:23","slug":"cisco-c3kx-pwr-1100wac-catalyst-3560-x-3750-x-power-supply","status":"publish","type":"product","link":"https:\/\/www.elektradata.com\/en\/urun\/cisco-c3kx-pwr-1100wac-catalyst-3560-x-3750-x-power-supply\/","title":{"rendered":"Cisco Power Supply C3KX-PWR-1100WAC Catalyst 3K-X 3560-X 3750-X"},"content":{"rendered":"<ul>\n<li><b>\u00dcr\u00fcn A\u00e7\u0131klamas\u0131<\/b>: Cisco C3KX-PWR-1100WAC G\u00fc\u00e7 \u00dcnitesi<\/li>\n<li><strong>Kullan\u0131m Alan\u0131:\u00a0<\/strong>3560-X 3750-X\u00a0serileri<\/li>\n<li><strong>De\u011ferler:<\/strong>\n<ul>\n<li>Input Voltage: 110 V AC\u00a0220 V AC<br \/>\nInput Voltage Range: 115 V AC to 240 V AC<br \/>\nOutput Voltage: -56 V DC @ 19.64 A<br \/>\nInput Current: 12 A @110 V AC\/6 A @220 V AC<br \/>\nOutput Power: 1.10 kW<\/li>\n<\/ul>\n<\/li>\n<\/ul>\n<p>&nbsp;<\/p>\n","protected":false},"excerpt":{"rendered":"<p>\u00dcr\u00fcn A\u00e7\u0131klamas\u0131: Cisco C3KX-PWR-1100WAC G\u00fc\u00e7 \u00dcnitesi Kullan\u0131m Alan\u0131:\u00a03560-X 3750-X\u00a0serileri De\u011ferler: Input Voltage: 110 [&hellip;]<\/p>\n","protected":false},"featured_media":13902,"comment_status":"open","ping_status":"closed","template":"","meta":{"_monsterinsights_skip_tracking":false,"_monsterinsights_sitenote_active":false,"_monsterinsights_sitenote_note":"","_monsterinsights_sitenote_category":0},"aioseo_notices":[],"_links":{"self":[{"href":"https:\/\/www.elektradata.com\/en\/wp-json\/wp\/v2\/product\/13898"}],"collection":[{"href":"https:\/\/www.elektradata.com\/en\/wp-json\/wp\/v2\/product"}],"about":[{"href":"https:\/\/www.elektradata.com\/en\/wp-json\/wp\/v2\/types\/product"}],"replies":[{"embeddable":true,"href":"https:\/\/www.elektradata.com\/en\/wp-json\/wp\/v2\/comments?post=13898"}],"wp:featuredmedia":[{"embeddable":true,"href":"https:\/\/www.elektradata.com\/en\/wp-json\/wp\/v2\/media\/13902"}],"wp:attachment":[{"href":"https:\/\/www.elektradata.com\/en\/wp-json\/wp\/v2\/media?parent=13898"}],"curies":[{"name":"wp","href":"https:\/\/api.w.org\/{rel}","templated":true}]}}