{"id":13868,"date":"2017-04-17T08:30:22","date_gmt":"2017-04-17T08:30:22","guid":{"rendered":"http:\/\/www.elektradata.com\/?post_type=product&#038;p=13868"},"modified":"2017-04-17T09:44:51","modified_gmt":"2017-04-17T09:44:51","slug":"cisco-catalyst-ws-c3850-12s-e-12-port-ge-sfp-switch","status":"publish","type":"product","link":"https:\/\/www.elektradata.com\/en\/urun\/cisco-catalyst-ws-c3850-12s-e-12-port-ge-sfp-switch\/","title":{"rendered":"Cisco Catalyst WS-C3850-12S-E 12-port GE SFP Switch"},"content":{"rendered":"<ul>\n<li><b>\u00dcr\u00fcn A\u00e7\u0131klamas\u0131<\/b>: Cisco 3850-12S-E 12-port Gigabit SFP\u00a0port 3850 Serisi Switch \u2013 IP Services \u00f6zellik seti<\/li>\n<li><strong>\u00dcr\u00fcn Kodu<\/strong>: WS-C3850-12S-E<\/li>\n<li><b>Cihaz Tipi<\/b>: Switch \u2013 12\u00a0port \u2013 L3 \u2013 managed\/y\u00f6netilebilir \u2013 istiflenebilir\/stackable \u2013 hot swap mod\u00fcl deste\u011fi \u2013 mod\u00fcler fan ve g\u00fc\u00e7 kayna\u011f\u0131<\/li>\n<li><strong>Muhafaza Bi\u00e7imi<\/strong>: Rafa monte 1U, Desktop<\/li>\n<li><b>Ba\u011flant\u0131 Noktalar\u0131<\/b>: 12\u00a0x 1-Gigabit Ethernet SFP Port<\/li>\n<li><strong>Performans Kapasitesi<\/strong>: 68\u00a0Gbps Switching Kapasitesi, 50.5\u00a0Mbps Forwarding kapasitesi, 480 Gbps istifleme kapasitesi, 32K MAC adres tablosu<\/li>\n<li><b>\u00d6zellikler:<\/b>\u00a0350 WAC g\u00fc\u00e7 kayna\u011f\u0131, yedekli g\u00fc\u00e7 kayna\u011f\u0131 deste\u011fi (opsiyonel), SFP uplink mod\u00fcler a\u011f kart\u0131 deste\u011fi, RPS deste\u011fi, Jumbo Frames deste\u011fi, ARP deste\u011fi, Access Control List (ACL) deste\u011fi, IPv4 deste\u011fi, IPv6 deste\u011fi, Link Aggregation Control Protocol (LACP), MLD snooping, Multiple Spanning Tree Protocol (MSTP) deste\u011fi, Port Aggregation Protocol (PAgP) deste\u011fi, Quality of Service (QoS), RADIUS deste\u011fi, Rapid Per-VLAN Spanning Tree Plus (PVRST+), Rapid Spanning Tree Protocol (RSTP) deste\u011fi, Cisco StackPower teknolojisi, Remote Switch Port Analyzer (RSPAN), STP Root Guard, Shaped Round Robin (SRR), Syslog deste\u011fi, Trivial File Transfer Protocol (TFTP) deste\u011fi, Uni-Directional Link Detection (UDLD), VLAN deste\u011fi, Virtual Route Forwarding-Lite (VRF-Lite), auto-negotiation, auto-uplink (auto MDI\/MDI-X), Cisco StackWise-480 teknolojisi, layer 3 y\u00fck dengeleme, trunking, DHCP snooping, Dynamic ARP Inspection (DAI), Dynamic Trunking Protocol (DTP) deste\u011fi, Energy Efficient Ethernet, Flexible NetFlow (FNF), IGMP snooping,\u00a0layer 2 switching, layer 3 switching,\u00a0Embedded Event Manager (EEM), layer 3 routing, ipv6 routing<\/li>\n<\/ul>\n","protected":false},"excerpt":{"rendered":"<p>\u00dcr\u00fcn A\u00e7\u0131klamas\u0131: Cisco 3850-12S-E 12-port Gigabit SFP\u00a0port 3850 Serisi Switch \u2013 IP Services [&hellip;]<\/p>\n","protected":false},"featured_media":13873,"comment_status":"open","ping_status":"closed","template":"","meta":{"_monsterinsights_skip_tracking":false,"_monsterinsights_sitenote_active":false,"_monsterinsights_sitenote_note":"","_monsterinsights_sitenote_category":0},"aioseo_notices":[],"_links":{"self":[{"href":"https:\/\/www.elektradata.com\/en\/wp-json\/wp\/v2\/product\/13868"}],"collection":[{"href":"https:\/\/www.elektradata.com\/en\/wp-json\/wp\/v2\/product"}],"about":[{"href":"https:\/\/www.elektradata.com\/en\/wp-json\/wp\/v2\/types\/product"}],"replies":[{"embeddable":true,"href":"https:\/\/www.elektradata.com\/en\/wp-json\/wp\/v2\/comments?post=13868"}],"wp:featuredmedia":[{"embeddable":true,"href":"https:\/\/www.elektradata.com\/en\/wp-json\/wp\/v2\/media\/13873"}],"wp:attachment":[{"href":"https:\/\/www.elektradata.com\/en\/wp-json\/wp\/v2\/media?parent=13868"}],"curies":[{"name":"wp","href":"https:\/\/api.w.org\/{rel}","templated":true}]}}