{"id":13865,"date":"2017-04-17T07:53:50","date_gmt":"2017-04-17T07:53:50","guid":{"rendered":"http:\/\/www.elektradata.com\/?post_type=product&#038;p=13865"},"modified":"2017-04-17T09:41:38","modified_gmt":"2017-04-17T09:41:38","slug":"cisco-catalyst-ws-c3560x-48u-s-48-port-101001000-upoe-1100w-ac-switch","status":"publish","type":"product","link":"https:\/\/www.elektradata.com\/en\/urun\/cisco-catalyst-ws-c3560x-48u-s-48-port-101001000-upoe-1100w-ac-switch\/","title":{"rendered":"Cisco Catalyst WS-C3560X-48U-S 48-port 10\/100\/1000 UPOE 1100W AC Switch"},"content":{"rendered":"<ul>\n<li><b>\u00dcr\u00fcn A\u00e7\u0131klamas\u0131<\/b>: Cisco Catalyst 3560X-48U-S 3560-X Serisi\u00a048x 10\/100\/1000 UPOE Port Layer 3 Switch, IP Base\u00a0\u00f6zellik seti<\/li>\n<li><strong>\u00dcr\u00fcn Kodu<\/strong>: WS-C3560X-48U-S<\/li>\n<li><b>Cihaz Tipi<\/b>: Switch \u2013 48\u00a0port \u2013 L3 \u2013 managed\/y\u00f6netilebilir \u2013 istiflenebilir\/stackable \u2013 hot swap mod\u00fcl deste\u011fi \u2013 mod\u00fcler fan ve g\u00fc\u00e7 kayna\u011f\u0131 &#8211; 48x 10\/100\/1000 UPOE Port &#8211; 1100W AC power supply<\/li>\n<li><b>Muhafaza Bi\u00e7imi<\/b>: Rafa monte 1U, Desktop<\/li>\n<li><b>Ba\u011flant\u0131 Noktalar\u0131<\/b>: 48 x Ethernet (10\/100\/1000 )<\/li>\n<li><b>Ethernet \u00dczerinden G\u00fc\u00e7 (PoE)<\/b>: Cisco Universal Power over Ethernet \u2013 UPOE (800W kapasite)<\/li>\n<li><strong>,<\/strong><strong>\u00d6ne \u00c7\u0131kan \u00d6zellikler:<\/strong><\/li>\n<li>\n<ul>\n<li>B\u00fct\u00fcn Portlarda Energy Efficient Ethernet (EEE)<\/li>\n<li>Opsiyonel mod\u00fcl ile d\u00f6rt GE veya\u00a0iki 10GE uplink\u00a0imkan\u0131<\/li>\n<li>Yedekli ve yedekli\u00a0power supply ve fanlar<\/li>\n<li>MACsec, donan\u0131m tabanl\u0131 \u015fifreleme<\/li>\n<li>Uplink servis mod\u00fcl\u00fc ile Flexible NetFlow ve switch-to-switch donan\u0131m tabanl\u0131 \u015fifreleme<\/li>\n<li>Geli\u015ftirilmi\u015f Cisco EnergyWise\u2122\u00a0network \u00e7ap\u0131nda enerji\u00a0tasarrufu<\/li>\n<li>USB Type-A ile storage ve\u00a0Type-B (mini-USB) ile y\u00f6netim portu<\/li>\n<li>Cisco StackPower teknolojisi: End\u00fcstrinin ilk stack cihazlar arasi\u00a0g\u00fc\u00e7 paylas\u015f\u0131m\u0131 \u00f6zelli\u011fi<\/li>\n<li>Cisco StackWise Plus teknolojisi\u00a0ile\u00a064 Gbps kapasite ve yedeklilik\u00a0kullan\u0131m \u00f6zelli\u011fi<\/li>\n<\/ul>\n<\/li>\n<li><b>Teknik \u00d6zellikler<\/b>: 1100 WAC power supply, Layer 2 switching, ARP deste\u011fi, Access Control List (ACL) deste\u011fi, trunking, VLAN deste\u011fi, DHCP snooping, IPv6 deste\u011fi, IGMP snooping, Dynamic ARP Inspection (DAI), EIGRP Stub y\u00f6nlendirme, Energy Efficient Ethernet, Flexible NetFlow (FNF), Link Aggregation Control Protocol (LACP), Multiple Spanning Tree Protocol (MSTP) deste\u011fi, MLD snooping, Port Aggregation Protocol (PAgP) deste\u011fi, Rapid Spanning Tree Protocol (RSTP) deste\u011fi, \u00a0 Quality of Service (QoS), RADIUS deste\u011fi, Rapid Per-VLAN Spanning Tree Plus (PVRST+), Remote Switch Port Analyzer (RSPAN), Uni-Directional Link Detection (UDLD)<\/li>\n<\/ul>\n","protected":false},"excerpt":{"rendered":"<p>\u00dcr\u00fcn A\u00e7\u0131klamas\u0131: Cisco Catalyst 3560X-48U-S 3560-X Serisi\u00a048x 10\/100\/1000 UPOE Port Layer 3 Switch, [&hellip;]<\/p>\n","protected":false},"featured_media":13866,"comment_status":"open","ping_status":"closed","template":"","meta":{"_monsterinsights_skip_tracking":false,"_monsterinsights_sitenote_active":false,"_monsterinsights_sitenote_note":"","_monsterinsights_sitenote_category":0},"aioseo_notices":[],"_links":{"self":[{"href":"https:\/\/www.elektradata.com\/en\/wp-json\/wp\/v2\/product\/13865"}],"collection":[{"href":"https:\/\/www.elektradata.com\/en\/wp-json\/wp\/v2\/product"}],"about":[{"href":"https:\/\/www.elektradata.com\/en\/wp-json\/wp\/v2\/types\/product"}],"replies":[{"embeddable":true,"href":"https:\/\/www.elektradata.com\/en\/wp-json\/wp\/v2\/comments?post=13865"}],"wp:featuredmedia":[{"embeddable":true,"href":"https:\/\/www.elektradata.com\/en\/wp-json\/wp\/v2\/media\/13866"}],"wp:attachment":[{"href":"https:\/\/www.elektradata.com\/en\/wp-json\/wp\/v2\/media?parent=13865"}],"curies":[{"name":"wp","href":"https:\/\/api.w.org\/{rel}","templated":true}]}}