{"id":13841,"date":"2017-04-15T11:23:14","date_gmt":"2017-04-15T11:23:14","guid":{"rendered":"http:\/\/www.elektradata.com\/?post_type=product&#038;p=13841"},"modified":"2017-04-15T12:09:37","modified_gmt":"2017-04-15T12:09:37","slug":"cisco-catalyst-ws-c3750x-24t-s-24x-ge-3750x-switch-2","status":"publish","type":"product","link":"https:\/\/www.elektradata.com\/en\/urun\/cisco-catalyst-ws-c3750x-24t-s-24x-ge-3750x-switch-2\/","title":{"rendered":"Cisco Catalyst WS-C3750X-24T-S 24x GE 3750X Switch"},"content":{"rendered":"<ul>\n<li><b>\u00dcr\u00fcn A\u00e7\u0131klamas\u0131<\/b>: Cisco Catalyst 3750X-24T 24-port GE 3750X Serisi Switch \u2013 IP\u00a0Base \u00f6zellik\u00a0seti<\/li>\n<li><strong>\u00dcr\u00fcn Kodu<\/strong>: WS-C3750X-24T-S, C3KX-PWR-350WAC= (power supply)<\/li>\n<li><b>Cihaz Tipi<\/b>: Switch &#8211; 24 port &#8211; L3 &#8211; managed\/y\u00f6netilebilir &#8211; istiflenebilir\/stackable &#8211; hot swap mod\u00fcl deste\u011fi &#8211;\u00a0mod\u00fcler fan ve g\u00fc\u00e7 kayna\u011f\u0131<\/li>\n<li><strong>Muhafaza Bi\u00e7imi<\/strong>: Rafa monte 1U, Desktop<\/li>\n<li><b>Ba\u011flant\u0131 Noktalar\u0131<\/b>: 24\u00a0x 10\/100\/1000 Ethernet port<\/li>\n<li><strong>Performans Kapasitesi<\/strong>: 160\u00a0Gbps Switching Kapasitesi, 12K MAC tablosu<\/li>\n<li><b>Teknik \u00d6zellikler<\/b>: 350 WAC g\u00fc\u00e7 kayna\u011f\u0131, yedekli g\u00fc\u00e7 kayna\u011f\u0131 deste\u011fi (opsiyonel), SFP uplink mod\u00fcler a\u011f kart\u0131 deste\u011fi, Hot swap modul de\u011fi\u015ftirme deste\u011fi, Layer 3 switching, Layer 2 switching, dinamik IP adres atamas\u0131 , DHCP deste\u011fi, auto-negotiation, ARP deste\u011fi, trunking, VLAN deste\u011fi, auto-uplink (auto MDI\/MDI-X), IGMP snooping, Syslog deste\u011fi, traffic shaping, Broadcast Storm Control, High Availability, Multicast Storm Control, Unicast Storm Control, Rapid Spanning Tree Protocol (RSTP) deste\u011fi, DHCP snooping, Dynamic Trunking Protocol (DTP) deste\u011fi, Port Aggregation Protocol (PAgP) deste\u011fi, Eri\u015fim Kontrol Listesi (ACL) deste\u011fi, Quality of Service (QoS), Jumbo Frames deste\u011fi, MLD snooping, Dynamic ARP Inspection (DAI), Per-VLAN Spanning Tree Plus (PVST+), EIGRP Stub Routing<\/li>\n<\/ul>\n","protected":false},"excerpt":{"rendered":"<p>\u00dcr\u00fcn A\u00e7\u0131klamas\u0131: Cisco Catalyst 3750X-24T 24-port GE 3750X Serisi Switch \u2013 IP\u00a0Base \u00f6zellik\u00a0seti [&hellip;]<\/p>\n","protected":false},"featured_media":13842,"comment_status":"open","ping_status":"closed","template":"","meta":{"_monsterinsights_skip_tracking":false,"_monsterinsights_sitenote_active":false,"_monsterinsights_sitenote_note":"","_monsterinsights_sitenote_category":0},"aioseo_notices":[],"_links":{"self":[{"href":"https:\/\/www.elektradata.com\/en\/wp-json\/wp\/v2\/product\/13841"}],"collection":[{"href":"https:\/\/www.elektradata.com\/en\/wp-json\/wp\/v2\/product"}],"about":[{"href":"https:\/\/www.elektradata.com\/en\/wp-json\/wp\/v2\/types\/product"}],"replies":[{"embeddable":true,"href":"https:\/\/www.elektradata.com\/en\/wp-json\/wp\/v2\/comments?post=13841"}],"wp:featuredmedia":[{"embeddable":true,"href":"https:\/\/www.elektradata.com\/en\/wp-json\/wp\/v2\/media\/13842"}],"wp:attachment":[{"href":"https:\/\/www.elektradata.com\/en\/wp-json\/wp\/v2\/media?parent=13841"}],"curies":[{"name":"wp","href":"https:\/\/api.w.org\/{rel}","templated":true}]}}