{"id":13830,"date":"2017-04-14T08:43:55","date_gmt":"2017-04-14T08:43:55","guid":{"rendered":"http:\/\/www.elektradata.com\/?post_type=product&#038;p=13830"},"modified":"2017-04-15T12:11:24","modified_gmt":"2017-04-15T12:11:24","slug":"cisco-catalyst-ws-c3750x-48p-s-48x-ge-poe-3750x-switch","status":"publish","type":"product","link":"https:\/\/www.elektradata.com\/en\/urun\/cisco-catalyst-ws-c3750x-48p-s-48x-ge-poe-3750x-switch\/","title":{"rendered":"Cisco Catalyst WS-C3750X-48P-S 48x GE PoE+ 3750X Switch"},"content":{"rendered":"<ul>\n<li><b>\u00dcr\u00fcn A\u00e7\u0131klamas\u0131<\/b>: Cisco Catalyst 3750X-P 48-port GE PoE+ 3750X Serisi Switch \u2013\u00a0IP Base feature set<\/li>\n<li><strong>\u00dcr\u00fcn Kodu<\/strong>: WS-C3750X-48P-S,\u00a0C3KX-PWR-715WAC (power supply)<\/li>\n<li><b>Cihaz Tipi<\/b>: Switch &#8211; 48\u00a0port &#8211; L3 &#8211; managed\/y\u00f6netilebilir &#8211; istiflenebilir\/stackable &#8211; hot swap mod\u00fcl deste\u011fi &#8211; mod\u00fcler fan ve g\u00fc\u00e7 kayna\u011f\u0131<\/li>\n<li><strong>Muhafaza Bi\u00e7imi<\/strong>: Rafa monte 1U, Desktop<\/li>\n<li><b>Ba\u011flant\u0131 Noktalar\u0131<\/b>: 48 x 10\/100\/1000 Gigabit Ethernet (PoE+)<\/li>\n<li><b>Ethernet \u00dczerinden G\u00fc\u00e7 (PoE)<\/b>: PoE+ (435W kapasite)<\/li>\n<li><strong>Performans Kapasitesi<\/strong>: 160\u00a0Gbps Switching Kapasitesi, 101.2 Mbps Forwarding kapasitesi, 12K MAC tablosu<\/li>\n<li><b>Teknik \u00d6zellikler<\/b>: 715\u00a0WAC g\u00fc\u00e7 kayna\u011f\u0131, yedekli g\u00fc\u00e7 kayna\u011f\u0131 deste\u011fi (opsiyonel), SFP uplink mod\u00fcler a\u011f kart\u0131 deste\u011fi, Hot swap modul de\u011fi\u015ftirme deste\u011fi, replacement, Layer 3 switching, Layer 2 switching, dinamik \u00a0IP adresi atama, DHCP deste\u011fi, power over Ethernet (PoE), auto-negotiation, ARP deste\u011fi, trunking, VLAN deste\u011fi, auto-uplink (auto MDI\/MDI-X), IGMP snooping, Syslog deste\u011fi, traffic shaping, Broadcast Storm Control, High Availability, Multicast Storm Control, Unicast Storm Control, Rapid Spanning Tree Protocol (RSTP) deste\u011fi, DHCP snooping, Dynamic Trunking Protocol (DTP) deste\u011fi, Port Aggregation Protocol (PAgP) deste\u011fi, Access Control List (ACL) deste\u011fi, Quality of Service (QoS), Jumbo Frames deste\u011fi, MLD snooping, Dynamic ARP Inspection (DAI), PoE+, Per-VLAN Spanning Tree Plus (PVST+), EIGRP Stub Routing<\/li>\n<\/ul>\n","protected":false},"excerpt":{"rendered":"<p>\u00dcr\u00fcn A\u00e7\u0131klamas\u0131: Cisco Catalyst 3750X-P 48-port GE PoE+ 3750X Serisi Switch \u2013\u00a0IP Base [&hellip;]<\/p>\n","protected":false},"featured_media":13832,"comment_status":"open","ping_status":"closed","template":"","meta":{"_monsterinsights_skip_tracking":false,"_monsterinsights_sitenote_active":false,"_monsterinsights_sitenote_note":"","_monsterinsights_sitenote_category":0},"aioseo_notices":[],"_links":{"self":[{"href":"https:\/\/www.elektradata.com\/en\/wp-json\/wp\/v2\/product\/13830"}],"collection":[{"href":"https:\/\/www.elektradata.com\/en\/wp-json\/wp\/v2\/product"}],"about":[{"href":"https:\/\/www.elektradata.com\/en\/wp-json\/wp\/v2\/types\/product"}],"replies":[{"embeddable":true,"href":"https:\/\/www.elektradata.com\/en\/wp-json\/wp\/v2\/comments?post=13830"}],"wp:featuredmedia":[{"embeddable":true,"href":"https:\/\/www.elektradata.com\/en\/wp-json\/wp\/v2\/media\/13832"}],"wp:attachment":[{"href":"https:\/\/www.elektradata.com\/en\/wp-json\/wp\/v2\/media?parent=13830"}],"curies":[{"name":"wp","href":"https:\/\/api.w.org\/{rel}","templated":true}]}}