{"id":13827,"date":"2017-04-13T15:34:27","date_gmt":"2017-04-13T15:34:27","guid":{"rendered":"http:\/\/www.elektradata.com\/?post_type=product&#038;p=13827"},"modified":"2017-04-13T15:34:27","modified_gmt":"2017-04-13T15:34:27","slug":"cisco-catalyst-ws-c3650-8x24uq-l-24-port-multigigabit-upoe-4x10g-sfp-switch","status":"publish","type":"product","link":"https:\/\/www.elektradata.com\/en\/urun\/cisco-catalyst-ws-c3650-8x24uq-l-24-port-multigigabit-upoe-4x10g-sfp-switch\/","title":{"rendered":"Cisco Catalyst WS-C3650-8X24UQ-L 24-port MultiGigabit UPOE 4x10G SFP+ Switch"},"content":{"rendered":"<ul>\n<li><b>\u00dcr\u00fcn A\u00e7\u0131klamas\u0131<\/b>: Cisco Catalyst\u00a03650-8X24UQ 3650 Serisi 24x Multigigabit UPOE 4x10G SFP+ Layer 3 Switch, LAN Base\u00a0feature set<\/li>\n<li><strong>\u00dcr\u00fcn Kodu<\/strong>: WS-C3650-8X24UQ-L<\/li>\n<li><b>Cihaz Tipi<\/b>: Layer 3 Switch, istiflenebilir \u00a024x\u00a0ve 4x10G Uplink port, 1100WAC power supply<\/li>\n<li><b>Muhafaza Bi\u00e7imi<\/b>: Rafa monte 1U, Desktop<\/li>\n<li><b>Ba\u011flant\u0131 Noktalar\u0131<\/b>: 24\u00a0x MultiGigabit Ethernet (16 10\/100\/1000 and 8 100Mbps\/1\/2.5\/5\/10 Gbps) + 4\u00a0x 10 Gigabit SFP+ (uplink)<\/li>\n<li><b>Ethernet \u00dczerinden G\u00fc\u00e7 (PoE)<\/b>: Cisco Universal Power over Ethernet &#8211; UPOE (820W kapasite)<\/li>\n<li><strong>Performans Kapasitesi<\/strong>: 272 Gbps Switching Kapasitesi, 202.38\u00a0Mbps Forwarding kapasitesi,\u00a032K MAC tablosu<\/li>\n<li><b>Teknik \u00d6zellikler<\/b>: 1100 WAC power supply, Layer 2 switching, ARP deste\u011fi, Access Control List (ACL) deste\u011fi, trunking, VLAN deste\u011fi, DHCP snooping, IPv6 deste\u011fi, IGMP snooping, Dynamic ARP Inspection (DAI), EIGRP Stub y\u00f6nlendirme, Energy Efficient Ethernet, Flexible NetFlow (FNF), Link Aggregation Control Protocol (LACP), Multiple Spanning Tree Protocol (MSTP) deste\u011fi, MLD snooping, Port Aggregation Protocol (PAgP) deste\u011fi, Rapid Spanning Tree Protocol (RSTP) deste\u011fi, \u00a0 Quality of Service (QoS), RADIUS deste\u011fi, Rapid Per-VLAN Spanning Tree Plus (PVRST+), Remote Switch Port Analyzer (RSPAN), Uni-Directional Link Detection (UDLD)<\/li>\n<\/ul>\n","protected":false},"excerpt":{"rendered":"<p>\u00dcr\u00fcn A\u00e7\u0131klamas\u0131: Cisco Catalyst\u00a03650-8X24UQ 3650 Serisi 24x Multigigabit UPOE 4x10G SFP+ Layer 3 [&hellip;]<\/p>\n","protected":false},"featured_media":13829,"comment_status":"open","ping_status":"closed","template":"","meta":{"_monsterinsights_skip_tracking":false,"_monsterinsights_sitenote_active":false,"_monsterinsights_sitenote_note":"","_monsterinsights_sitenote_category":0},"aioseo_notices":[],"_links":{"self":[{"href":"https:\/\/www.elektradata.com\/en\/wp-json\/wp\/v2\/product\/13827"}],"collection":[{"href":"https:\/\/www.elektradata.com\/en\/wp-json\/wp\/v2\/product"}],"about":[{"href":"https:\/\/www.elektradata.com\/en\/wp-json\/wp\/v2\/types\/product"}],"replies":[{"embeddable":true,"href":"https:\/\/www.elektradata.com\/en\/wp-json\/wp\/v2\/comments?post=13827"}],"wp:featuredmedia":[{"embeddable":true,"href":"https:\/\/www.elektradata.com\/en\/wp-json\/wp\/v2\/media\/13829"}],"wp:attachment":[{"href":"https:\/\/www.elektradata.com\/en\/wp-json\/wp\/v2\/media?parent=13827"}],"curies":[{"name":"wp","href":"https:\/\/api.w.org\/{rel}","templated":true}]}}