{"id":13821,"date":"2017-04-13T12:00:02","date_gmt":"2017-04-13T12:00:02","guid":{"rendered":"http:\/\/www.elektradata.com\/?post_type=product&#038;p=13821"},"modified":"2017-04-13T12:04:39","modified_gmt":"2017-04-13T12:04:39","slug":"cisco-catalyst-ws-c3650-48tq-e-48-4-10g-sfp-switch","status":"publish","type":"product","link":"https:\/\/www.elektradata.com\/en\/urun\/cisco-catalyst-ws-c3650-48tq-e-48-4-10g-sfp-switch\/","title":{"rendered":"Cisco Catalyst WS-C3650-48TQ-E 48+4 10G SFP+ Switch"},"content":{"rendered":"<ul>\n<li><b>\u00dcr\u00fcn A\u00e7\u0131klamas\u0131<\/b>: Cisco Catalyst WS-C3650\u00a048-port Gigabit 4-port 10 Gigabit SFP+ uplink 3650 Serisi Switch &#8211;\u00a0IP Services feature set<\/li>\n<li><strong>\u00dcr\u00fcn Kodu<\/strong>: WS-C3650-48TQ-E<\/li>\n<li><b>Cihaz Tipi<\/b>: Switch \u2013 48\u00a0port \u2013 L3 \u2013 managed\/y\u00f6netilebilir \u2013 istiflenebilir\/stackable<\/li>\n<li><strong>Muhafaza Bi\u00e7imi<\/strong>: Rafa monte 1U, Desktop<\/li>\n<li><b>Ba\u011flant\u0131 Noktalar\u0131<\/b>: 48 x 10\/100\/1000 GE + 4\u00a0x 10 Gigabit SFP+ (uplink)<\/li>\n<li><strong>Performans Kapasitesi<\/strong>: 176\u00a0Gbps Switching Kapasitesi, 130.95 Mbps Forwarding kapasitesi,\u00a032K MAC tablosu<\/li>\n<li><b>Teknik \u00d6zellikler<\/b>: 250 WAC power supply, Layer 2 switching, ARP deste\u011fi, Access Control List (ACL) deste\u011fi, trunking, VLAN deste\u011fi, DHCP snooping, IGMP snooping, Dynamic ARP Inspection (DAI), EIGRP Stub y\u00f6nlendirme, Energy Efficient Ethernet, Flexible NetFlow (FNF), Link Aggregation Control Protocol (LACP), Multiple Spanning Tree Protocol (MSTP) deste\u011fi, MLD snooping, Port Aggregation Protocol (PAgP) deste\u011fi, Rapid Spanning Tree Protocol (RSTP) deste\u011fi, Quality of Service (QoS), RADIUS deste\u011fi, Rapid Per-VLAN Spanning Tree Plus (PVRST+), Remote Switch Port Analyzer (RSPAN), Uni-Directional Link Detection (UDLD), Virtual Route Forwarding-Lite (VRF-Lite)<\/li>\n<\/ul>\n","protected":false},"excerpt":{"rendered":"<p>\u00dcr\u00fcn A\u00e7\u0131klamas\u0131: Cisco Catalyst WS-C3650\u00a048-port Gigabit 4-port 10 Gigabit SFP+ uplink 3650 Serisi [&hellip;]<\/p>\n","protected":false},"featured_media":13822,"comment_status":"open","ping_status":"closed","template":"","meta":{"_monsterinsights_skip_tracking":false,"_monsterinsights_sitenote_active":false,"_monsterinsights_sitenote_note":"","_monsterinsights_sitenote_category":0},"aioseo_notices":[],"_links":{"self":[{"href":"https:\/\/www.elektradata.com\/en\/wp-json\/wp\/v2\/product\/13821"}],"collection":[{"href":"https:\/\/www.elektradata.com\/en\/wp-json\/wp\/v2\/product"}],"about":[{"href":"https:\/\/www.elektradata.com\/en\/wp-json\/wp\/v2\/types\/product"}],"replies":[{"embeddable":true,"href":"https:\/\/www.elektradata.com\/en\/wp-json\/wp\/v2\/comments?post=13821"}],"wp:featuredmedia":[{"embeddable":true,"href":"https:\/\/www.elektradata.com\/en\/wp-json\/wp\/v2\/media\/13822"}],"wp:attachment":[{"href":"https:\/\/www.elektradata.com\/en\/wp-json\/wp\/v2\/media?parent=13821"}],"curies":[{"name":"wp","href":"https:\/\/api.w.org\/{rel}","templated":true}]}}