{"id":13815,"date":"2017-04-13T11:40:58","date_gmt":"2017-04-13T11:40:58","guid":{"rendered":"http:\/\/www.elektradata.com\/?post_type=product&#038;p=13815"},"modified":"2017-04-13T11:51:54","modified_gmt":"2017-04-13T11:51:54","slug":"cisco-catalyst-ws-c3650-48td-e-48-4-port-sfp-switch","status":"publish","type":"product","link":"https:\/\/www.elektradata.com\/en\/urun\/cisco-catalyst-ws-c3650-48td-e-48-4-port-sfp-switch\/","title":{"rendered":"Cisco Catalyst WS-C3650-48TD-E 48+4 port SFP+ Switch"},"content":{"rendered":"<ul>\n<li><b>\u00dcr\u00fcn A\u00e7\u0131klamas\u0131<\/b>: Cisco Catalyst WS-C3650-48TD-E 48-port GE 2x 10G SFP+ Uplink 3650 Serisi Switch, IP Services feature set<\/li>\n<li><strong>\u00dcr\u00fcn Kodu<\/strong>: WS-C3650-48TD-E<\/li>\n<li><b>Cihaz Tipi<\/b>: Switch &#8211; 48\u00a0port &#8211; L3 &#8211; managed\/y\u00f6netilebilir &#8211; istiflenebilir\/stackable<\/li>\n<li><strong>Muhafaza Bi\u00e7imi<\/strong>: Rafa monte 1U, Desktop<\/li>\n<li><b>Ba\u011flant\u0131 Noktalar\u0131<\/b>: 48 x 10\/100\/1000 GE + 4\u00a0x uplink SFP (4x 1GE veya 2x 10GE SFP+ ve 2x 1GE SFP)<\/li>\n<li><strong>Performans Kapasitesi<\/strong>: 176\u00a0Gbps Switching Kapasitesi, 104.16 Mbps Forwarding Kapasitesi,\u00a032K MAC tablosu<\/li>\n<li><b>Teknik \u00d6zellikler<\/b>: 250WAC power supply, Layer 2 switching, ARP deste\u011fi, Access Control List (ACL) deste\u011fi, trunking, VLAN deste\u011fi, DHCP snooping, IGMP snooping, Dynamic ARP Inspection (DAI), EIGRP Stub y\u00f6nlendirme, Energy Efficient Ethernet, Flexible NetFlow (FNF), Link Aggregation Control Protocol (LACP), Multiple Spanning Tree Protocol (MSTP) deste\u011fi, MLD snooping, Port Aggregation Protocol (PAgP) deste\u011fi, Rapid Spanning Tree Protocol (RSTP) deste\u011fi, \u00a0 Quality of Service (QoS), RADIUS deste\u011fi, Rapid Per-VLAN Spanning Tree Plus (PVRST+), Remote Switch Port Analyzer (RSPAN), Uni-Directional Link Detection (UDLD),\u00a0Virtual Route Forwarding-Lite (VRF-Lite)<\/li>\n<\/ul>\n","protected":false},"excerpt":{"rendered":"<p>\u00dcr\u00fcn A\u00e7\u0131klamas\u0131: Cisco Catalyst WS-C3650-48TD-E 48-port GE 2x 10G SFP+ Uplink 3650 Serisi [&hellip;]<\/p>\n","protected":false},"featured_media":13816,"comment_status":"open","ping_status":"closed","template":"","meta":{"_monsterinsights_skip_tracking":false,"_monsterinsights_sitenote_active":false,"_monsterinsights_sitenote_note":"","_monsterinsights_sitenote_category":0},"aioseo_notices":[],"_links":{"self":[{"href":"https:\/\/www.elektradata.com\/en\/wp-json\/wp\/v2\/product\/13815"}],"collection":[{"href":"https:\/\/www.elektradata.com\/en\/wp-json\/wp\/v2\/product"}],"about":[{"href":"https:\/\/www.elektradata.com\/en\/wp-json\/wp\/v2\/types\/product"}],"replies":[{"embeddable":true,"href":"https:\/\/www.elektradata.com\/en\/wp-json\/wp\/v2\/comments?post=13815"}],"wp:featuredmedia":[{"embeddable":true,"href":"https:\/\/www.elektradata.com\/en\/wp-json\/wp\/v2\/media\/13816"}],"wp:attachment":[{"href":"https:\/\/www.elektradata.com\/en\/wp-json\/wp\/v2\/media?parent=13815"}],"curies":[{"name":"wp","href":"https:\/\/api.w.org\/{rel}","templated":true}]}}