{"id":13781,"date":"2017-04-12T10:57:42","date_gmt":"2017-04-12T10:57:42","guid":{"rendered":"http:\/\/www.elektradata.com\/?post_type=product&#038;p=13781"},"modified":"2017-04-12T11:02:13","modified_gmt":"2017-04-12T11:02:13","slug":"cisco-catalyst-ws-c3650-24ts-s-24-port-ge-4x1g-sfp-switch","status":"publish","type":"product","link":"https:\/\/www.elektradata.com\/en\/urun\/cisco-catalyst-ws-c3650-24ts-s-24-port-ge-4x1g-sfp-switch\/","title":{"rendered":"Cisco Catalyst WS-C3650-24TS-S 24-Port GE 4x1G SFP Switch"},"content":{"rendered":"<ul>\n<li><b>\u00dcr\u00fcn A\u00e7\u0131klamas\u0131<\/b>: Cisco Catalyst WS-C3650 24-port GE 4x1G SFP uplink 3650 Serisi Switch &#8211; IP\u00a0Base\u00a0feature set<\/li>\n<li><strong>\u00dcr\u00fcn Kodu<\/strong>: WS-C3650-24TS-S<\/li>\n<li><b>Cihaz Tipi<\/b>: Switch \u2013 24 port \u2013 L3 \u2013 managed\/y\u00f6netilebilir \u2013 istiflenebilir\/stackable<\/li>\n<li><strong>Muhafaza Bi\u00e7imi<\/strong>: Rafa monte 1U, Desktop<\/li>\n<li><b>Ba\u011flant\u0131 Noktalar\u0131<\/b>: 24\u00a0x 10\/100\/1000 GE + 4\u00a0x Gigabit\u00a0SFP uplink<\/li>\n<li><strong>Performans Kapasitesi<\/strong>: 88 Gbps Switching Kapasitesi, 41.66\u00a0Mbps Forwarding kapasitesi,\u00a032K MAC tablosu<\/li>\n<li><b>Teknik \u00d6zellikler<\/b>: 250\u00a0WAC power supply, Layer 2 switching, ARP deste\u011fi, Access Control List (ACL) deste\u011fi, trunking, VLAN deste\u011fi, DHCP snooping, IGMP snooping, Dynamic ARP Inspection (DAI), EIGRP Stub y\u00f6nlendirme, Energy Efficient Ethernet, Flexible NetFlow (FNF), Link Aggregation Control Protocol (LACP), Multiple Spanning Tree Protocol (MSTP) deste\u011fi, MLD snooping, Port Aggregation Protocol (PAgP) deste\u011fi, Rapid Spanning Tree Protocol (RSTP) deste\u011fi, \u00a0 Quality of Service (QoS), RADIUS deste\u011fi, Rapid Per-VLAN Spanning Tree Plus (PVRST+), Remote Switch Port Analyzer (RSPAN), Uni-Directional Link Detection (UDLD),\u00a0Virtual Route Forwarding-Lite (VRF-Lite)<\/li>\n<\/ul>\n","protected":false},"excerpt":{"rendered":"<p>\u00dcr\u00fcn A\u00e7\u0131klamas\u0131: Cisco Catalyst WS-C3650 24-port GE 4x1G SFP uplink 3650 Serisi Switch [&hellip;]<\/p>\n","protected":false},"featured_media":13783,"comment_status":"open","ping_status":"closed","template":"","meta":{"_monsterinsights_skip_tracking":false,"_monsterinsights_sitenote_active":false,"_monsterinsights_sitenote_note":"","_monsterinsights_sitenote_category":0},"aioseo_notices":[],"_links":{"self":[{"href":"https:\/\/www.elektradata.com\/en\/wp-json\/wp\/v2\/product\/13781"}],"collection":[{"href":"https:\/\/www.elektradata.com\/en\/wp-json\/wp\/v2\/product"}],"about":[{"href":"https:\/\/www.elektradata.com\/en\/wp-json\/wp\/v2\/types\/product"}],"replies":[{"embeddable":true,"href":"https:\/\/www.elektradata.com\/en\/wp-json\/wp\/v2\/comments?post=13781"}],"wp:featuredmedia":[{"embeddable":true,"href":"https:\/\/www.elektradata.com\/en\/wp-json\/wp\/v2\/media\/13783"}],"wp:attachment":[{"href":"https:\/\/www.elektradata.com\/en\/wp-json\/wp\/v2\/media?parent=13781"}],"curies":[{"name":"wp","href":"https:\/\/api.w.org\/{rel}","templated":true}]}}