{"id":13762,"date":"2017-04-12T08:38:13","date_gmt":"2017-04-12T08:38:13","guid":{"rendered":"http:\/\/www.elektradata.com\/?post_type=product&#038;p=13762"},"modified":"2017-04-12T08:40:13","modified_gmt":"2017-04-12T08:40:13","slug":"cisco-catalyst-ws-c3650-24pd-l-24-port-ge-poe-switch","status":"publish","type":"product","link":"https:\/\/www.elektradata.com\/en\/urun\/cisco-catalyst-ws-c3650-24pd-l-24-port-ge-poe-switch\/","title":{"rendered":"Cisco Catalyst WS-C3650-24PD-L 24-Port GE PoE+ Switch"},"content":{"rendered":"<ul>\n<li><b>\u00dcr\u00fcn A\u00e7\u0131klamas\u0131<\/b>: Cisco Catalyst WS-C3650 24-port PoE 2x10G SFP+ uplink 3650 Serisi Switch \u2013 LAN Base\u00a0feature set<\/li>\n<li><strong>\u00dcr\u00fcn Kodu<\/strong>: WS-C3650-24PD-L<\/li>\n<li><b>Cihaz Tipi<\/b>: Switch \u2013 24 port \u2013 L3 \u2013 managed\/y\u00f6netilebilir \u2013 istiflenebilir\/stackable<\/li>\n<li><strong>Muhafaza Bi\u00e7imi<\/strong>: Rafa monte 1U, Desktop<\/li>\n<li><b>Ba\u011flant\u0131 Noktalar\u0131<\/b>: 24\u00a0x 10\/100\/1000 GE (PoE+) + 4\u00a0x uplink SFP (4x 1GE veya 2x 10GE SFP+ ve 2x 1GE SFP)<\/li>\n<li><b>Ethernet \u00dczerinden G\u00fc\u00e7 (PoE)<\/b>: PoE+ (390W kapasite)<\/li>\n<li><strong>Performans Kapasitesi<\/strong>: 88 Gbps Switching Kapasitesi, 68.45\u00a0Mbps Forwarding kapasitesi,\u00a032K MAC tablosu<\/li>\n<li><b>Teknik \u00d6zellikler<\/b>: 640\u00a0WAC power supply, Layer 2 switching, ARP deste\u011fi, Access Control List (ACL) deste\u011fi, trunking, VLAN deste\u011fi, DHCP snooping, IGMP snooping, Dynamic ARP Inspection (DAI), EIGRP Stub y\u00f6nlendirme, Energy Efficient Ethernet, Flexible NetFlow (FNF), Link Aggregation Control Protocol (LACP), Multiple Spanning Tree Protocol (MSTP) deste\u011fi, MLD snooping, Port Aggregation Protocol (PAgP) deste\u011fi, Rapid Spanning Tree Protocol (RSTP) deste\u011fi, \u00a0 Quality of Service (QoS), RADIUS deste\u011fi, Rapid Per-VLAN Spanning Tree Plus (PVRST+), Remote Switch Port Analyzer (RSPAN), Uni-Directional Link Detection (UDLD)<\/li>\n<\/ul>\n","protected":false},"excerpt":{"rendered":"<p>\u00dcr\u00fcn A\u00e7\u0131klamas\u0131: Cisco Catalyst WS-C3650 24-port PoE 2x10G SFP+ uplink 3650 Serisi Switch [&hellip;]<\/p>\n","protected":false},"featured_media":13763,"comment_status":"open","ping_status":"closed","template":"","meta":{"_monsterinsights_skip_tracking":false,"_monsterinsights_sitenote_active":false,"_monsterinsights_sitenote_note":"","_monsterinsights_sitenote_category":0},"aioseo_notices":[],"_links":{"self":[{"href":"https:\/\/www.elektradata.com\/en\/wp-json\/wp\/v2\/product\/13762"}],"collection":[{"href":"https:\/\/www.elektradata.com\/en\/wp-json\/wp\/v2\/product"}],"about":[{"href":"https:\/\/www.elektradata.com\/en\/wp-json\/wp\/v2\/types\/product"}],"replies":[{"embeddable":true,"href":"https:\/\/www.elektradata.com\/en\/wp-json\/wp\/v2\/comments?post=13762"}],"wp:featuredmedia":[{"embeddable":true,"href":"https:\/\/www.elektradata.com\/en\/wp-json\/wp\/v2\/media\/13763"}],"wp:attachment":[{"href":"https:\/\/www.elektradata.com\/en\/wp-json\/wp\/v2\/media?parent=13762"}],"curies":[{"name":"wp","href":"https:\/\/api.w.org\/{rel}","templated":true}]}}