{"id":13736,"date":"2017-04-11T12:57:30","date_gmt":"2017-04-11T12:57:30","guid":{"rendered":"http:\/\/www.elektradata.com\/?post_type=product&#038;p=13736"},"modified":"2017-04-11T13:07:19","modified_gmt":"2017-04-11T13:07:19","slug":"cisco-catalyst-3850-c3850-nm-4-10g-expansion-module","status":"publish","type":"product","link":"https:\/\/www.elektradata.com\/en\/urun\/cisco-catalyst-3850-c3850-nm-4-10g-expansion-module\/","title":{"rendered":"Cisco Catalyst 3850 C3850-NM-4-10G Expansion Module"},"content":{"rendered":"<ul>\n<li><b>\u00dcr\u00fcn A\u00e7\u0131klamas\u0131<\/b>: Cisco C3850-NM-4-10G Catalyst 3850 Serisi Geni\u015fleme Mod\u00fcl\u00fc<\/li>\n<li><strong>\u00dcr\u00fcn Kodu<\/strong>: C3850-NM-4-10G<\/li>\n<li><b>Cihaz Tipi<\/b>: A\u011f Aray\u00fcz Mod\u00fcl\u00fc<\/li>\n<li><strong>Aray\u00fcz Birimleri: <\/strong>4 adet Gigabit Ethernet veya\u00a04 adet 10 Gigabit Ethernet<\/li>\n<li><b><b>Uyumluluk Tablosu:<\/b><\/b><br \/>\n<table border=\"1\" width=\"100%\" cellspacing=\"0\" cellpadding=\"6\">\n<tbody>\n<tr align=\"left\" valign=\"top\">\n<td>\n<p class=\"pChart_headCMT\"><strong>Model<\/strong><\/p>\n<\/td>\n<td>\n<p class=\"pChart_headCMT\"><strong>Network\u00a0Mod\u00fcl\u00fc<\/strong><\/p>\n<\/td>\n<\/tr>\n<tr align=\"left\" valign=\"top\">\n<td>\n<p class=\"pChart_subheadCMT\">WS-C3850-24T<\/p>\n<\/td>\n<td>\n<p class=\"pChart_bodyCMT\">C3850-NM-4-1G, C3850-NM-2-10G<\/p>\n<\/td>\n<\/tr>\n<tr align=\"left\" valign=\"top\">\n<td>\n<p class=\"pChart_subheadCMT\">WS-C3850-48T<\/p>\n<\/td>\n<td>\n<p class=\"pChart_bodyCMT\">C3850-NM-4-1G, C3850-NM-2-10G, C3850-NM-4-10G<\/p>\n<\/td>\n<\/tr>\n<tr align=\"left\" valign=\"top\">\n<td>\n<p class=\"pChart_subheadCMT\">WS-C3850-24P<\/p>\n<\/td>\n<td>\n<p class=\"pChart_bodyCMT\">C3850-NM-4-1G, C3850-NM-2-10G<\/p>\n<\/td>\n<\/tr>\n<tr align=\"left\" valign=\"top\">\n<td>\n<p class=\"pChart_subheadCMT\">WS-C3850-48P<\/p>\n<\/td>\n<td>\n<p class=\"pChart_bodyCMT\">C3850-NM-4-1G, C3850-NM-2-10G, C3850-NM-4-10G<\/p>\n<\/td>\n<\/tr>\n<tr align=\"left\" valign=\"top\">\n<td>\n<p class=\"pChart_subheadCMT\">WS-C3850-48F<\/p>\n<\/td>\n<td>\n<p class=\"pChart_bodyCMT\">C3850-NM-4-1G, C3850-NM-2-10G, C3850-NM-4-10G<\/p>\n<\/td>\n<\/tr>\n<tr align=\"left\" valign=\"top\">\n<td>\n<p class=\"pChart_subheadCMT\">WS-C3850-24U<\/p>\n<\/td>\n<td>\n<p class=\"pChart_bodyCMT\">C3850-NM-4-1G, C3850-NM-2-10G<\/p>\n<\/td>\n<\/tr>\n<tr align=\"left\" valign=\"top\">\n<td>\n<p class=\"pChart_subheadCMT\">WS-C3850-48U<\/p>\n<\/td>\n<td>\n<p class=\"pChart_bodyCMT\">C3850-NM-4-1G, C3850-NM-2-10G, C3850-NM-4-10G<\/p>\n<\/td>\n<\/tr>\n<tr align=\"left\" valign=\"top\">\n<td>\n<p class=\"pChart_subheadCMT\">WS-C3850-24XU<\/p>\n<\/td>\n<td>\n<p class=\"pChart_bodyCMT\">C3850-NM-4-1G, C3850-NM-2-10G, C3850-NM-4-10G, C3850-NM-8-10G, C3850-NM-2-40G<\/p>\n<\/td>\n<\/tr>\n<tr align=\"left\" valign=\"top\">\n<td>\n<p class=\"pChart_subheadCMT\">WS-C3850-12X48U<\/p>\n<\/td>\n<td>\n<p class=\"pChart_bodyCMT\">C3850-NM-4-1G, C3850-NM-2-10G, C3850-NM-4-10G, C3850-NM-8-10G, C3850-NM-2-40G<\/p>\n<\/td>\n<\/tr>\n<tr align=\"left\" valign=\"top\">\n<td>\n<p class=\"pChart_subheadCMT\">WS-C3850-12S<\/p>\n<\/td>\n<td>\n<p class=\"pChart_bodyCMT\">C3850-NM-4-1G, C3850-NM-2-10G<\/p>\n<\/td>\n<\/tr>\n<tr align=\"left\" valign=\"top\">\n<td>\n<p class=\"pChart_subheadCMT\">WS-C3850-24S<\/p>\n<\/td>\n<td>\n<p class=\"pChart_bodyCMT\">C3850-NM-4-1G, C3850-NM-2-10G<\/p>\n<\/td>\n<\/tr>\n<tr align=\"left\" valign=\"top\">\n<td>\n<p class=\"pChart_subheadCMT\">WS-C3850-12XS<\/p>\n<\/td>\n<td>\n<p class=\"pChart_bodyCMT\">C3850-NM-4-10G<\/p>\n<\/td>\n<\/tr>\n<tr align=\"left\" valign=\"top\">\n<td>\n<p class=\"pChart_subheadCMT\">WS-C3850-24XS<\/p>\n<\/td>\n<td>\n<p class=\"pChart_bodyCMT\">C3850-NM-4-10G, C3850-NM-8-10G, C3850-NM-2-40G<\/p>\n<\/td>\n<\/tr>\n<\/tbody>\n<\/table>\n<\/li>\n<\/ul>\n","protected":false},"excerpt":{"rendered":"<p>\u00dcr\u00fcn A\u00e7\u0131klamas\u0131: Cisco C3850-NM-4-10G Catalyst 3850 Serisi Geni\u015fleme Mod\u00fcl\u00fc \u00dcr\u00fcn Kodu: C3850-NM-4-10G Cihaz [&hellip;]<\/p>\n","protected":false},"featured_media":13739,"comment_status":"open","ping_status":"closed","template":"","meta":{"_monsterinsights_skip_tracking":false,"_monsterinsights_sitenote_active":false,"_monsterinsights_sitenote_note":"","_monsterinsights_sitenote_category":0},"aioseo_notices":[],"_links":{"self":[{"href":"https:\/\/www.elektradata.com\/en\/wp-json\/wp\/v2\/product\/13736"}],"collection":[{"href":"https:\/\/www.elektradata.com\/en\/wp-json\/wp\/v2\/product"}],"about":[{"href":"https:\/\/www.elektradata.com\/en\/wp-json\/wp\/v2\/types\/product"}],"replies":[{"embeddable":true,"href":"https:\/\/www.elektradata.com\/en\/wp-json\/wp\/v2\/comments?post=13736"}],"wp:featuredmedia":[{"embeddable":true,"href":"https:\/\/www.elektradata.com\/en\/wp-json\/wp\/v2\/media\/13739"}],"wp:attachment":[{"href":"https:\/\/www.elektradata.com\/en\/wp-json\/wp\/v2\/media?parent=13736"}],"curies":[{"name":"wp","href":"https:\/\/api.w.org\/{rel}","templated":true}]}}