{"id":13707,"date":"2017-04-11T10:03:00","date_gmt":"2017-04-11T10:03:00","guid":{"rendered":"http:\/\/www.elektradata.com\/?post_type=product&#038;p=13707"},"modified":"2017-04-11T10:03:00","modified_gmt":"2017-04-11T10:03:00","slug":"cisco-ws-f6k-dfc4-axl-catalyst-6500-serisi-distributed-daughter-card","status":"publish","type":"product","link":"https:\/\/www.elektradata.com\/en\/urun\/cisco-ws-f6k-dfc4-axl-catalyst-6500-serisi-distributed-daughter-card\/","title":{"rendered":"Cisco WS-F6K-DFC4-AXL Catalyst 6500 Serisi Distributed Daughter Card"},"content":{"rendered":"<ul>\n<li><b>\u00dcr\u00fcn A\u00e7\u0131klamas\u0131<\/b>: Cisco Catalyst\u00a06500Serisi\u00a0Distributed Daughter Card<\/li>\n<li><strong>\u00dcr\u00fcn Kodu<\/strong>: WS-F6K-DFC4-AXL<\/li>\n<li><b>Cihaz Tipi<\/b>: Daughter Card Adapter<\/li>\n<li><strong><strong>Uyumlu Kartlar: <\/strong><\/strong>WS-X6704-10GE, WS-X6724-SFP, WS-X6748-SFP,\u00a0WS-X6748-GE-TX<\/li>\n<\/ul>\n","protected":false},"excerpt":{"rendered":"<p>\u00dcr\u00fcn A\u00e7\u0131klamas\u0131: Cisco Catalyst\u00a06500Serisi\u00a0Distributed Daughter Card \u00dcr\u00fcn Kodu: WS-F6K-DFC4-AXL Cihaz Tipi: Daughter Card [&hellip;]<\/p>\n","protected":false},"featured_media":13708,"comment_status":"open","ping_status":"closed","template":"","meta":{"_monsterinsights_skip_tracking":false,"_monsterinsights_sitenote_active":false,"_monsterinsights_sitenote_note":"","_monsterinsights_sitenote_category":0},"aioseo_notices":[],"_links":{"self":[{"href":"https:\/\/www.elektradata.com\/en\/wp-json\/wp\/v2\/product\/13707"}],"collection":[{"href":"https:\/\/www.elektradata.com\/en\/wp-json\/wp\/v2\/product"}],"about":[{"href":"https:\/\/www.elektradata.com\/en\/wp-json\/wp\/v2\/types\/product"}],"replies":[{"embeddable":true,"href":"https:\/\/www.elektradata.com\/en\/wp-json\/wp\/v2\/comments?post=13707"}],"wp:featuredmedia":[{"embeddable":true,"href":"https:\/\/www.elektradata.com\/en\/wp-json\/wp\/v2\/media\/13708"}],"wp:attachment":[{"href":"https:\/\/www.elektradata.com\/en\/wp-json\/wp\/v2\/media?parent=13707"}],"curies":[{"name":"wp","href":"https:\/\/api.w.org\/{rel}","templated":true}]}}