{"id":13694,"date":"2017-04-11T09:03:53","date_gmt":"2017-04-11T09:03:53","guid":{"rendered":"http:\/\/www.elektradata.com\/?post_type=product&#038;p=13694"},"modified":"2017-04-11T09:04:15","modified_gmt":"2017-04-11T09:04:15","slug":"cisco-ws-x45-sup6l-e-catalyst-45004500e-serisi-supervisor-engine","status":"publish","type":"product","link":"https:\/\/www.elektradata.com\/en\/urun\/cisco-ws-x45-sup6l-e-catalyst-45004500e-serisi-supervisor-engine\/","title":{"rendered":"Cisco WS-X45-SUP6L-E Catalyst 4500\/4500E Serisi Supervisor Engine"},"content":{"rendered":"<ul>\n<li><b>\u00dcr\u00fcn A\u00e7\u0131klamas\u0131<\/b>: Cisco Catalyst Catalyst 4500 E-Series Supervisor 6L-E<\/li>\n<li><strong>\u00dcr\u00fcn Kodu<\/strong>: WS-X45-SUP6L-E<\/li>\n<li><b>Cihaz Tipi<\/b>:\u00a0Kontrol \u0130\u015flemcisi<\/li>\n<li><strong>Ba\u011flant\u0131 Tipi:<\/strong>\u00a082 * 10G * 2 Optics or 4 * 1G SFP\u00a0,\u00a010\/100\/1000 RJ-45 Kontrol portu<\/li>\n<li><strong>Merkezi\u00a0Anahtarlama Kapasitesi: <\/strong>280 Gbps<\/li>\n<li><strong>Slot ba\u015f\u0131na anahtarlama kapasitesi<\/strong>: \u00a024 Gbps<\/li>\n<li><strong>FNF (Flexible NetFlow) \u00a0girdisi:<\/strong> 128000<\/li>\n<li><strong>Bi\u00e7im:\u00a0<\/strong>Plug-in Mod\u00fcl<\/li>\n<li><strong>CPU: <\/strong>Quad core; 2.0 GHz<\/li>\n<li><strong>DRAM: <\/strong>512MB (1 GB y\u00fckseltilebilir)<\/li>\n<li><strong>Kapasite:<\/strong>\u00a0225 Mpps for IPv4, 110 Mpps for IPv6, 225 Mpps for L2 Bridging<\/li>\n<li><strong>Y\u00f6nlendirme girdisi:\u00a0<\/strong>\u00a0IPV4:57,000, IPV6: 30,000, Multicast: 16,000<\/li>\n<li><strong>Donan\u0131msal G\u00fcvenlik ve \u00a0QoS\u00a0girdisi<\/strong>: 64,000<\/li>\n<li><strong>DHCP snooping\u00a0girdisi<\/strong>: 3,072<\/li>\n<li><strong>Slot Atama:\u00a0<\/strong>\n<ul>\n<li>Catalyst 4503-E: Slot 1<\/li>\n<li>Catalyst 4506-E: Slot 1<\/li>\n<li>Catalyst 4507R+E: Slot 3 veya 4<\/li>\n<li>Catalyst 4507R-E: Slot 3 veya 4<\/li>\n<\/ul>\n<\/li>\n<li><strong>Farkl\u0131 \u015easilerde Slot Ba\u015f\u0131na Kapasite:<\/strong>\n<ul>\n<li>\u25cf<span class=\"font7\">Catalyst 4503-E: 136 Gbps<br \/>\n<\/span><span class=\"font6\">\u25cf<\/span><span class=\"font7\">Catalyst 4506-E: 280 Gbps<\/span><span class=\"font6\"><br \/>\n\u25cf<\/span><span class=\"font7\">Catalyst 4507R+E: 280 Gbps<\/span><span class=\"font6\"><br \/>\n\u25cf<\/span><span class=\"font7\">Catalyst 4507R-E: 280 Gbps<\/span><\/li>\n<\/ul>\n<\/li>\n<li><strong>Uyumlu Standartlar:\u00a0<\/strong>Ethernet: IEEE 802.3, 10 Gigabit Ethernet: IEEE 802.3ae, IEEE 802.1D Spanning Tree Protocol, IEEE 802.1w Rapid Reconfiguration of Spanning Tree, IEEE 802.1s Multiple VLAN Instances of Spanning Tree, IEEE 802.3ad LACP, IEEE 802.1p CoS Prioritization, IEEE 802.1Q VLAN, IEEE 802.1X User Authentication, RMON I and II standards<\/li>\n<li><strong>Cisco Catalyst 4500E Serisi\u00a0desteklenen Line Kartlar ve Mod\u00fcller:<\/strong>\n<ul>\n<li><span class=\"font6\">\u25cf<\/span><span class=\"font7\">\u00a0\u00a0 WS-X4748-RJ45V-E: Cisco Catalyst 4500E Series, 48-port POE 10\/100\/1000 (RJ-45)<br \/>\n<\/span><span class=\"font6\">\u25cf<\/span><span class=\"font7\">\u00a0\u00a0 WS-X4748-RJ45V+E: Cisco Catalyst 4500E 48-Port with 802.3af PoE and 802.3at 10\/100\/1000 (RJ-45)<br \/>\n<\/span><span class=\"font6\">\u25cf<\/span><span class=\"font7\">\u00a0\u00a0 WS-X4606-X2-E: Cisco Catalyst 4500E Series, 6-port 10 Gigabit Ethernet (X2)<br \/>\n<\/span><span class=\"font6\">\u25cf<\/span><span class=\"font7\">\u00a0\u00a0 WS-X4624-SFP-E: Cisco Catalyst 4500E Series 24-port Gigabit Ethernet (SFP)<br \/>\n<\/span><span class=\"font6\">\u25cf<\/span><span class=\"font7\">\u00a0\u00a0 CVR-X2-SFP: Cisco TwinGig Converter Module<\/span><\/li>\n<\/ul>\n<\/li>\n<li><b><strong>Cisco Catalyst 4500\u00a0Serisi\u00a0desteklenen Line Kartlar ve Mod\u00fcller:<\/strong><\/b>\n<ul>\n<li><span class=\"font6\">\u25cf<\/span><span class=\"font7\"> WS-X4548-GB-RJ45V+: Cisco Catalyst 4500 PoEP ready 10\/100\/1000, 48-port (RJ-45)<br \/>\n<\/span><span class=\"font6\">\u25cf<\/span><span class=\"font7\"> WS-X4548-GB-RJ45V: Cisco Catalyst 4500 PoE 802.3af 10\/100\/1000, 48-port (RJ-45)<br \/>\n<\/span><span class=\"font6\">\u25cf<\/span><span class=\"font7\"> WS-X4148-FE-BD-LC: Cisco Catalyst 4500 Fast Ethernet Switching Module, 48-port 100BASE-BX-D SMF (LC)<br \/>\n<\/span><span class=\"font6\">\u25cf<\/span><span class=\"font7\"> WS-X4124-FX-MT: Cisco Catalyst 4000 Fast Ethernet Switching Module, 24-port 100BASE-FX (MT-RJ)<br \/>\n<\/span><span class=\"font6\">\u25cf<\/span><span class=\"font7\"> WS-X4148-FX-MT: Cisco Catalyst 4500 Fast Ethernet Switching Module, 48-port 100BASE-FX multimode fiber (MMF)<br \/>\n<\/span><span class=\"font6\">\u25cf<\/span><span class=\"font7\"> WS-X4124-RJ45: Cisco Catalyst 4500 10\/100 Module, 24-port (RJ-45)<br \/>\n<\/span><span class=\"font6\">\u25cf<\/span><span class=\"font7\"> WS-X4148-RJ: Cisco Catalyst 4500 10\/100 Module, 48 ports (RJ-45)<br \/>\n<\/span><span class=\"font6\">\u25cf<\/span><span class=\"font7\"> WS-X4148-RJ21: Cisco Catalyst 4500 10\/100 Module, 48-port telco (4 x RJ-21)<br \/>\n<\/span><span class=\"font6\">\u25cf<\/span><span class=\"font7\"> WS-X4248-RJ21V: Cisco Catalyst 4500 PoE 802.3af 10\/100, 48 ports (RJ-21)<br \/>\n<\/span><span class=\"font6\">\u25cf<\/span><span class=\"font7\"> WS-X4224-RJ45V: Cisco Catalyst 4500 PoE 803.3af 10\/100, 24 ports (RJ-45)<br \/>\n<\/span><span class=\"font6\">\u25cf<\/span><span class=\"font7\"> WS-X4248-RJ45V: Cisco Catalyst 4500 PoE 802.3af 10\/100, 48 ports (RJ-45)<\/span><\/li>\n<li><span class=\"font6\">\u25cf<\/span><span class=\"font7\"> WS-X4248-FE-SFP: Cisco Catalyst 4500 Fast Ethernet Switching Module, 48-port 100BASE-X (SFP)<br \/>\n<\/span><span class=\"font6\">\u25cf<\/span><span class=\"font7\"> WS-X4232-GB-RJ: Cisco Catalyst 4500 32-Port 10\/100 (RJ-45), 2 Gigabit Ethernet (GBIC) modules<\/span><span class=\"font6\"><br \/>\n\u25cf<\/span><span class=\"font7\"> WS-X4302-GB: Cisco Catalyst 4500 Gigabit Ethernet Module, 2 ports (GBIC)<br \/>\n<\/span><span class=\"font6\">\u25cf<\/span><span class=\"font7\"> WS-X4306-GB: Cisco Catalyst 4500 Gigabit Ethernet Module, 6 ports (GBIC)<br \/>\n<\/span><span class=\"font6\">\u25cf<\/span><span class=\"font7\"> WS-X4506-GB-T: Cisco Catalyst 4500 Gigabit Ethernet Module, 6 ports 10\/100\/1000 802.3af PoE or 1000BASE-X (SFP)<br \/>\n<\/span><span class=\"font6\">\u25cf<\/span><span class=\"font7\"> WS-X4418-GB: Cisco Catalyst 4500 Gigabit Ethernet Module, server switching 18 ports (GBIC)<br \/>\n<\/span><span class=\"font6\">\u25cf<\/span><span class=\"font7\"> WS-X4448-GB-SFP: Cisco Catalyst 4500 Gigabit Ethernet Module, 48 ports 1000BASE-X (optional SFPs)<br \/>\n<\/span><span class=\"font6\">\u25cf<\/span><span class=\"font7\"> WS-X4424-GB-RJ45: Cisco Catalyst 4500 24-Port 10\/100\/1000 Module (RJ-45)<br \/>\n<\/span><span class=\"font6\">\u25cf<\/span><span class=\"font7\"> WS-X4548-GB-RJ45: Cisco Catalyst 4500 Enhanced 48-Port 10\/100\/1000 Module (RJ-45)<br \/>\n<\/span><span class=\"font6\">\u25cf<\/span><span class=\"font7\"> WS-X4524-GB-RJ45V: Cisco Catalyst 4500 PoE 802.3af 10\/100\/1000, 24 ports (RJ-45)<\/span><\/li>\n<\/ul>\n<\/li>\n<\/ul>\n","protected":false},"excerpt":{"rendered":"<p>\u00dcr\u00fcn A\u00e7\u0131klamas\u0131: Cisco Catalyst Catalyst 4500 E-Series Supervisor 6L-E \u00dcr\u00fcn Kodu: WS-X45-SUP6L-E Cihaz [&hellip;]<\/p>\n","protected":false},"featured_media":13696,"comment_status":"open","ping_status":"closed","template":"","meta":{"_monsterinsights_skip_tracking":false,"_monsterinsights_sitenote_active":false,"_monsterinsights_sitenote_note":"","_monsterinsights_sitenote_category":0},"aioseo_notices":[],"_links":{"self":[{"href":"https:\/\/www.elektradata.com\/en\/wp-json\/wp\/v2\/product\/13694"}],"collection":[{"href":"https:\/\/www.elektradata.com\/en\/wp-json\/wp\/v2\/product"}],"about":[{"href":"https:\/\/www.elektradata.com\/en\/wp-json\/wp\/v2\/types\/product"}],"replies":[{"embeddable":true,"href":"https:\/\/www.elektradata.com\/en\/wp-json\/wp\/v2\/comments?post=13694"}],"wp:featuredmedia":[{"embeddable":true,"href":"https:\/\/www.elektradata.com\/en\/wp-json\/wp\/v2\/media\/13696"}],"wp:attachment":[{"href":"https:\/\/www.elektradata.com\/en\/wp-json\/wp\/v2\/media?parent=13694"}],"curies":[{"name":"wp","href":"https:\/\/api.w.org\/{rel}","templated":true}]}}