{"id":13688,"date":"2017-04-10T12:24:08","date_gmt":"2017-04-10T12:24:08","guid":{"rendered":"http:\/\/www.elektradata.com\/?post_type=product&#038;p=13688"},"modified":"2017-04-10T12:24:08","modified_gmt":"2017-04-10T12:24:08","slug":"cisco-sm-x-es3-16-p-ge-layer-23-etherswitch-servis-modul","status":"publish","type":"product","link":"https:\/\/www.elektradata.com\/en\/urun\/cisco-sm-x-es3-16-p-ge-layer-23-etherswitch-servis-modul\/","title":{"rendered":"Cisco SM-X-ES3-16-P GE Layer 2\/3 EtherSwitch Servis Mod\u00fcl"},"content":{"rendered":"<ul>\n<li><b>\u00dcr\u00fcn A\u00e7\u0131klamas\u0131<\/b>: Cisco SM-X \u00a016-GE PoE+, Cisco Integrated Services Router G2 serisi ile uyumlu EtherSwitch Servis Mod\u00fcl<\/li>\n<li><strong>\u00dcr\u00fcn Kodu<\/strong>: SM-X-ES3-16-P<\/li>\n<li><b>Cihaz Tipi<\/b>:\u00a0EtherSwitch Servis Mod\u00fcl\u00fc<\/li>\n<li><strong>\u00d6zellikler<\/strong>: 16-Port GE, Layer 2 LAN base switching, layer 2\/3 IP base switching, ethernet \u00fczerinden g\u00fc\u00e7\u00a0PoE+, MAC-Sec g\u00fcvenli\u011fi, single-wide form factor<\/li>\n<li><b>Uyumluluk:\u00a0<\/b>Cisco ISR 2900 serisi, 3900 serisi ve 4451-X router<\/li>\n<\/ul>\n","protected":false},"excerpt":{"rendered":"<p>\u00dcr\u00fcn A\u00e7\u0131klamas\u0131: Cisco SM-X \u00a016-GE PoE+, Cisco Integrated Services Router G2 serisi ile [&hellip;]<\/p>\n","protected":false},"featured_media":13689,"comment_status":"open","ping_status":"closed","template":"","meta":{"_monsterinsights_skip_tracking":false,"_monsterinsights_sitenote_active":false,"_monsterinsights_sitenote_note":"","_monsterinsights_sitenote_category":0},"aioseo_notices":[],"_links":{"self":[{"href":"https:\/\/www.elektradata.com\/en\/wp-json\/wp\/v2\/product\/13688"}],"collection":[{"href":"https:\/\/www.elektradata.com\/en\/wp-json\/wp\/v2\/product"}],"about":[{"href":"https:\/\/www.elektradata.com\/en\/wp-json\/wp\/v2\/types\/product"}],"replies":[{"embeddable":true,"href":"https:\/\/www.elektradata.com\/en\/wp-json\/wp\/v2\/comments?post=13688"}],"wp:featuredmedia":[{"embeddable":true,"href":"https:\/\/www.elektradata.com\/en\/wp-json\/wp\/v2\/media\/13689"}],"wp:attachment":[{"href":"https:\/\/www.elektradata.com\/en\/wp-json\/wp\/v2\/media?parent=13688"}],"curies":[{"name":"wp","href":"https:\/\/api.w.org\/{rel}","templated":true}]}}