{"id":13675,"date":"2017-04-07T13:45:39","date_gmt":"2017-04-07T13:45:39","guid":{"rendered":"http:\/\/www.elektradata.com\/?post_type=product&#038;p=13675"},"modified":"2017-04-07T13:59:20","modified_gmt":"2017-04-07T13:59:20","slug":"cisco-ws-x45-sup8-e-catalyst-4500-4500e-serisi-supervisor-engine","status":"publish","type":"product","link":"https:\/\/www.elektradata.com\/en\/urun\/cisco-ws-x45-sup8-e-catalyst-4500-4500e-serisi-supervisor-engine\/","title":{"rendered":"Cisco WS-X45-SUP8-E Catalyst 4500\/4500E Serisi Supervisor Engine"},"content":{"rendered":"<ul>\n<li><b>\u00dcr\u00fcn A\u00e7\u0131klamas\u0131<\/b>: Cisco Catalyst 4500E Supervisor Engine Series Unified Access Supervisor, 928 Gbps<\/li>\n<li><strong>\u00dcr\u00fcn Kodu<\/strong>: WS-X45-SUP8-E<\/li>\n<li><b>Cihaz Tipi<\/b>:\u00a0Kontrol \u0130\u015flemcisi<\/li>\n<li><strong>Ba\u011flant\u0131 Tipi:<\/strong>\u00a08 * 10G\u00a0 SFP+\u00a0 or 8 * 1G SFP,\u00a010\/100\/1000 RJ-45 Kontrol portu<\/li>\n<li><strong>Wireless\u00a0 Access Points:<\/strong> \u00a050 Aps\u00a02000 wireless istemci ile (tek 4500E sistem), 250 Aps\u00a04000 wireless istemci\u00a0ile (\u00e7oklu 4500E)<\/li>\n<li><strong>Wireless Kapasitesi:<\/strong> 20G<\/li>\n<li><strong>Merkezi\u00a0Anahtarlama Kapasitesi:\u00a0<\/strong>925 Gbps<\/li>\n<li><strong>Slot ba\u015f\u0131na anahtarlama kapasitesi<\/strong>:\u00a0 48 Gbps<\/li>\n<li><strong>FNF (Flexible NetFlow) \u00a0girdisi:<\/strong>\u00a0128000<\/li>\n<li><strong>Bi\u00e7im:\u00a0<\/strong>Plug-in Mod\u00fcl<\/li>\n<li><strong>CPU: <\/strong>Quad core; 2.0 GHz<\/li>\n<li><strong>SDRAM:\u00a0<\/strong>4 GB<\/li>\n<li><strong>NVRAM:<\/strong> 2 GB<\/li>\n<li><strong>Kapasite:<\/strong> 250 Mpps for IPv4, 125 Mpps for IPv6<\/li>\n<li><strong>Y\u00f6nlendirme girdisi:\u00a0<\/strong>\u00a0IPV4: 256,000, IPV6: 128,000, Multicast: 32,000<\/li>\n<li><strong>Donan\u0131msal G\u00fcvenlik ve \u00a0QoS\u00a0girdisi<\/strong>: 128,000<\/li>\n<li><strong>DHCP snooping\u00a0girdisi<\/strong>:\u00a012,000<\/li>\n<li><strong>ARP girdisi<\/strong>:\u00a047,000<\/li>\n<li><strong>Spaning Tree Protocol adedi:<\/strong>\u00a010,000<\/li>\n<li><strong>Slot Atama:\u00a0<\/strong>\n<ul>\n<li>Catalyst 4503-E: Slot 1<\/li>\n<li>Catalyst 4506-E: Slot 1<\/li>\n<li>Catalyst 4507R+E: Slot 3 veya 4<\/li>\n<li>Catalyst 4507R-E: Slot 3 veya 4<\/li>\n<li>Catalyst 4510R+E: Slot 5 veya 6<\/li>\n<li>Catalyst 4510R-E: Slot 5 veya 6<\/li>\n<\/ul>\n<\/li>\n<li><strong>Farkl\u0131 \u015easilerde Slot Ba\u015f\u0131na Kapasite:<\/strong>\n<ul>\n<li>Catalyst 4503-E: 48 Gbps \/ slot<\/li>\n<li>Catalyst 4506-E: 48 Gbps \/ slot<\/li>\n<li>Catalyst 4507R+E: 48 Gbps \/ slot<\/li>\n<li>Catalyst 4507R-E: 24 Gbps \/ slot<\/li>\n<li>Catalyst 4510R+E: 48 Gbps \/ slot<\/li>\n<li>Catalyst 4510R-E: 24 Gbps \/ slot<\/li>\n<\/ul>\n<\/li>\n<li><strong>Uyumlu Standartlar:\u00a0<\/strong>Ethernet: IEEE 802.3, 10 Gigabit Ethernet: IEEE 802.3ae, IEEE 802.1D Spanning Tree Protocol, IEEE 802.1w Rapid Reconfiguration of Spanning Tree, IEEE 802.1s Multiple VLAN Instances of Spanning Tree, IEEE 802.3ad LACP, IEEE 802.1p CoS Prioritization, IEEE 802.1Q VLAN, IEEE 802.1X User Authentication, RMON I and II standards<\/li>\n<li><strong>Cisco Catalyst 4500E Serisi\u00a0desteklenen Line Kartlar ve Mod\u00fcller:<\/strong>\n<ul>\n<li>\u25cf WS-X4748-UPOE+E: Cisco Catalyst 4500E Series, 48-port 802.3af PoE, 802.3at PoEP, and UPOE 10\/100\/1000<br \/>\n\u25cf WS-X4748-RJ45-E: Cisco Catalyst 4500E Series, 48-port 10\/100\/1000 (RJ-45)<br \/>\n\u25cf WS-X4748-RJ45V+E: Cisco Catalyst 4500E Series, 48-port PoE 802.3at 10\/100\/1000 (RJ-45)<br \/>\n\u25cf WS-X4712-SFP+E: Cisco Catalyst 4500E Series, 12-port 10 Gigabit Ethernet (SFP+)<br \/>\n\u25cf WS-X4648-RJ45V-E: Cisco Catalyst 4500E Series, 48-port 802.3af PoE 10\/100\/1000 (RJ-45)<br \/>\n\u25cf WS-X4648-RJ45V+E: Cisco Catalyst 4500E Series, 48-port Premium PoE 10\/100\/1000 (RJ-45)<br \/>\n\u25cf WS-X4648-RJ45-E: Cisco Catalyst 4500E Series, 48-port 10\/100\/1000 (RJ-45)<br \/>\n\u25cf WS-X4640-CSFP-E: Cisco catalyst 4500E Series, 40- and 80-port SFP\/CSFP Gigabit Ethernet line card<br \/>\n\u25cf WS-X4606-X2-E: Cisco Catalyst 4500E Series, 6-port 10 Gigabit Ethernet (X2)<br \/>\n\u25cf WS-X4624-SFP-E: Cisco Catalyst 4500E Series, 24-port Gigabit Ethernet (SFP)<br \/>\n\u25cf WS-X4612-SFP-E: Cisco Catalyst 4500E Series 12-port Gigabit Ethernet (SFP)<br \/>\n\u25cf CVR-X2-SFP: Twin gigabit converter module<\/li>\n<\/ul>\n<\/li>\n<li><b><strong>Cisco Catalyst 4500\u00a0Serisi\u00a0desteklenen Line Kartlar ve Mod\u00fcller:<\/strong><\/b>\n<ul>\n<li>\u25cf WS-X4148-FX-MT: Cisco Catalyst 4500 Fast Ethernet Switching Module, 48-port 100BASE-FX multimode fiber (MMF)<br \/>\n\u25cf WS-X4148-RJ: Cisco Catalyst 4500 10\/100 Module, 48 ports (RJ-45)<br \/>\n\u25cf WS-X4248-RJ45V: Cisco Catalyst 4500 PoE 802.3af 10\/100, 48 ports (RJ-45)<br \/>\n\u25cf WS-X4248-FE-SFP: Cisco Catalyst 4500 Fast Ethernet Switching Module, 48-port 100BASE-X (SFP)<br \/>\n\u25cf WS-X4306-GB: Cisco Catalyst 4500 Gigabit Ethernet Module, 6 ports (GBIC)<br \/>\n\u25cf WS-X4448-GB-SFP: Cisco Catalyst 4500 Gigabit Ethernet Module, 48 ports 1000BASE-X (optional SFPs)<br \/>\n\u25cf WS-X4548-GB-RJ45: Cisco Catalyst 4500 Enhanced 48-Port 10\/100\/1000 Module (RJ-45)<br \/>\n\u25cf WS-X4548-GB-RJ45V: Cisco Catalyst 4500 PoE 802.3af 10\/100\/1000, 48 ports (RJ-45)<br \/>\n\u25cf WS-X4548-RJ45V+: Catalyst 4500 PoE+ Ready 10\/100\/1000, 48 ports (RJ-45)<\/li>\n<\/ul>\n<\/li>\n<\/ul>\n","protected":false},"excerpt":{"rendered":"<p>\u00dcr\u00fcn A\u00e7\u0131klamas\u0131: Cisco Catalyst 4500E Supervisor Engine Series Unified Access Supervisor, 928 Gbps [&hellip;]<\/p>\n","protected":false},"featured_media":13682,"comment_status":"open","ping_status":"closed","template":"","meta":{"_monsterinsights_skip_tracking":false,"_monsterinsights_sitenote_active":false,"_monsterinsights_sitenote_note":"","_monsterinsights_sitenote_category":0},"aioseo_notices":[],"_links":{"self":[{"href":"https:\/\/www.elektradata.com\/en\/wp-json\/wp\/v2\/product\/13675"}],"collection":[{"href":"https:\/\/www.elektradata.com\/en\/wp-json\/wp\/v2\/product"}],"about":[{"href":"https:\/\/www.elektradata.com\/en\/wp-json\/wp\/v2\/types\/product"}],"replies":[{"embeddable":true,"href":"https:\/\/www.elektradata.com\/en\/wp-json\/wp\/v2\/comments?post=13675"}],"wp:featuredmedia":[{"embeddable":true,"href":"https:\/\/www.elektradata.com\/en\/wp-json\/wp\/v2\/media\/13682"}],"wp:attachment":[{"href":"https:\/\/www.elektradata.com\/en\/wp-json\/wp\/v2\/media?parent=13675"}],"curies":[{"name":"wp","href":"https:\/\/api.w.org\/{rel}","templated":true}]}}