{"id":13670,"date":"2017-04-07T11:46:32","date_gmt":"2017-04-07T11:46:32","guid":{"rendered":"http:\/\/www.elektradata.com\/?post_type=product&#038;p=13670"},"modified":"2017-04-07T11:46:32","modified_gmt":"2017-04-07T11:46:32","slug":"cisco-ws-x4612-sfp-e-catalyst-4500e-serisi-40-port-sfp-modul","status":"publish","type":"product","link":"https:\/\/www.elektradata.com\/en\/urun\/cisco-ws-x4612-sfp-e-catalyst-4500e-serisi-40-port-sfp-modul\/","title":{"rendered":"Cisco WS-X4612-SFP-E Catalyst 4500E Serisi 40-Port SFP Mod\u00fcl"},"content":{"rendered":"<ul>\n<li><b>\u00dcr\u00fcn A\u00e7\u0131klamas\u0131<\/b>: Cisco WS-X4612-SFP-E\u00a0 Catalyst 4500E serisi i\u00e7in Gigabit Ethernet (SFP)\u00a0Mod\u00fcl\u00fc<\/li>\n<li><strong>\u00dcr\u00fcn Kodu<\/strong>: WS-X4612-SFP-E<\/li>\n<li><b>Cihaz Tipi<\/b>: 12-Port Gigabit Ethernet \u2013 SFP Line Card<\/li>\n<li><b>\u00d6zellikler:<\/b>\u00a012-Port Gigabit Ethernet (SFP), her bir slot i\u00e7in 12 gigabits kapasite, SFP deste\u011fi,\u00a0Cisco IOS<span class=\"Superscript\"><sup class=\" cSuperscript\">\u00ae<\/sup><\/span>\u00a0Release 12.2(54)SG veya sonras\u0131,\u00a0L2-4 Jumbo Frame deste\u011fi, Supervisor Engine&#8217;dan QoS deste\u011fi 1G\/100FX SFP\u00a0uyumlu hat deste\u011fi<\/li>\n<li><strong>Uyumluluk<\/strong>: Cisco Catalyst 4500E Serisi Switch,\u00a0sadece\u00a0E-serisi supervisor engine ile birlikte<\/li>\n<\/ul>\n","protected":false},"excerpt":{"rendered":"<p>\u00dcr\u00fcn A\u00e7\u0131klamas\u0131: Cisco WS-X4612-SFP-E\u00a0 Catalyst 4500E serisi i\u00e7in Gigabit Ethernet (SFP)\u00a0Mod\u00fcl\u00fc \u00dcr\u00fcn Kodu: [&hellip;]<\/p>\n","protected":false},"featured_media":13671,"comment_status":"open","ping_status":"closed","template":"","meta":{"_monsterinsights_skip_tracking":false,"_monsterinsights_sitenote_active":false,"_monsterinsights_sitenote_note":"","_monsterinsights_sitenote_category":0},"aioseo_notices":[],"_links":{"self":[{"href":"https:\/\/www.elektradata.com\/en\/wp-json\/wp\/v2\/product\/13670"}],"collection":[{"href":"https:\/\/www.elektradata.com\/en\/wp-json\/wp\/v2\/product"}],"about":[{"href":"https:\/\/www.elektradata.com\/en\/wp-json\/wp\/v2\/types\/product"}],"replies":[{"embeddable":true,"href":"https:\/\/www.elektradata.com\/en\/wp-json\/wp\/v2\/comments?post=13670"}],"wp:featuredmedia":[{"embeddable":true,"href":"https:\/\/www.elektradata.com\/en\/wp-json\/wp\/v2\/media\/13671"}],"wp:attachment":[{"href":"https:\/\/www.elektradata.com\/en\/wp-json\/wp\/v2\/media?parent=13670"}],"curies":[{"name":"wp","href":"https:\/\/api.w.org\/{rel}","templated":true}]}}