{"id":13659,"date":"2017-04-07T09:54:18","date_gmt":"2017-04-07T09:54:18","guid":{"rendered":"http:\/\/www.elektradata.com\/?post_type=product&#038;p=13659"},"modified":"2018-12-25T14:37:48","modified_gmt":"2018-12-25T11:37:48","slug":"cisco-ws-x4712-sfp-e-catalyst-4500e-serisi-12-port-sfp-modul","status":"publish","type":"product","link":"https:\/\/www.elektradata.com\/en\/urun\/cisco-ws-x4712-sfp-e-catalyst-4500e-serisi-12-port-sfp-modul\/","title":{"rendered":"Cisco WS-X4712-SFP-E Catalyst 4500E Serisi 12-Port SFP Mod\u00fcl"},"content":{"rendered":"<ul>\n<li><b>\u00dcr\u00fcn A\u00e7\u0131klamas\u0131<\/b>: Cisco WS-X4712-SFP-E Catalyst 4500E serisi i\u00e7in Gigabit Ethernet (SFP)\u00a0Mod\u00fcl\u00fc<\/li>\n<li><strong>\u00dcr\u00fcn Kodu<\/strong>: WS-X4712-SFP-E<\/li>\n<li><b>Cihaz Tipi<\/b>: 12-Port Gigabit Ethernet \u2013 SFP Line Card<\/li>\n<li><b>\u00d6zellikler:<\/b>\u00a012-Port Gigabit Ethernet (SFP), SFP deste\u011fi,\u00a0Cisco IOS<span class=\"Superscript\"><sup class=\" cSuperscript\">\u00ae<\/sup><\/span> XE Release IOS-XE3.5.0E\/15.2(1)E veya sonras\u0131,\u00a0L2-4 Jumbo Frame deste\u011fi, 1G\/100FX SFP\u00a0uyumlu hat deste\u011fi, Servis sa\u011flay\u0131c\u0131lar: DSLAM\/PON\/mobile data backhaul i\u00e7i\u00a0GE toplula\u015ft\u0131rma<\/li>\n<li><strong>Uyumluluk<\/strong>: Cisco Catalyst 4500E Serisi Switch, b\u00fct\u00fcn 3, 6, 7 (R-E &amp; R+E) ve 10 (R-E &amp; R+E) slot\u00a0\u015fasiler<\/li>\n<\/ul>\n","protected":false},"excerpt":{"rendered":"<p>\u00dcr\u00fcn A\u00e7\u0131klamas\u0131: Cisco WS-X4712-SFP-E Catalyst 4500E serisi i\u00e7in Gigabit Ethernet (SFP)\u00a0Mod\u00fcl\u00fc \u00dcr\u00fcn Kodu: [&hellip;]<\/p>\n","protected":false},"featured_media":13661,"comment_status":"open","ping_status":"closed","template":"","meta":{"_monsterinsights_skip_tracking":false,"_monsterinsights_sitenote_active":false,"_monsterinsights_sitenote_note":"","_monsterinsights_sitenote_category":0},"aioseo_notices":[],"_links":{"self":[{"href":"https:\/\/www.elektradata.com\/en\/wp-json\/wp\/v2\/product\/13659"}],"collection":[{"href":"https:\/\/www.elektradata.com\/en\/wp-json\/wp\/v2\/product"}],"about":[{"href":"https:\/\/www.elektradata.com\/en\/wp-json\/wp\/v2\/types\/product"}],"replies":[{"embeddable":true,"href":"https:\/\/www.elektradata.com\/en\/wp-json\/wp\/v2\/comments?post=13659"}],"wp:featuredmedia":[{"embeddable":true,"href":"https:\/\/www.elektradata.com\/en\/wp-json\/wp\/v2\/media\/13661"}],"wp:attachment":[{"href":"https:\/\/www.elektradata.com\/en\/wp-json\/wp\/v2\/media?parent=13659"}],"curies":[{"name":"wp","href":"https:\/\/api.w.org\/{rel}","templated":true}]}}