{"id":13642,"date":"2017-04-06T11:32:15","date_gmt":"2017-04-06T11:32:15","guid":{"rendered":"http:\/\/www.elektradata.com\/?post_type=product&#038;p=13642"},"modified":"2017-04-07T13:27:44","modified_gmt":"2017-04-07T13:27:44","slug":"cisco-isr4451-xk9-4451-x-integrated-services-router","status":"publish","type":"product","link":"https:\/\/www.elektradata.com\/en\/urun\/cisco-isr4451-xk9-4451-x-integrated-services-router\/","title":{"rendered":"Cisco ISR4451-X\/K9 4451-X Integrated Services Router"},"content":{"rendered":"<ul>\n<li><b>\u00dcr\u00fcn A\u00e7\u0131klamas\u0131<\/b>: Cisco 4451X\u00a02x G\u00fc\u00e7 Kayna\u011f\u0131\u00a0ISR, Router<\/li>\n<li><strong>\u00dcr\u00fcn Kodu<\/strong>: ISR4451-X\/K9<\/li>\n<li><b>Cihaz Tipi<\/b>: 4400 Serisi Integrated Services Router<\/li>\n<li><strong>Muhafaza Bi\u00e7imi<\/strong>: Rafa monte 2U, Desktop<\/li>\n<li><b>Kapasite\/performans<\/b><span style=\"font-weight: 400;\">: 1 Gbps &#8211; 2 Gbps throughput<\/span><\/li>\n<li><strong>\u015eifreleme Algoritmalar\u0131<\/strong>:\u00a0DES, Triple DES (3DES), 128-bit AES (AES-128)\u00a0veya 256-bit AES (AES-256)<\/li>\n<li><strong>Y\u00f6nlendirme Protokolleri<\/strong>:\u00a0BGP , BFD, DVMRP , EIGRP , GRE , IGMPv3 , IPv4-to-IPv6 Multicast, IS-IS, OSPF, PIM-SM, PIM-SSM , Policy-based routing (PBR) , RIP-1 , RIP-2 , MPLS, Static IPv4 routing, Static IPv6 routing<\/li>\n<li><b>\u00d6zellikler:<\/b>\u00a02x power supply, 4x RJ45\u00a0port, 4x SFP port, 3x a\u011f mod\u00fcl yuvas\u0131, 1x Integrated Services Card (ISC)\u00a0yuvas\u0131, 8 GB flash memory (max 32GB) , 4 GB DRAM (max 16GB), Type A ve B USB port, 2x auxiliary port, 1x serial konsol port, 1x GE y\u00f6netim port, ACL deste\u011fi, BFD, CBWFQ, DMVPN, Firewall korumas\u0131, IPFIX, IPSec VPN, IPv6 deste\u011fi, MPLS deste\u011fi, NetFlow, QoS, RADIUS deste\u011fi, Syslog deste\u011fi, VLAN deste\u011fi, VPN deste\u011fi, WRED<\/li>\n<\/ul>\n","protected":false},"excerpt":{"rendered":"<p>\u00dcr\u00fcn A\u00e7\u0131klamas\u0131: Cisco 4451X\u00a02x G\u00fc\u00e7 Kayna\u011f\u0131\u00a0ISR, Router \u00dcr\u00fcn Kodu: ISR4451-X\/K9 Cihaz Tipi: 4400 [&hellip;]<\/p>\n","protected":false},"featured_media":13645,"comment_status":"open","ping_status":"closed","template":"","meta":{"_monsterinsights_skip_tracking":false,"_monsterinsights_sitenote_active":false,"_monsterinsights_sitenote_note":"","_monsterinsights_sitenote_category":0},"aioseo_notices":[],"_links":{"self":[{"href":"https:\/\/www.elektradata.com\/en\/wp-json\/wp\/v2\/product\/13642"}],"collection":[{"href":"https:\/\/www.elektradata.com\/en\/wp-json\/wp\/v2\/product"}],"about":[{"href":"https:\/\/www.elektradata.com\/en\/wp-json\/wp\/v2\/types\/product"}],"replies":[{"embeddable":true,"href":"https:\/\/www.elektradata.com\/en\/wp-json\/wp\/v2\/comments?post=13642"}],"wp:featuredmedia":[{"embeddable":true,"href":"https:\/\/www.elektradata.com\/en\/wp-json\/wp\/v2\/media\/13645"}],"wp:attachment":[{"href":"https:\/\/www.elektradata.com\/en\/wp-json\/wp\/v2\/media?parent=13642"}],"curies":[{"name":"wp","href":"https:\/\/api.w.org\/{rel}","templated":true}]}}