{"id":13636,"date":"2017-04-06T09:17:43","date_gmt":"2017-04-06T09:17:43","guid":{"rendered":"http:\/\/www.elektradata.com\/?post_type=product&#038;p=13636"},"modified":"2017-04-07T13:29:13","modified_gmt":"2017-04-07T13:29:13","slug":"cisco-isr4351k9-4351-integrated-services-router","status":"publish","type":"product","link":"https:\/\/www.elektradata.com\/en\/urun\/cisco-isr4351k9-4351-integrated-services-router\/","title":{"rendered":"Cisco ISR4351\/K9 4351 Integrated Services Router"},"content":{"rendered":"<ul>\n<li><b>\u00dcr\u00fcn A\u00e7\u0131klamas\u0131<\/b>: Cisco 4351 ISR Router, K9 G\u00fcvenli \u015eifreleme<\/li>\n<li><strong>\u00dcr\u00fcn Kodu<\/strong>: ISR4351\/K9<\/li>\n<li><b>Cihaz Tipi<\/b>: 4300\u00a0Serisi Integrated Services Router<\/li>\n<li><strong>Muhafaza Bi\u00e7imi<\/strong>: Rafa monte 2U<\/li>\n<li><strong>\u015eifreleme Algoritmalar\u0131<\/strong>:\u00a0DES, Triple DES (3DES), 128-bit AES (AES-128)<\/li>\n<li><b>Kapasite\/performans<\/b><span style=\"font-weight: 400;\">: 200 Mbps &#8211; 400 Mbps throughput<\/span><\/li>\n<li><strong>Y\u00f6nlendirme Protokolleri<\/strong>:\u00a0BGP , BFD, DVMRP , EIGRP , GRE , IGMPv3 , IPv4-to-IPv6 Multicast , IS-IS , OSPF , PIM-SM , PIM-SSM , Policy-based routing (PBR) , RIP-1 , RIP-2 , MPLS, Static IPv4 routing , Static IPv6 routing<\/li>\n<li><b>\u00d6zellikler:<\/b>\u00a03x RJ45 port, 3x SFP port, 3x mod\u00fcl yuvas\u0131, 1x Integrated Services Card (ISC)\u00a0yuvas\u0131, 4 GB flash memory (max 16GB) , 4 GB DRAM (max 16GB), Type A ve B USB port, 1x auxiliary port, 1x serial konsol port, 1x y\u00f6netim port, ACL deste\u011fi, NetFlow, QoS, CBWFQ, IPFIX, IPv6 deste\u011fi, RADIUS deste\u011fi, Syslog deste\u011fi, VLAN deste\u011fi, VPN deste\u011fi, WRED<\/li>\n<\/ul>\n","protected":false},"excerpt":{"rendered":"<p>\u00dcr\u00fcn A\u00e7\u0131klamas\u0131: Cisco 4351 ISR Router, K9 G\u00fcvenli \u015eifreleme \u00dcr\u00fcn Kodu: ISR4351\/K9 Cihaz [&hellip;]<\/p>\n","protected":false},"featured_media":13637,"comment_status":"open","ping_status":"closed","template":"","meta":{"_monsterinsights_skip_tracking":false,"_monsterinsights_sitenote_active":false,"_monsterinsights_sitenote_note":"","_monsterinsights_sitenote_category":0},"aioseo_notices":[],"_links":{"self":[{"href":"https:\/\/www.elektradata.com\/en\/wp-json\/wp\/v2\/product\/13636"}],"collection":[{"href":"https:\/\/www.elektradata.com\/en\/wp-json\/wp\/v2\/product"}],"about":[{"href":"https:\/\/www.elektradata.com\/en\/wp-json\/wp\/v2\/types\/product"}],"replies":[{"embeddable":true,"href":"https:\/\/www.elektradata.com\/en\/wp-json\/wp\/v2\/comments?post=13636"}],"wp:featuredmedia":[{"embeddable":true,"href":"https:\/\/www.elektradata.com\/en\/wp-json\/wp\/v2\/media\/13637"}],"wp:attachment":[{"href":"https:\/\/www.elektradata.com\/en\/wp-json\/wp\/v2\/media?parent=13636"}],"curies":[{"name":"wp","href":"https:\/\/api.w.org\/{rel}","templated":true}]}}