{"id":13628,"date":"2017-04-05T20:20:48","date_gmt":"2017-04-05T20:20:48","guid":{"rendered":"http:\/\/www.elektradata.com\/?post_type=product&#038;p=13628"},"modified":"2017-04-07T13:29:37","modified_gmt":"2017-04-07T13:29:37","slug":"cisco-isr4331-axk9-4331-ax-bundle-integrated-services-router","status":"publish","type":"product","link":"https:\/\/www.elektradata.com\/en\/urun\/cisco-isr4331-axk9-4331-ax-bundle-integrated-services-router\/","title":{"rendered":"Cisco ISR4331-AX\/K9 4331 AX Bundle Integrated Services Router"},"content":{"rendered":"<ul>\n<li><b>\u00dcr\u00fcn A\u00e7\u0131klamas\u0131<\/b>: Cisco 4331 Application Experience Bundle G\u00fcvenlik Lisansl\u0131\u00a0ISR<\/li>\n<li><strong>\u00dcr\u00fcn Kodu<\/strong>: ISR4331-AX\/K9<\/li>\n<li><b>Cihaz Tipi<\/b>: 4300\u00a0Serisi Integrated Services Router<\/li>\n<li><strong>Muhafaza Bi\u00e7imi<\/strong>: Rafa monte 1U, Desktop<\/li>\n<li><b>Kapasite\/performans<\/b><span style=\"font-weight: 400;\">: 100 Mbps &#8211; 300 Mbps throughput<\/span><\/li>\n<li><strong>Y\u00f6nlendirme Protokolleri<\/strong>:\u00a0BGP , BFD, DVMRP , EIGRP , GRE , IGMPv3 , IPv4-to-IPv6 Multicast, IS-IS, OSPF, PIM-SM, PIM-SSM , Policy-based routing (PBR) , RIP-1 , RIP-2 , MPLS, Static IPv4 routing, Static IPv6 routing<\/li>\n<li><b>\u00d6zellikler:<\/b>\u00a0AX bundle, APP and SEC license, 2x RJ45\u00a0port, 2x SFP port, 2x mod\u00fcl yuvas\u0131, 1x Integrated Services Card (ISC)\u00a0yuvas\u0131, 4 GB flash memory (max 16GB) , 4 GB DRAM (max 16GB), Type A ve B USB port, 1x auxiliary port, 1x serial konsol port, 1x y\u00f6netim port, ACL deste\u011fi, BFD, CBWFQ, DMVPN, Firewall korumas\u0131, IPFIX, IPSec VPN, IPv6 deste\u011fi, MPLS deste\u011fi, NetFlow, QoS, RADIUS deste\u011fi, Syslog deste\u011fi, VLAN deste\u011fi, VPN deste\u011fi, WRED<\/li>\n<\/ul>\n","protected":false},"excerpt":{"rendered":"<p>\u00dcr\u00fcn A\u00e7\u0131klamas\u0131: Cisco 4331 Application Experience Bundle G\u00fcvenlik Lisansl\u0131\u00a0ISR \u00dcr\u00fcn Kodu: ISR4331-AX\/K9 Cihaz [&hellip;]<\/p>\n","protected":false},"featured_media":13629,"comment_status":"open","ping_status":"closed","template":"","meta":{"_monsterinsights_skip_tracking":false,"_monsterinsights_sitenote_active":false,"_monsterinsights_sitenote_note":"","_monsterinsights_sitenote_category":0},"aioseo_notices":[],"_links":{"self":[{"href":"https:\/\/www.elektradata.com\/en\/wp-json\/wp\/v2\/product\/13628"}],"collection":[{"href":"https:\/\/www.elektradata.com\/en\/wp-json\/wp\/v2\/product"}],"about":[{"href":"https:\/\/www.elektradata.com\/en\/wp-json\/wp\/v2\/types\/product"}],"replies":[{"embeddable":true,"href":"https:\/\/www.elektradata.com\/en\/wp-json\/wp\/v2\/comments?post=13628"}],"wp:featuredmedia":[{"embeddable":true,"href":"https:\/\/www.elektradata.com\/en\/wp-json\/wp\/v2\/media\/13629"}],"wp:attachment":[{"href":"https:\/\/www.elektradata.com\/en\/wp-json\/wp\/v2\/media?parent=13628"}],"curies":[{"name":"wp","href":"https:\/\/api.w.org\/{rel}","templated":true}]}}