{"id":13621,"date":"2017-04-05T15:48:45","date_gmt":"2017-04-05T15:48:45","guid":{"rendered":"http:\/\/www.elektradata.com\/?post_type=product&#038;p=13621"},"modified":"2017-04-05T15:48:45","modified_gmt":"2017-04-05T15:48:45","slug":"cisco-ws-x4748-upoee-catalyst-4500e-serisi-48-port-upoe-modul","status":"publish","type":"product","link":"https:\/\/www.elektradata.com\/en\/urun\/cisco-ws-x4748-upoee-catalyst-4500e-serisi-48-port-upoe-modul\/","title":{"rendered":"Cisco WS-X4748-UPOE+E Catalyst 4500E Serisi 48-Port UPOE Mod\u00fcl"},"content":{"rendered":"<ul>\n<li><b>\u00dcr\u00fcn A\u00e7\u0131klamas\u0131<\/b>: Cisco Catalyst 4500E Series 48-Port UPOE 10\/100\/1000 (RJ-45)<\/li>\n<li><b>\u00dcr\u00fcn Kodu<\/b>: WS-X4748-UPOE+E<\/li>\n<li><strong>Ba\u011flant\u0131 Tipi:<\/strong>\u00a0\u00a0 48-Port UPOE (Universal POEP) 10\/100\/1000\u00a0Copper (RJ-45 UPOE IEEE 802.3at, IEEE 802.3af, Cisco \u00f6ntan\u0131ml\u0131)<\/li>\n<\/ul>\n","protected":false},"excerpt":{"rendered":"<p>\u00dcr\u00fcn A\u00e7\u0131klamas\u0131: Cisco Catalyst 4500E Series 48-Port UPOE 10\/100\/1000 (RJ-45) \u00dcr\u00fcn Kodu: WS-X4748-UPOE+E [&hellip;]<\/p>\n","protected":false},"featured_media":13622,"comment_status":"open","ping_status":"closed","template":"","meta":{"_monsterinsights_skip_tracking":false,"_monsterinsights_sitenote_active":false,"_monsterinsights_sitenote_note":"","_monsterinsights_sitenote_category":0},"aioseo_notices":[],"_links":{"self":[{"href":"https:\/\/www.elektradata.com\/en\/wp-json\/wp\/v2\/product\/13621"}],"collection":[{"href":"https:\/\/www.elektradata.com\/en\/wp-json\/wp\/v2\/product"}],"about":[{"href":"https:\/\/www.elektradata.com\/en\/wp-json\/wp\/v2\/types\/product"}],"replies":[{"embeddable":true,"href":"https:\/\/www.elektradata.com\/en\/wp-json\/wp\/v2\/comments?post=13621"}],"wp:featuredmedia":[{"embeddable":true,"href":"https:\/\/www.elektradata.com\/en\/wp-json\/wp\/v2\/media\/13622"}],"wp:attachment":[{"href":"https:\/\/www.elektradata.com\/en\/wp-json\/wp\/v2\/media?parent=13621"}],"curies":[{"name":"wp","href":"https:\/\/api.w.org\/{rel}","templated":true}]}}