{"id":13617,"date":"2017-04-05T15:32:08","date_gmt":"2017-04-05T15:32:08","guid":{"rendered":"http:\/\/www.elektradata.com\/?post_type=product&#038;p=13617"},"modified":"2017-04-05T15:36:33","modified_gmt":"2017-04-05T15:36:33","slug":"cisco-ws-x6708-10g-3c-catalyst-6500-serisi-8-port-10-gigabit-modul","status":"publish","type":"product","link":"https:\/\/www.elektradata.com\/en\/urun\/cisco-ws-x6708-10g-3c-catalyst-6500-serisi-8-port-10-gigabit-modul\/","title":{"rendered":"Cisco WS-X6708-10G-3C Catalyst 6500 Serisi 8-Port 10 Gigabit Mod\u00fcl"},"content":{"rendered":"<ul>\n<li><b>\u00dcr\u00fcn A\u00e7\u0131klamas\u0131<\/b>: Cisco Catalyst 6500\u00a08-Port 10 Gigabit Ethernet Fiber Mod\u00fcl\u00fc,\u00a0DFC3C ile birlikte<\/li>\n<li><b>\u00dcr\u00fcn Kodu<\/b>: WS-X6708-10G-3C<\/li>\n<li><strong>Ba\u011flant\u0131 Tipi:<\/strong>\u00a0 8 port 10 Gigabit Ethernet\u00a0Fiber<\/li>\n<li><strong>Switch Fabric Ba\u011flant\u0131s\u0131:<\/strong>80 Gbps full duplex<\/li>\n<li><strong>Uyumlu Optikler: <\/strong>X2 ve\u00a0XENPAK<\/li>\n<\/ul>\n","protected":false},"excerpt":{"rendered":"<p>\u00dcr\u00fcn A\u00e7\u0131klamas\u0131: Cisco Catalyst 6500\u00a08-Port 10 Gigabit Ethernet Fiber Mod\u00fcl\u00fc,\u00a0DFC3C ile birlikte \u00dcr\u00fcn [&hellip;]<\/p>\n","protected":false},"featured_media":13620,"comment_status":"open","ping_status":"closed","template":"","meta":{"_monsterinsights_skip_tracking":false,"_monsterinsights_sitenote_active":false,"_monsterinsights_sitenote_note":"","_monsterinsights_sitenote_category":0},"aioseo_notices":[],"_links":{"self":[{"href":"https:\/\/www.elektradata.com\/en\/wp-json\/wp\/v2\/product\/13617"}],"collection":[{"href":"https:\/\/www.elektradata.com\/en\/wp-json\/wp\/v2\/product"}],"about":[{"href":"https:\/\/www.elektradata.com\/en\/wp-json\/wp\/v2\/types\/product"}],"replies":[{"embeddable":true,"href":"https:\/\/www.elektradata.com\/en\/wp-json\/wp\/v2\/comments?post=13617"}],"wp:featuredmedia":[{"embeddable":true,"href":"https:\/\/www.elektradata.com\/en\/wp-json\/wp\/v2\/media\/13620"}],"wp:attachment":[{"href":"https:\/\/www.elektradata.com\/en\/wp-json\/wp\/v2\/media?parent=13617"}],"curies":[{"name":"wp","href":"https:\/\/api.w.org\/{rel}","templated":true}]}}