{"id":13616,"date":"2017-04-05T15:18:39","date_gmt":"2017-04-05T15:18:39","guid":{"rendered":"http:\/\/www.elektradata.com\/?post_type=product&#038;p=13616"},"modified":"2017-04-05T15:18:39","modified_gmt":"2017-04-05T15:18:39","slug":"cisco-ws-x6816-10g-2txl-6800-serisi-10-gigabit-copper-modul","status":"publish","type":"product","link":"https:\/\/www.elektradata.com\/en\/urun\/cisco-ws-x6816-10g-2txl-6800-serisi-10-gigabit-copper-modul\/","title":{"rendered":"Cisco WS-X6816-10G-2TXL 6800 Serisi 10 Gigabit Copper Mod\u00fcl"},"content":{"rendered":"<ul>\n<li><b>\u00dcr\u00fcn A\u00e7\u0131klamas\u0131<\/b>: Cisco Catalyst 6800 Serisi\u00a016-port 10 Gigabit Ethernet Copper Mod\u00fcl\u00fc,\u00a0DFC4XL ile birlikte<\/li>\n<li><b>\u00dcr\u00fcn Kodu<\/b>: WS-X6816-10T-2TXL<\/li>\n<li><strong>Ba\u011flant\u0131 Tipi:<\/strong>\u00a0 16 port 10 Gigabit Ethernet Copper<\/li>\n<li><strong>Switch Fabric Ba\u011flant\u0131s\u0131:<\/strong>\u00a020 Gbps full duplex<\/li>\n<\/ul>\n","protected":false},"excerpt":{"rendered":"<p>\u00dcr\u00fcn A\u00e7\u0131klamas\u0131: Cisco Catalyst 6800 Serisi\u00a016-port 10 Gigabit Ethernet Copper Mod\u00fcl\u00fc,\u00a0DFC4XL ile birlikte [&hellip;]<\/p>\n","protected":false},"featured_media":13615,"comment_status":"open","ping_status":"closed","template":"","meta":{"_monsterinsights_skip_tracking":false,"_monsterinsights_sitenote_active":false,"_monsterinsights_sitenote_note":"","_monsterinsights_sitenote_category":0},"aioseo_notices":[],"_links":{"self":[{"href":"https:\/\/www.elektradata.com\/en\/wp-json\/wp\/v2\/product\/13616"}],"collection":[{"href":"https:\/\/www.elektradata.com\/en\/wp-json\/wp\/v2\/product"}],"about":[{"href":"https:\/\/www.elektradata.com\/en\/wp-json\/wp\/v2\/types\/product"}],"replies":[{"embeddable":true,"href":"https:\/\/www.elektradata.com\/en\/wp-json\/wp\/v2\/comments?post=13616"}],"wp:featuredmedia":[{"embeddable":true,"href":"https:\/\/www.elektradata.com\/en\/wp-json\/wp\/v2\/media\/13615"}],"wp:attachment":[{"href":"https:\/\/www.elektradata.com\/en\/wp-json\/wp\/v2\/media?parent=13616"}],"curies":[{"name":"wp","href":"https:\/\/api.w.org\/{rel}","templated":true}]}}