{"id":13611,"date":"2017-04-05T15:05:18","date_gmt":"2017-04-05T15:05:18","guid":{"rendered":"http:\/\/www.elektradata.com\/?post_type=product&#038;p=13611"},"modified":"2017-04-05T15:05:18","modified_gmt":"2017-04-05T15:05:18","slug":"cisco-ws-x6824-sfp-2txl-6800-serisi-fiber-modul","status":"publish","type":"product","link":"https:\/\/www.elektradata.com\/en\/urun\/cisco-ws-x6824-sfp-2txl-6800-serisi-fiber-modul\/","title":{"rendered":"Cisco WS-X6824-SFP-2TXL 6800 Serisi Fiber Mod\u00fcl"},"content":{"rendered":"<ul>\n<li><b>\u00dcr\u00fcn A\u00e7\u0131klamas\u0131<\/b>: Cisco Catalyst 6800 Serisi 24 port SFP Gigabit Ethernet Fiber Mod\u00fcl\u00fc, DFC4XL ile birlikte<\/li>\n<li><b>\u00dcr\u00fcn Kodu<\/b>: WS-X6824-SFP-2TXL<\/li>\n<li><strong>Ba\u011flant\u0131 Tipi:<\/strong>\u00a0 24 port Gigabit Ethernet\u00a0Fiber<\/li>\n<li><strong>Switch Fabric Ba\u011flant\u0131s\u0131:<\/strong>\u00a020 Gbps full duplex<\/li>\n<li><strong>Uyumlu Optikler:<\/strong> SFP: 1000BASE-SX, LX\/LH, -ZX, -T; 1000BASE-CWDM; LC connecter<\/li>\n<\/ul>\n","protected":false},"excerpt":{"rendered":"<p>\u00dcr\u00fcn A\u00e7\u0131klamas\u0131: Cisco Catalyst 6800 Serisi 24 port SFP Gigabit Ethernet Fiber Mod\u00fcl\u00fc, [&hellip;]<\/p>\n","protected":false},"featured_media":13612,"comment_status":"open","ping_status":"closed","template":"","meta":{"_monsterinsights_skip_tracking":false,"_monsterinsights_sitenote_active":false,"_monsterinsights_sitenote_note":"","_monsterinsights_sitenote_category":0},"aioseo_notices":[],"_links":{"self":[{"href":"https:\/\/www.elektradata.com\/en\/wp-json\/wp\/v2\/product\/13611"}],"collection":[{"href":"https:\/\/www.elektradata.com\/en\/wp-json\/wp\/v2\/product"}],"about":[{"href":"https:\/\/www.elektradata.com\/en\/wp-json\/wp\/v2\/types\/product"}],"replies":[{"embeddable":true,"href":"https:\/\/www.elektradata.com\/en\/wp-json\/wp\/v2\/comments?post=13611"}],"wp:featuredmedia":[{"embeddable":true,"href":"https:\/\/www.elektradata.com\/en\/wp-json\/wp\/v2\/media\/13612"}],"wp:attachment":[{"href":"https:\/\/www.elektradata.com\/en\/wp-json\/wp\/v2\/media?parent=13611"}],"curies":[{"name":"wp","href":"https:\/\/api.w.org\/{rel}","templated":true}]}}