{"id":13605,"date":"2017-04-05T14:15:30","date_gmt":"2017-04-05T14:15:30","guid":{"rendered":"http:\/\/www.elektradata.com\/?post_type=product&#038;p=13605"},"modified":"2017-04-07T13:28:25","modified_gmt":"2017-04-07T13:28:25","slug":"cisco-isr4321k9-4321-integrated-services-router","status":"publish","type":"product","link":"https:\/\/www.elektradata.com\/en\/urun\/cisco-isr4321k9-4321-integrated-services-router\/","title":{"rendered":"Cisco ISR4321\/K9 4321 Integrated Services Router"},"content":{"rendered":"<ul>\n<li><b>\u00dcr\u00fcn A\u00e7\u0131klamas\u0131<\/b>: Cisco 4321 G\u00fcvenlik Lisansl\u0131 2x WAN Port Integrated Services Router<\/li>\n<li><strong>\u00dcr\u00fcn Kodu<\/strong>: ISR4321\/K9<\/li>\n<li><b>Cihaz Tipi<\/b>: 4300\u00a0Serisi Integrated Services Router<\/li>\n<li><strong>Muhafaza Bi\u00e7imi<\/strong>: Rafa monte 1U, Desktop<\/li>\n<li><b>Kapasite\/performans<\/b><span style=\"font-weight: 400;\">: 50 Mbps &#8211; 100 Mbps throughput<\/span><\/li>\n<li><strong>Y\u00f6nlendirme Protokolleri<\/strong>:\u00a0BGP , DVMRP , EIGRP , GRE , IGMPv3 , IPv4-to-IPv6 Multicast , IS-IS , OSPF , PIM-SM , PIM-SSM , Policy-based routing (PBR) , RIP-1 , RIP-2 , Static IPv4 routing , Static IPv6 routing<\/li>\n<li><b>\u00d6zellikler:<\/b>\u00a0K9 g\u00fcvenli \u015fifreleme, 2x\u00a0GE port, 1x SFP port, 2x mod\u00fcl yuvas\u0131, 1x Integrated Services Card (ISC)\u00a0yuvas\u0131, 4 GB flash memory (max 8GB) , 4 GB DRAM (max 8GB), Type A ve B USB port, 1x auxiliary port, 1x serial konsol port, ACL deste\u011fi, CBWFQ, IPFIX, IPv6 deste\u011fi, NetFlow, QoS, RADIUS deste\u011fi, Syslog deste\u011fi, VLAN deste\u011fi, VPN deste\u011fi, WRED<\/li>\n<\/ul>\n","protected":false},"excerpt":{"rendered":"<p>\u00dcr\u00fcn A\u00e7\u0131klamas\u0131: Cisco 4321 G\u00fcvenlik Lisansl\u0131 2x WAN Port Integrated Services Router \u00dcr\u00fcn [&hellip;]<\/p>\n","protected":false},"featured_media":13606,"comment_status":"open","ping_status":"closed","template":"","meta":{"_monsterinsights_skip_tracking":false,"_monsterinsights_sitenote_active":false,"_monsterinsights_sitenote_note":"","_monsterinsights_sitenote_category":0},"aioseo_notices":[],"_links":{"self":[{"href":"https:\/\/www.elektradata.com\/en\/wp-json\/wp\/v2\/product\/13605"}],"collection":[{"href":"https:\/\/www.elektradata.com\/en\/wp-json\/wp\/v2\/product"}],"about":[{"href":"https:\/\/www.elektradata.com\/en\/wp-json\/wp\/v2\/types\/product"}],"replies":[{"embeddable":true,"href":"https:\/\/www.elektradata.com\/en\/wp-json\/wp\/v2\/comments?post=13605"}],"wp:featuredmedia":[{"embeddable":true,"href":"https:\/\/www.elektradata.com\/en\/wp-json\/wp\/v2\/media\/13606"}],"wp:attachment":[{"href":"https:\/\/www.elektradata.com\/en\/wp-json\/wp\/v2\/media?parent=13605"}],"curies":[{"name":"wp","href":"https:\/\/api.w.org\/{rel}","templated":true}]}}