{"id":13600,"date":"2017-04-05T13:35:16","date_gmt":"2017-04-05T13:35:16","guid":{"rendered":"http:\/\/www.elektradata.com\/?post_type=product&#038;p=13600"},"modified":"2017-04-07T07:48:31","modified_gmt":"2017-04-07T07:48:31","slug":"cisco-ws-x6904-40g-2t-fiber-modul-2","status":"publish","type":"product","link":"https:\/\/www.elektradata.com\/en\/urun\/cisco-ws-x6904-40g-2t-fiber-modul-2\/","title":{"rendered":"Cisco WS-X6904-40G-2T Fiber Mod\u00fcl"},"content":{"rendered":"<ul>\n<li><b>\u00dcr\u00fcn A\u00e7\u0131klamas\u0131<\/b><span style=\"font-weight: 400;\">: Cisco Catalyst 6900 Serisi 4-Port 40 Gigabit Ethernet Fiber Mod\u00fcl\u00fc, DFC4 ile birlikte<\/span><\/li>\n<li><b>\u00dcr\u00fcn Kodu<\/b><span style=\"font-weight: 400;\">: <\/span>WS-X6904-40G-2T<\/li>\n<li><strong>Ba\u011flant\u0131 Tipi:<\/strong>\u00a0 4 x 40 Gigabit Ethernet\/16 x 10 Gigabit Ethernet Fiber Ba\u011flant\u0131<\/li>\n<li><strong>Switch Fabric Ba\u011flant\u0131s\u0131:<\/strong>\u00a080 Gbps full duplex<\/li>\n<li><strong>Uyumlu Optikler:<\/strong> CFP-40G-LR4, 40G-CFP-SR4, FourX converter for 10 Gigabit Ethernet SFP+<\/li>\n<li><strong>Uyumluluk<\/strong>:\u00a0Catalyst 6503-E, 6504-E, 6506-E, 6506-E IDSM-2, 6509-E, 6509-E 10Gig, 6513-E<\/li>\n<\/ul>\n","protected":false},"excerpt":{"rendered":"<p>\u00dcr\u00fcn A\u00e7\u0131klamas\u0131: Cisco Catalyst 6900 Serisi 4-Port 40 Gigabit Ethernet Fiber Mod\u00fcl\u00fc, DFC4 [&hellip;]<\/p>\n","protected":false},"featured_media":13599,"comment_status":"open","ping_status":"closed","template":"","meta":{"_monsterinsights_skip_tracking":false,"_monsterinsights_sitenote_active":false,"_monsterinsights_sitenote_note":"","_monsterinsights_sitenote_category":0},"aioseo_notices":[],"_links":{"self":[{"href":"https:\/\/www.elektradata.com\/en\/wp-json\/wp\/v2\/product\/13600"}],"collection":[{"href":"https:\/\/www.elektradata.com\/en\/wp-json\/wp\/v2\/product"}],"about":[{"href":"https:\/\/www.elektradata.com\/en\/wp-json\/wp\/v2\/types\/product"}],"replies":[{"embeddable":true,"href":"https:\/\/www.elektradata.com\/en\/wp-json\/wp\/v2\/comments?post=13600"}],"wp:featuredmedia":[{"embeddable":true,"href":"https:\/\/www.elektradata.com\/en\/wp-json\/wp\/v2\/media\/13599"}],"wp:attachment":[{"href":"https:\/\/www.elektradata.com\/en\/wp-json\/wp\/v2\/media?parent=13600"}],"curies":[{"name":"wp","href":"https:\/\/api.w.org\/{rel}","templated":true}]}}