{"id":13595,"date":"2017-04-05T13:15:42","date_gmt":"2017-04-05T13:15:42","guid":{"rendered":"http:\/\/www.elektradata.com\/?post_type=product&#038;p=13595"},"modified":"2017-04-05T13:22:04","modified_gmt":"2017-04-05T13:22:04","slug":"cisco-ehwic-4esg-etherswitch-card","status":"publish","type":"product","link":"https:\/\/www.elektradata.com\/en\/urun\/cisco-ehwic-4esg-etherswitch-card\/","title":{"rendered":"Cisco EHWIC-4ESG EtherSwitch Card"},"content":{"rendered":"<ul>\n<li><b>\u00dcr\u00fcn A\u00e7\u0131klamas\u0131<\/b><span style=\"font-weight: 400;\">: <\/span>4-port Cisco Gigabit EtherSwitch 10\/100\/1000BASE-TX autosensing EHWIC card<\/li>\n<li><b>\u00dcr\u00fcn Kodu<\/b><span style=\"font-weight: 400;\">: EHWIC-4ESG<\/span><\/li>\n<li><strong>Desteklenen Patformlar:<\/strong><\/li>\n<\/ul>\n<table width=\"760\">\n<tbody>\n<tr style=\"font-style: inherit; font-weight: inherit;\">\n<td style=\"font-style: inherit; font-weight: inherit;\" width=\"120\"><\/td>\n<td style=\"font-style: inherit; font-weight: inherit;\" width=\"64\">Cisco 1921<\/td>\n<td style=\"font-style: inherit; font-weight: inherit;\" width=\"64\">Cisco 1941|W<\/td>\n<td style=\"font-style: inherit; font-weight: inherit;\" width=\"64\">Cisco 2901<\/td>\n<td style=\"font-style: inherit; font-weight: inherit;\" width=\"64\">Cisco 2911<\/td>\n<td style=\"font-style: inherit; font-weight: inherit;\" width=\"64\">Cisco 2921<\/td>\n<td style=\"font-style: inherit; font-weight: inherit;\" width=\"64\">Cisco 2951<\/td>\n<td style=\"font-style: inherit; font-weight: inherit;\" width=\"64\">Cisco 3925<\/td>\n<td style=\"font-style: inherit; font-weight: inherit;\" width=\"64\">Cisco 3925E<\/td>\n<td style=\"font-style: inherit; font-weight: inherit;\" width=\"64\">Cisco 3945<\/td>\n<td style=\"font-style: inherit; font-weight: inherit;\" width=\"64\">Cisco 3945E<\/td>\n<\/tr>\n<tr style=\"font-style: inherit; font-weight: inherit;\">\n<td style=\"font-style: inherit; font-weight: inherit;\" width=\"120\">EHWIC-4ESG<\/td>\n<td style=\"font-style: inherit; font-weight: inherit;\" width=\"64\">1<\/td>\n<td style=\"font-style: inherit; font-weight: inherit;\" width=\"64\">2<\/td>\n<td style=\"font-style: inherit; font-weight: inherit;\" width=\"64\">2<\/td>\n<td style=\"font-style: inherit; font-weight: inherit;\" width=\"64\">4<\/td>\n<td style=\"font-style: inherit; font-weight: inherit;\" width=\"64\">4<\/td>\n<td style=\"font-style: inherit; font-weight: inherit;\" width=\"64\">4<\/td>\n<td style=\"font-style: inherit; font-weight: inherit;\" width=\"64\">4<\/td>\n<td style=\"font-style: inherit; font-weight: inherit;\" width=\"64\">3<\/td>\n<td style=\"font-style: inherit; font-weight: inherit;\" width=\"64\">4<\/td>\n<td style=\"font-style: inherit; font-weight: inherit;\" width=\"64\">3<\/td>\n<\/tr>\n<\/tbody>\n<\/table>\n<p>&nbsp;<\/p>\n<ul>\n<li><strong>Desteklenen VLAN say\u0131lar\u0131:<\/strong><\/li>\n<\/ul>\n<table width=\"339\">\n<tbody>\n<tr>\n<td width=\"219\">Platform<\/td>\n<td style=\"font-style: inherit; font-weight: inherit;\" width=\"120\">VLANs<\/td>\n<\/tr>\n<tr style=\"font-style: inherit; font-weight: inherit;\">\n<td style=\"font-style: inherit; font-weight: inherit;\" width=\"219\">Cisco 1900 Integrated Services Router<\/td>\n<td style=\"font-style: inherit; font-weight: inherit;\" width=\"120\">16<\/td>\n<\/tr>\n<tr style=\"font-style: inherit; font-weight: inherit;\">\n<td style=\"font-style: inherit; font-weight: inherit;\" width=\"219\">Cisco 2901 Integrated Services Router<\/td>\n<td style=\"font-style: inherit; font-weight: inherit;\" width=\"120\">16<\/td>\n<\/tr>\n<tr style=\"font-style: inherit; font-weight: inherit;\">\n<td style=\"font-style: inherit; font-weight: inherit;\" width=\"219\">Cisco 2911 Integrated Services Router<\/td>\n<td style=\"font-style: inherit; font-weight: inherit;\" width=\"120\">32<\/td>\n<\/tr>\n<tr style=\"font-style: inherit; font-weight: inherit;\">\n<td style=\"font-style: inherit; font-weight: inherit;\" width=\"219\">Cisco 2921, 2951, and 3925 Integrated Services Routers<\/td>\n<td style=\"font-style: inherit; font-weight: inherit;\" width=\"120\">48<\/td>\n<\/tr>\n<tr style=\"font-style: inherit; font-weight: inherit;\">\n<td style=\"font-style: inherit; font-weight: inherit;\" width=\"219\">Cisco 3945 Integrated Services Router<\/td>\n<td style=\"font-style: inherit; font-weight: inherit;\" width=\"120\">64<\/td>\n<\/tr>\n<tr style=\"font-style: inherit; font-weight: inherit;\">\n<td style=\"font-style: inherit; font-weight: inherit;\" width=\"219\">Cisco 3925E and 3945E Integrated Services Routers<\/td>\n<td style=\"font-style: inherit; font-weight: inherit;\" width=\"120\">64<\/td>\n<\/tr>\n<\/tbody>\n<\/table>\n","protected":false},"excerpt":{"rendered":"<p>\u00dcr\u00fcn A\u00e7\u0131klamas\u0131: 4-port Cisco Gigabit EtherSwitch 10\/100\/1000BASE-TX autosensing EHWIC card \u00dcr\u00fcn Kodu: EHWIC-4ESG [&hellip;]<\/p>\n","protected":false},"featured_media":13596,"comment_status":"open","ping_status":"closed","template":"","meta":{"_monsterinsights_skip_tracking":false,"_monsterinsights_sitenote_active":false,"_monsterinsights_sitenote_note":"","_monsterinsights_sitenote_category":0},"aioseo_notices":[],"_links":{"self":[{"href":"https:\/\/www.elektradata.com\/en\/wp-json\/wp\/v2\/product\/13595"}],"collection":[{"href":"https:\/\/www.elektradata.com\/en\/wp-json\/wp\/v2\/product"}],"about":[{"href":"https:\/\/www.elektradata.com\/en\/wp-json\/wp\/v2\/types\/product"}],"replies":[{"embeddable":true,"href":"https:\/\/www.elektradata.com\/en\/wp-json\/wp\/v2\/comments?post=13595"}],"wp:featuredmedia":[{"embeddable":true,"href":"https:\/\/www.elektradata.com\/en\/wp-json\/wp\/v2\/media\/13596"}],"wp:attachment":[{"href":"https:\/\/www.elektradata.com\/en\/wp-json\/wp\/v2\/media?parent=13595"}],"curies":[{"name":"wp","href":"https:\/\/api.w.org\/{rel}","templated":true}]}}