{"id":13587,"date":"2017-04-05T12:49:33","date_gmt":"2017-04-05T12:49:33","guid":{"rendered":"http:\/\/www.elektradata.com\/?post_type=product&#038;p=13587"},"modified":"2017-04-05T12:49:48","modified_gmt":"2017-04-05T12:49:48","slug":"cisco-industrial-iem-3000-4sm-4-port-sfp-switch-modulu","status":"publish","type":"product","link":"https:\/\/www.elektradata.com\/en\/urun\/cisco-industrial-iem-3000-4sm-4-port-sfp-switch-modulu\/","title":{"rendered":"Cisco Industrial IEM-3000-4SM 4 Port SFP Switch Mod\u00fcl\u00fc"},"content":{"rendered":"<ul>\n<li><b>\u00dcr\u00fcn A\u00e7\u0131klamas\u0131<\/b>: Cisco\u00a0End\u00fcstriyel Kullan\u0131m IEM-3000 4 port SFP\u00a0Ethernet Switch Geni\u015fletme Mod\u00fcl\u00fc<\/li>\n<li><strong>\u00dcr\u00fcn Kodu<\/strong>: \u00a0IEM-3000-4SM<\/li>\n<li><b>Cihaz Tipi<\/b>: Cisco Industrial Ethernet 3000 Switch Expansion Module<\/li>\n<li><strong>Muhafaza Bi\u00e7imi<\/strong>:\u00a0DIN rail \u2013 rayl\u0131 montaj<\/li>\n<li><b>Teknik \u00d6zellikler<\/b>: 4x 100Mb SFP\u00a0port<\/li>\n<li><strong>Uyumluluk<\/strong>:\u00a0 IE-3000-4TC, IE-3000-8TC, IE-3000-4TC-E\u00a0ve IE-3000-8TC-E End\u00fcstriyel Switchler<\/li>\n<\/ul>\n","protected":false},"excerpt":{"rendered":"<p>\u00dcr\u00fcn A\u00e7\u0131klamas\u0131: Cisco\u00a0End\u00fcstriyel Kullan\u0131m IEM-3000 4 port SFP\u00a0Ethernet Switch Geni\u015fletme Mod\u00fcl\u00fc \u00dcr\u00fcn Kodu: [&hellip;]<\/p>\n","protected":false},"featured_media":13590,"comment_status":"open","ping_status":"closed","template":"","meta":{"_monsterinsights_skip_tracking":false,"_monsterinsights_sitenote_active":false,"_monsterinsights_sitenote_note":"","_monsterinsights_sitenote_category":0},"aioseo_notices":[],"_links":{"self":[{"href":"https:\/\/www.elektradata.com\/en\/wp-json\/wp\/v2\/product\/13587"}],"collection":[{"href":"https:\/\/www.elektradata.com\/en\/wp-json\/wp\/v2\/product"}],"about":[{"href":"https:\/\/www.elektradata.com\/en\/wp-json\/wp\/v2\/types\/product"}],"replies":[{"embeddable":true,"href":"https:\/\/www.elektradata.com\/en\/wp-json\/wp\/v2\/comments?post=13587"}],"wp:featuredmedia":[{"embeddable":true,"href":"https:\/\/www.elektradata.com\/en\/wp-json\/wp\/v2\/media\/13590"}],"wp:attachment":[{"href":"https:\/\/www.elektradata.com\/en\/wp-json\/wp\/v2\/media?parent=13587"}],"curies":[{"name":"wp","href":"https:\/\/api.w.org\/{rel}","templated":true}]}}