{"id":13582,"date":"2017-04-05T12:22:13","date_gmt":"2017-04-05T12:22:13","guid":{"rendered":"http:\/\/www.elektradata.com\/?post_type=product&#038;p=13582"},"modified":"2017-04-05T12:34:56","modified_gmt":"2017-04-05T12:34:56","slug":"cisco-industrial-iem-3000-4pc-4tc-8-port-modul","status":"publish","type":"product","link":"https:\/\/www.elektradata.com\/en\/urun\/cisco-industrial-iem-3000-4pc-4tc-8-port-modul\/","title":{"rendered":"Cisco Industrial IEM-3000-4PC-4TC 8 Port Mod\u00fcl"},"content":{"rendered":"<ul>\n<li><b>\u00dcr\u00fcn A\u00e7\u0131klamas\u0131<\/b>: Cisco\u00a0End\u00fcstriyel Kullan\u0131m IEM-3000 4 port PoE\/PoE+ 4 port non-PoE\u00a0Ethernet Switch Geni\u015fletme Mod\u00fcl\u00fc<\/li>\n<li><strong>\u00dcr\u00fcn Kodu<\/strong>: IEM-3000-4PC-4TC<\/li>\n<li><b>Cihaz Tipi<\/b>: Cisco Industrial Ethernet 3000 Switch Expansion Module<\/li>\n<li><strong>Muhafaza Bi\u00e7imi<\/strong>:\u00a0DIN rail \u2013 rayl\u0131 montaj<\/li>\n<li><b>Teknik \u00d6zellikler<\/b>: 4x\u00a010\/100 Ethernet RJ45 PoE\/PoE+ port, 4x 10\/100 Ethernet RJ45 non-PoE port<\/li>\n<li><strong>Uyumluluk<\/strong>:\u00a0 IE-3000-4TC, IE-3000-8TC, IE-3000-4TC-E\u00a0ve IE-3000-8TC-E End\u00fcstriyel Switchler<\/li>\n<\/ul>\n","protected":false},"excerpt":{"rendered":"<p>\u00dcr\u00fcn A\u00e7\u0131klamas\u0131: Cisco\u00a0End\u00fcstriyel Kullan\u0131m IEM-3000 4 port PoE\/PoE+ 4 port non-PoE\u00a0Ethernet Switch Geni\u015fletme [&hellip;]<\/p>\n","protected":false},"featured_media":13584,"comment_status":"open","ping_status":"closed","template":"","meta":{"_monsterinsights_skip_tracking":false,"_monsterinsights_sitenote_active":false,"_monsterinsights_sitenote_note":"","_monsterinsights_sitenote_category":0},"aioseo_notices":[],"_links":{"self":[{"href":"https:\/\/www.elektradata.com\/en\/wp-json\/wp\/v2\/product\/13582"}],"collection":[{"href":"https:\/\/www.elektradata.com\/en\/wp-json\/wp\/v2\/product"}],"about":[{"href":"https:\/\/www.elektradata.com\/en\/wp-json\/wp\/v2\/types\/product"}],"replies":[{"embeddable":true,"href":"https:\/\/www.elektradata.com\/en\/wp-json\/wp\/v2\/comments?post=13582"}],"wp:featuredmedia":[{"embeddable":true,"href":"https:\/\/www.elektradata.com\/en\/wp-json\/wp\/v2\/media\/13584"}],"wp:attachment":[{"href":"https:\/\/www.elektradata.com\/en\/wp-json\/wp\/v2\/media?parent=13582"}],"curies":[{"name":"wp","href":"https:\/\/api.w.org\/{rel}","templated":true}]}}