{"id":13580,"date":"2017-04-05T11:31:44","date_gmt":"2017-04-05T11:31:44","guid":{"rendered":"http:\/\/www.elektradata.com\/?post_type=product&#038;p=13580"},"modified":"2017-04-05T11:32:40","modified_gmt":"2017-04-05T11:32:40","slug":"cisco-industrial-ie-3000-8tc-8-port-yonetilebilir-ethernet-switch","status":"publish","type":"product","link":"https:\/\/www.elektradata.com\/en\/urun\/cisco-industrial-ie-3000-8tc-8-port-yonetilebilir-ethernet-switch\/","title":{"rendered":"Cisco Industrial IE-3000-8TC 8 Port Y\u00f6netilebilir Ethernet Switch"},"content":{"rendered":"<ul>\n<li><b>\u00dcr\u00fcn A\u00e7\u0131klamas\u0131<\/b>: Cisco\u00a0End\u00fcstriyel Kullan\u0131m 8 Port IE 3000-8TC Ethernet Switch<\/li>\n<li><strong>\u00dcr\u00fcn Kodu<\/strong>: IE-3000-8TC<\/li>\n<li><b>Cihaz Tipi<\/b>: Cisco Industrial Ethernet 3000 8 portlu switch<\/li>\n<li><strong>Muhafaza Bi\u00e7imi<\/strong>:\u00a0DIN rail &#8211; rayl\u0131 montaj<\/li>\n<li><b>Teknik \u00d6zellikler<\/b>: 8x\u00a010\/100 Ethernet RJ45 PoE+ LAN port, 2x Gigabit SFP uplink Port, 2 adet geni\u015fletme yuvas\u0131, 1025WAC power supply, Layer 3\u00a0switching, ARP deste\u011fi, trunking, VLAN deste\u011fi, Access Control List (ACL) deste\u011fi, Broadcast Storm Control, DHCP snooping, Dynamic ARP Inspection (DAI), IGMP snooping, Spanning Tree Protocol (RSTP) deste\u011fi, MAC adres filtreleme, Multicast Storm Control, Unicast Storm Control, Quality of Service<\/li>\n<\/ul>\n","protected":false},"excerpt":{"rendered":"<p>\u00dcr\u00fcn A\u00e7\u0131klamas\u0131: Cisco\u00a0End\u00fcstriyel Kullan\u0131m 8 Port IE 3000-8TC Ethernet Switch \u00dcr\u00fcn Kodu: IE-3000-8TC [&hellip;]<\/p>\n","protected":false},"featured_media":13581,"comment_status":"open","ping_status":"closed","template":"","meta":{"_monsterinsights_skip_tracking":false,"_monsterinsights_sitenote_active":false,"_monsterinsights_sitenote_note":"","_monsterinsights_sitenote_category":0},"aioseo_notices":[],"_links":{"self":[{"href":"https:\/\/www.elektradata.com\/en\/wp-json\/wp\/v2\/product\/13580"}],"collection":[{"href":"https:\/\/www.elektradata.com\/en\/wp-json\/wp\/v2\/product"}],"about":[{"href":"https:\/\/www.elektradata.com\/en\/wp-json\/wp\/v2\/types\/product"}],"replies":[{"embeddable":true,"href":"https:\/\/www.elektradata.com\/en\/wp-json\/wp\/v2\/comments?post=13580"}],"wp:featuredmedia":[{"embeddable":true,"href":"https:\/\/www.elektradata.com\/en\/wp-json\/wp\/v2\/media\/13581"}],"wp:attachment":[{"href":"https:\/\/www.elektradata.com\/en\/wp-json\/wp\/v2\/media?parent=13580"}],"curies":[{"name":"wp","href":"https:\/\/api.w.org\/{rel}","templated":true}]}}