{"id":13569,"date":"2017-04-05T09:38:00","date_gmt":"2017-04-05T09:38:00","guid":{"rendered":"http:\/\/www.elektradata.com\/urunler\/ag-urunleri\/cisco-hwic-8a-s-232-16-port-async-sync-seri-wan-karti\/"},"modified":"2017-04-05T12:36:02","modified_gmt":"2017-04-05T12:36:02","slug":"cisco-hwic-8a-s-232-8-port-seri-wan-karti","status":"publish","type":"product","link":"https:\/\/www.elektradata.com\/en\/urun\/cisco-hwic-8a-s-232-8-port-seri-wan-karti\/","title":{"rendered":"Cisco HWIC-8A\/S-232 8-Port Seri WAN Kart\u0131"},"content":{"rendered":"<ul>\n<li><b>\u00dcr\u00fcn A\u00e7\u0131klamas\u0131<\/b>: Cisco HWIC 8 portlu Async\/Sync Serial WAN Aray\u00fcz Kart\u0131<\/li>\n<li><strong>\u00dcr\u00fcn Kodu<\/strong>: HWIC-8A\/S-232<\/li>\n<li><b>Cihaz Tipi<\/b>: 8-Port Asynchronous\/Synchronous high speed WAN interface card<\/li>\n<li><b>\u00d6zellikler:<\/b>\u00a0EIA-232 seri ba\u011flant\u0131 protokol\u00fc, asenkron her bir port i\u00e7in 230.4 kbps max h\u0131z, senkron her bir port i\u00e7in 256 kbps max h\u0131z<\/li>\n<li><strong>Uyumluluk<\/strong>:\n<ul>\n<li>Cisco 1841 ISR<\/li>\n<li>Cisco 1941 ISR<\/li>\n<li>Cisco 2800\u00a0serisi router<\/li>\n<li>Cisco 2900 serisi router<\/li>\n<li>Cisco 3800 serisi\u00a0router<\/li>\n<li>Cisco 3900 serisi router<\/li>\n<\/ul>\n<\/li>\n<\/ul>\n","protected":false},"excerpt":{"rendered":"<p>\u00dcr\u00fcn A\u00e7\u0131klamas\u0131: Cisco HWIC 8 portlu Async\/Sync Serial WAN Aray\u00fcz Kart\u0131 \u00dcr\u00fcn Kodu: [&hellip;]<\/p>\n","protected":false},"featured_media":13571,"comment_status":"open","ping_status":"closed","template":"","meta":{"_monsterinsights_skip_tracking":false,"_monsterinsights_sitenote_active":false,"_monsterinsights_sitenote_note":"","_monsterinsights_sitenote_category":0},"aioseo_notices":[],"_links":{"self":[{"href":"https:\/\/www.elektradata.com\/en\/wp-json\/wp\/v2\/product\/13569"}],"collection":[{"href":"https:\/\/www.elektradata.com\/en\/wp-json\/wp\/v2\/product"}],"about":[{"href":"https:\/\/www.elektradata.com\/en\/wp-json\/wp\/v2\/types\/product"}],"replies":[{"embeddable":true,"href":"https:\/\/www.elektradata.com\/en\/wp-json\/wp\/v2\/comments?post=13569"}],"wp:featuredmedia":[{"embeddable":true,"href":"https:\/\/www.elektradata.com\/en\/wp-json\/wp\/v2\/media\/13571"}],"wp:attachment":[{"href":"https:\/\/www.elektradata.com\/en\/wp-json\/wp\/v2\/media?parent=13569"}],"curies":[{"name":"wp","href":"https:\/\/api.w.org\/{rel}","templated":true}]}}