{"id":13559,"date":"2017-04-05T08:53:46","date_gmt":"2017-04-05T08:53:46","guid":{"rendered":"http:\/\/www.elektradata.com\/?post_type=product&#038;p=13559"},"modified":"2017-04-05T09:55:41","modified_gmt":"2017-04-05T09:55:41","slug":"cisco-hwic-16a-16-port-async-seri-wan-karti","status":"publish","type":"product","link":"https:\/\/www.elektradata.com\/en\/urun\/cisco-hwic-16a-16-port-async-seri-wan-karti\/","title":{"rendered":"Cisco HWIC-16A 16-Port Async Seri WAN Kart\u0131"},"content":{"rendered":"<ul>\n<li><b>\u00dcr\u00fcn A\u00e7\u0131klamas\u0131<\/b>: Cisco HWIC 16 portlu Asenkron\u00a0Serial WAN Aray\u00fcz Kart\u0131<\/li>\n<li><strong>\u00dcr\u00fcn Kodu<\/strong>: HWIC-16A<\/li>\n<li><b>Cihaz Tipi<\/b>:\u00a016-Port Asynchronous high speed WAN interface card<\/li>\n<li><b>\u00d6zellikler:<\/b>\u00a0EIA-232 seri ba\u011flant\u0131 protokol\u00fc, her bir port i\u00e7in 230.4 kbps max h\u0131z<\/li>\n<li><strong>Uyumluluk<\/strong>:\n<ul>\n<li>Cisco 2800\u00a0serisi router<\/li>\n<li>Cisco 2900 serisi router<\/li>\n<li>Cisco 3800 serisi\u00a0router<\/li>\n<li>Cisco 3900 serisi router<\/li>\n<\/ul>\n<\/li>\n<\/ul>\n","protected":false},"excerpt":{"rendered":"<p>\u00dcr\u00fcn A\u00e7\u0131klamas\u0131: Cisco HWIC 16 portlu Asenkron\u00a0Serial WAN Aray\u00fcz Kart\u0131 \u00dcr\u00fcn Kodu: HWIC-16A [&hellip;]<\/p>\n","protected":false},"featured_media":13563,"comment_status":"open","ping_status":"closed","template":"","meta":{"_monsterinsights_skip_tracking":false,"_monsterinsights_sitenote_active":false,"_monsterinsights_sitenote_note":"","_monsterinsights_sitenote_category":0},"aioseo_notices":[],"_links":{"self":[{"href":"https:\/\/www.elektradata.com\/en\/wp-json\/wp\/v2\/product\/13559"}],"collection":[{"href":"https:\/\/www.elektradata.com\/en\/wp-json\/wp\/v2\/product"}],"about":[{"href":"https:\/\/www.elektradata.com\/en\/wp-json\/wp\/v2\/types\/product"}],"replies":[{"embeddable":true,"href":"https:\/\/www.elektradata.com\/en\/wp-json\/wp\/v2\/comments?post=13559"}],"wp:featuredmedia":[{"embeddable":true,"href":"https:\/\/www.elektradata.com\/en\/wp-json\/wp\/v2\/media\/13563"}],"wp:attachment":[{"href":"https:\/\/www.elektradata.com\/en\/wp-json\/wp\/v2\/media?parent=13559"}],"curies":[{"name":"wp","href":"https:\/\/api.w.org\/{rel}","templated":true}]}}