{"id":13546,"date":"2017-04-05T07:48:15","date_gmt":"2017-04-05T07:48:15","guid":{"rendered":"http:\/\/www.elektradata.com\/urunler\/devnull\/cisco-cts-sx20-phd4x-k9-telepresence-sx20-set\/"},"modified":"2017-04-05T07:59:28","modified_gmt":"2017-04-05T07:59:28","slug":"cisco-cts-sx20-phd4x-k9-telepresence-sx20-set","status":"publish","type":"product","link":"https:\/\/www.elektradata.com\/en\/urun\/cisco-cts-sx20-phd4x-k9-telepresence-sx20-set\/","title":{"rendered":"Cisco CTS-SX20-PHD4X-K9 TelePresence SX20 Set"},"content":{"rendered":"<ul>\n<li><b>\u00dcr\u00fcn A\u00e7\u0131klamas\u0131<\/b>: Cisco TelePresence SX20 4\u00a0Kameral\u0131 G\u00fcvenli \u0130leti\u015fim Video Konferans Seti<\/li>\n<li><strong>\u00dcr\u00fcn Kodu<\/strong>: CTS-SX20-PHD4X-K9<\/li>\n<li><b>Cihaz Tipi<\/b>: Cisco SX20 video konferans\u00a0sistemi<\/li>\n<li><b>Codec Deste\u011fi<\/b><span style=\"font-weight: 400;\">: G.711 , G.722 , G.722.1 , H.263 , H.263+ , H.264<\/span><\/li>\n<li><b>Sinyal Protokolleri<\/b><span style=\"font-weight: 400;\">:\u00a0H.323, SIP<\/span><\/li>\n<li><b>\u00d6zellikler:<\/b>\u00a04 adet 1080P HD kamera, TC7 yaz\u0131l\u0131m, 1 adet harici mikrofon, HDMI ba\u011flant\u0131, uzaktan kumanda, RJ45 a\u011f ba\u011flant\u0131s\u0131<\/li>\n<\/ul>\n","protected":false},"excerpt":{"rendered":"<p>\u00dcr\u00fcn A\u00e7\u0131klamas\u0131: Cisco TelePresence SX20 4\u00a0Kameral\u0131 G\u00fcvenli \u0130leti\u015fim Video Konferans Seti \u00dcr\u00fcn Kodu: [&hellip;]<\/p>\n","protected":false},"featured_media":13552,"comment_status":"open","ping_status":"closed","template":"","meta":{"_monsterinsights_skip_tracking":false,"_monsterinsights_sitenote_active":false,"_monsterinsights_sitenote_note":"","_monsterinsights_sitenote_category":0},"aioseo_notices":[],"_links":{"self":[{"href":"https:\/\/www.elektradata.com\/en\/wp-json\/wp\/v2\/product\/13546"}],"collection":[{"href":"https:\/\/www.elektradata.com\/en\/wp-json\/wp\/v2\/product"}],"about":[{"href":"https:\/\/www.elektradata.com\/en\/wp-json\/wp\/v2\/types\/product"}],"replies":[{"embeddable":true,"href":"https:\/\/www.elektradata.com\/en\/wp-json\/wp\/v2\/comments?post=13546"}],"wp:featuredmedia":[{"embeddable":true,"href":"https:\/\/www.elektradata.com\/en\/wp-json\/wp\/v2\/media\/13552"}],"wp:attachment":[{"href":"https:\/\/www.elektradata.com\/en\/wp-json\/wp\/v2\/media?parent=13546"}],"curies":[{"name":"wp","href":"https:\/\/api.w.org\/{rel}","templated":true}]}}