{"id":13523,"date":"2017-04-04T10:26:55","date_gmt":"2017-04-04T10:26:55","guid":{"rendered":"http:\/\/www.elektradata.com\/?post_type=product&#038;p=13523"},"modified":"2017-04-04T10:26:55","modified_gmt":"2017-04-04T10:26:55","slug":"cisco-cisco2911-vk9-isr-g2-voice-bundle-pvdm3-16","status":"publish","type":"product","link":"https:\/\/www.elektradata.com\/en\/urun\/cisco-cisco2911-vk9-isr-g2-voice-bundle-pvdm3-16\/","title":{"rendered":"Cisco CISCO2911-V\/K9 ISR G2 Voice Bundle &#8211; PVDM3-16"},"content":{"rendered":"<ul>\n<li><b>\u00dcr\u00fcn A\u00e7\u0131klamas\u0131<\/b>: Cisco 2911 Integrated Services Router, PVDM3-16 Ses i\u015fleme mod\u00fcl\u00fc i\u00e7erikli<\/li>\n<li><strong>\u00dcr\u00fcn Kodu<\/strong>: CISCO2911-V\/K9<\/li>\n<li><b>Cihaz Tipi<\/b>: Cisco 2900 serisi ISR, ses i\u015fleme mod\u00fcll\u00fc router<\/li>\n<li><strong>Muhafaza Bi\u00e7imi<\/strong>: Rafa monte 2U, Desktop<\/li>\n<li><b>Teknik \u00d6zellikler<\/b>:\u00a0Cisco CISCO2911-V\/K9, PVDM3-16 voice bundle, 3x GE port, 4x EHWIC yuvas\u0131, 3x USB port, 1x konsol port, 1x auxiliary port, Firewall korumas\u0131, VPN deste\u011fi,\u00a0CBWFQ, IPv6 deste\u011fi, MPLS deste\u011fi, Syslog deste\u011fi, WRED<\/li>\n<\/ul>\n","protected":false},"excerpt":{"rendered":"<p>\u00dcr\u00fcn A\u00e7\u0131klamas\u0131: Cisco 2911 Integrated Services Router, PVDM3-16 Ses i\u015fleme mod\u00fcl\u00fc i\u00e7erikli \u00dcr\u00fcn [&hellip;]<\/p>\n","protected":false},"featured_media":13524,"comment_status":"open","ping_status":"closed","template":"","meta":{"_monsterinsights_skip_tracking":false,"_monsterinsights_sitenote_active":false,"_monsterinsights_sitenote_note":"","_monsterinsights_sitenote_category":0},"aioseo_notices":[],"_links":{"self":[{"href":"https:\/\/www.elektradata.com\/en\/wp-json\/wp\/v2\/product\/13523"}],"collection":[{"href":"https:\/\/www.elektradata.com\/en\/wp-json\/wp\/v2\/product"}],"about":[{"href":"https:\/\/www.elektradata.com\/en\/wp-json\/wp\/v2\/types\/product"}],"replies":[{"embeddable":true,"href":"https:\/\/www.elektradata.com\/en\/wp-json\/wp\/v2\/comments?post=13523"}],"wp:featuredmedia":[{"embeddable":true,"href":"https:\/\/www.elektradata.com\/en\/wp-json\/wp\/v2\/media\/13524"}],"wp:attachment":[{"href":"https:\/\/www.elektradata.com\/en\/wp-json\/wp\/v2\/media?parent=13523"}],"curies":[{"name":"wp","href":"https:\/\/api.w.org\/{rel}","templated":true}]}}